{"id":701,"date":"2011-05-20T18:49:43","date_gmt":"2011-05-20T18:49:43","guid":{"rendered":"http:\/\/wpthemetestdata.wordpress.com\/?page_id=701"},"modified":"2023-11-07T11:38:36","modified_gmt":"2023-11-07T11:38:36","slug":"naslovnica","status":"publish","type":"page","link":"https:\/\/regeneracija.ba\/en\/","title":{"rendered":"Naslovnica"},"content":{"rendered":"\n\n<p>Kompanija \u201cRegeneracija d.o.o.\u201d Velika Kladu\u0161a osnovana je 2005 godine. Osnovna djelatnost je proizvodnja i instaliranje ure\u0111aja za pro\u010di\u0161\u0107avanje otpadnih i oborinskih voda i izradu vodovodnih sistema. Do danas je kompanija pro\u0161irila svoju djelatnost na odvodnju puteva i mostova.<\/p>\n<p>Zapo\u0161ljavamo preko 60 radnika koji predstavljaju jedan mlad i poletan tim koji u svom tehnolo\u0161kom procesu primjenjuju sve inovacije iz ove oblasti, posti\u017eu\u0107i respektabilnu produktivnost i kvalitet svojih proizvoda i usluga.<\/p>\n<p>Svi radni procesi do finalne izvedbe su popra\u0107eni sistemom upravljanja kvalitetom EN ISO 9001 koji je uveden 2008. a recertificiran 2012.<\/p>\n<p>Za\u0161tita i unapre\u0111enje okoli\u0161a i prirodnih resursa se provodi primjenom normi EN ISO 14 001 koji je uveden kao integrisani sistem upravljanja kvalitetom i za\u0161titom okoli\u0161a 2012.<\/p>\n<p>Svi proizvodi prilikom isporuke i ugradnje posjeduju predvi\u0111ene ateste, upustva za rukovanje i odr\u017eavanje<\/p>","protected":false},"excerpt":{"rendered":"<p>Kompanija \u201cRegeneracija d.o.o.\u201d Velika Kladu\u0161a osnovana je 2005 godine. Osnovna djelatnost je proizvodnja i instaliranje ure\u0111aja za pro\u010di\u0161\u0107avanje otpadnih i oborinskih voda i izradu vodovodnih sistema. Do danas je kompanija pro\u0161irila svoju djelatnost na odvodnju puteva i mostova. Zapo\u0161ljavamo preko<\/p>\n","protected":false},"author":1,"featured_media":0,"parent":0,"menu_order":0,"comment_status":"open","ping_status":"closed","template":"","meta":{"footnotes":""},"translation":{"provider":"WPGlobus","version":"2.12.2","language":"en","enabled_languages":["bs","en","de"],"languages":{"bs":{"title":true,"content":true,"excerpt":false},"en":{"title":false,"content":false,"excerpt":false},"de":{"title":false,"content":false,"excerpt":false}}},"acf":[],"_links":{"self":[{"href":"https:\/\/regeneracija.ba\/en\/wp-json\/wp\/v2\/pages\/701"}],"collection":[{"href":"https:\/\/regeneracija.ba\/en\/wp-json\/wp\/v2\/pages"}],"about":[{"href":"https:\/\/regeneracija.ba\/en\/wp-json\/wp\/v2\/types\/page"}],"author":[{"embeddable":true,"href":"https:\/\/regeneracija.ba\/en\/wp-json\/wp\/v2\/users\/1"}],"replies":[{"embeddable":true,"href":"https:\/\/regeneracija.ba\/en\/wp-json\/wp\/v2\/comments?post=701"}],"version-history":[{"count":7,"href":"https:\/\/regeneracija.ba\/en\/wp-json\/wp\/v2\/pages\/701\/revisions"}],"predecessor-version":[{"id":4197,"href":"https:\/\/regeneracija.ba\/en\/wp-json\/wp\/v2\/pages\/701\/revisions\/4197"}],"wp:attachment":[{"href":"https:\/\/regeneracija.ba\/en\/wp-json\/wp\/v2\/media?parent=701"}],"curies":[{"name":"wp","href":"https:\/\/api.w.org\/{rel}","templated":true}]}}