{"id":3157,"date":"2017-09-15T09:54:26","date_gmt":"2017-09-15T09:54:26","guid":{"rendered":"https:\/\/regeneracija.ba\/?page_id=3157"},"modified":"2018-05-30T18:46:50","modified_gmt":"2018-05-30T18:46:50","slug":"plasticni-spremnici","status":"publish","type":"page","link":"https:\/\/regeneracija.ba\/en\/proizvodi\/plasticni-spremnici\/","title":{"rendered":"Plasti\u010dni spremnici"},"content":{"rendered":"<p><img decoding=\"async\" loading=\"lazy\" class=\"aligncenter size-full wp-image-3182\" src=\"https:\/\/regeneracija.ba\/wp-content\/uploads\/2017\/09\/20170531_093038-2.jpg\" alt=\"\" width=\"1024\" height=\"576\" srcset=\"https:\/\/regeneracija.ba\/wp-content\/uploads\/2017\/09\/20170531_093038-2.jpg 1024w, https:\/\/regeneracija.ba\/wp-content\/uploads\/2017\/09\/20170531_093038-2-300x169.jpg 300w, https:\/\/regeneracija.ba\/wp-content\/uploads\/2017\/09\/20170531_093038-2-768x432.jpg 768w\" sizes=\"(max-width: 1024px) 100vw, 1024px\" \/><\/p>\n<p><span style=\"color: #3366ff; font-size: 14pt;\">Posude (spremnici) od termoplasti\u010dnih materijala<\/span><\/p>\n<p>Posude od termoplasti\u010dnih materijala se izra\u0111uju od PE-polietilena i PP-polipropilena visoke gusto\u0107e i koriste se za skladi\u0161tenje raznih te\u010dnosti (pitka voda, tehni\u010dka voda, razna goriva) kao i za skladi\u0161tenje agresivih hemikalija u hemiskoj industriji, a tako\u0111er veliku primjenu nalaze u proizvodnji ure\u0111aja za tretmane industrijskih otpadnih voda.<\/p>\n<p><span style=\"color: #3366ff; font-size: 14pt;\">Termo plasti\u010dne posude firme Regeneracija doo Velika Kladu\u0161a imaju sljede\u0107e karakteristike:<\/span><\/p>\n<ul>\n<li>dugotrajne su &#8211; atmosferski uticaji ne uti\u010du na postojanost posude<\/li>\n<li>jake \u2013 otporne su na udare pri manipulaciji<\/li>\n<li>posude su otporni na ve\u0107inu hemikalija i agresivnih materija<\/li>\n<li>ne korodiraju<\/li>\n<li>termo otporne (otporne su na temperaturama od -40\u00b0C do +70\u00b0C)<\/li>\n<li>otporne su na abraziju<\/li>\n<li>primjenjive kod rastvora kod kojih je neophodno mije\u0161anje<\/li>\n<li>vijek upotrebe do 50 godina<\/li>\n<li>ne zaga\u0111uju sadr\u017eaj unutar rezervoara kao ni okoli\u0161,<\/li>\n<li>nemaju miris ni ukus te onemogu\u0107avaju razvoj bakterija I algi , te su naro\u010dito pogodne za kori\u0161tenje u farmaceutskoj i prehrambenoj industriji<\/li>\n<li>jednostavne su za odr\u017eavanje \u2013 jer imaju glatke unutra\u0161nje zidove<\/li>\n<li>UV stabilne<\/li>\n<li>lagane &#8211; imaju malu te\u017einu i lake su za manipulaciju<\/li>\n<li>upotrebljavane posude se mogu 100% reciklirati<\/li>\n<\/ul>\n<p>Plasti\u010dne posude (spremnici) mogu biti <span style=\"color: #3366ff;\">verikalne, horizontalne, sa izolacijom ili duplom stijenkom<\/span>.<\/p>\n<p><a href=\"https:\/\/regeneracija.ba\/wp-content\/uploads\/2017\/09\/Plasticni-spremnici.pdf\">Plasticni spremnici bro\u0161ura<\/a><\/p>\n<p>&nbsp;<\/p>\n","protected":false},"excerpt":{"rendered":"<p>Posude (spremnici) od termoplasti\u010dnih materijala Posude od termoplasti\u010dnih materijala se izra\u0111uju od PE-polietilena i PP-polipropilena visoke gusto\u0107e i koriste se za skladi\u0161tenje raznih te\u010dnosti (pitka voda, tehni\u010dka voda, razna goriva) kao i za skladi\u0161tenje agresivih hemikalija u hemiskoj industriji, a<\/p>\n","protected":false},"author":1,"featured_media":1559,"parent":6,"menu_order":0,"comment_status":"closed","ping_status":"closed","template":"","meta":{"footnotes":""},"translation":{"provider":"WPGlobus","version":"2.12.2","language":"en","enabled_languages":["bs","en","de"],"languages":{"bs":{"title":true,"content":true,"excerpt":false},"en":{"title":false,"content":false,"excerpt":false},"de":{"title":false,"content":false,"excerpt":false}}},"acf":[],"_links":{"self":[{"href":"https:\/\/regeneracija.ba\/en\/wp-json\/wp\/v2\/pages\/3157"}],"collection":[{"href":"https:\/\/regeneracija.ba\/en\/wp-json\/wp\/v2\/pages"}],"about":[{"href":"https:\/\/regeneracija.ba\/en\/wp-json\/wp\/v2\/types\/page"}],"author":[{"embeddable":true,"href":"https:\/\/regeneracija.ba\/en\/wp-json\/wp\/v2\/users\/1"}],"replies":[{"embeddable":true,"href":"https:\/\/regeneracija.ba\/en\/wp-json\/wp\/v2\/comments?post=3157"}],"version-history":[{"count":10,"href":"https:\/\/regeneracija.ba\/en\/wp-json\/wp\/v2\/pages\/3157\/revisions"}],"predecessor-version":[{"id":4093,"href":"https:\/\/regeneracija.ba\/en\/wp-json\/wp\/v2\/pages\/3157\/revisions\/4093"}],"up":[{"embeddable":true,"href":"https:\/\/regeneracija.ba\/en\/wp-json\/wp\/v2\/pages\/6"}],"wp:featuredmedia":[{"embeddable":true,"href":"https:\/\/regeneracija.ba\/en\/wp-json\/wp\/v2\/media\/1559"}],"wp:attachment":[{"href":"https:\/\/regeneracija.ba\/en\/wp-json\/wp\/v2\/media?parent=3157"}],"curies":[{"name":"wp","href":"https:\/\/api.w.org\/{rel}","templated":true}]}}