{"id":2012,"date":"2016-12-08T15:42:10","date_gmt":"2016-12-08T15:42:10","guid":{"rendered":"http:\/\/localhost\/regeneracija\/?page_id=2012"},"modified":"2017-01-30T16:03:32","modified_gmt":"2017-01-30T16:03:32","slug":"referentna-lista","status":"publish","type":"page","link":"https:\/\/regeneracija.ba\/en\/referentna-lista\/","title":{"rendered":"Reference list"},"content":{"rendered":"<table id=\"tabela\">\n<tbody>\n<tr>\n<th>Object<\/th>\n<th>Location<\/th>\n<th>Length of drainage<\/th>\n<\/tr>\n<tr>\n<td>Natputnjak Reljevo<\/td>\n<td>Koridor Vc, Dionica: Jo\u0161anica &#8211; Butila<\/td>\n<td>205,80 m<\/td>\n<\/tr>\n<tr class=\"alt\">\n<td>Rampa Butila B<\/td>\n<td>Petlja Butila, Dionica: Jo\u0161anica &#8211; Butila<\/td>\n<td>438,65 m<\/td>\n<\/tr>\n<tr>\n<td>Rampa Butila C<\/td>\n<td>Petlja Butila, Dionica: Jo\u0161anica &#8211; Butila<\/td>\n<td>582,10 m<\/td>\n<\/tr>\n<tr class=\"alt\">\n<td>Viadukt Rje\u010dica (lijevo)<\/td>\n<td>Koridor Vc, Dionica: Jo\u0161anica &#8211; Butila<\/td>\n<td>81,40 m<\/td>\n<\/tr>\n<tr>\n<td>Viadukt Rje\u010dica (desno)<\/td>\n<td>Koridor Vc, Dionica: Jo\u0161anica &#8211; Butila<\/td>\n<td>80,60 m<\/td>\n<\/tr>\n<tr class=\"alt\">\n<td>Rampa Kameni zamak<\/td>\n<td>Koridor Vc, Dionica: Dobrinja &#8211; Kakanj<\/td>\n<td>136,50 m<\/td>\n<\/tr>\n<tr>\n<td>Natputnjak Kakanj<\/td>\n<td>Koridor Vc, Dionica: Dobrinja &#8211; Kakanj<\/td>\n<td>48,34 m<\/td>\n<\/tr>\n<tr class=\"alt\">\n<td>Glavni gradski most Biha\u0107<\/td>\n<td>Biha\u0107<\/td>\n<td>317,80 m<\/td>\n<\/tr>\n<tr>\n<td>Most M2<\/td>\n<td>Koridor Vc, Dionica: Kakanj &#8211; Bilje\u0161evo<\/td>\n<td>244,80 m<\/td>\n<\/tr>\n<tr class=\"alt\">\n<td>Most M3 (lijevo)<\/td>\n<td>Koridor Vc, Dionica: Kakanj &#8211; Bilje\u0161evo<\/td>\n<td>254,80 m<\/td>\n<\/tr>\n<tr>\n<td>Most M3 (desno)<\/td>\n<td>Koridor Vc, Dionica: Kakanj &#8211; Bilje\u0161evo<\/td>\n<td>194,80 m<\/td>\n<\/tr>\n<tr class=\"alt\">\n<td>Most M4<\/td>\n<td>Koridor Vc, Dionica: Kakanj &#8211; Bilje\u0161evo<\/td>\n<td>596,60 m<\/td>\n<\/tr>\n<tr>\n<td>Viadukt Bilje\u0161evo<\/td>\n<td>Koridor Vc, Dionica: Kakanj &#8211; Bilje\u0161evo<\/td>\n<td>298,80 m<\/td>\n<\/tr>\n<tr class=\"alt\">\n<td>Most K1<\/td>\n<td>Autoput Banja Luka-Doboj: Mahovljanska petlja<\/td>\n<td>410,55 m<\/td>\n<\/tr>\n<tr>\n<td>Most K2<\/td>\n<td>Autoput Banja Luka-Doboj: Mahovljanska petlja<\/td>\n<td>581,60 m<\/td>\n<\/tr>\n<tr class=\"alt\">\n<td>Most M2 (lijevo)<\/td>\n<td>Autoput Banja Luka-Doboj: Mahovljanska petlja<\/td>\n<td>53,40 m<\/td>\n<\/tr>\n<tr>\n<td>Most M2 (desno)<\/td>\n<td>Autoput Banja Luka-Doboj: Mahovljanska petlja<\/td>\n<td>53,40 m<\/td>\n<\/tr>\n<tr class=\"alt\">\n<td>Most M3<\/td>\n<td>Autoput Banja Luka-Doboj: Mahovljanska petlja<\/td>\n<td>36,90 m<\/td>\n<\/tr>\n<tr>\n<td>Nadvo\u017enjak Bla\u017euj<\/td>\n<td>M17.0-3: Sarajevo-Jablanica<\/td>\n<td>141,90 m<\/td>\n<\/tr>\n<tr class=\"alt\">\n<td>Viadukt Brije\u0161\u0107e (lijevo)<\/td>\n<td>Sarajevo bypass LOT 1<\/td>\n<td>141,90 m<\/td>\n<\/tr>\n<tr>\n<td>Viadukt Brije\u0161\u0107e (lijevo)<\/td>\n<td>Sarajevo bypass LOT 1<\/td>\n<td>346,90 m<\/td>\n<\/tr>\n<tr class=\"alt\">\n<td>Viadukt Brije\u0161\u0107e (desno)<\/td>\n<td>Sarajevo bypass LOT 1<\/td>\n<td>213,46 m<\/td>\n<\/tr>\n<tr>\n<td>Viadukt Reljevo (lijevo)<\/td>\n<td>Sarajevo bypass LOT 1<\/td>\n<td>180,00 m<\/td>\n<\/tr>\n<tr class=\"alt\">\n<td>Viadukt Reljevo (desno)<\/td>\n<td>Sarajevo bypass LOT 1<\/td>\n<td>180,00 m<\/td>\n<\/tr>\n<tr>\n<td>Viadukt O\u0161trik (lijevo)<\/td>\n<td>Sarajevo bypass LOT 1<\/td>\n<td>140,00 m<\/td>\n<\/tr>\n<tr class=\"alt\">\n<td>Viadukt O\u0161trik (desno)<\/td>\n<td>Sarajevo bypass LOT 1<\/td>\n<td>140,00 m<\/td>\n<\/tr>\n<tr>\n<td>Most M3 (lijevo)<\/td>\n<td>Koridor Vc, Drivu\u0161a-Gorica<\/td>\n<td>325,00 m<\/td>\n<\/tr>\n<tr class=\"alt\">\n<td>Most M1 (lijevo)<\/td>\n<td>Koridor Vc, Drivu\u0161a-Bilje\u0161evo<\/td>\n<td>59,00 m<\/td>\n<\/tr>\n<tr>\n<td>Most M1 (desno)<\/td>\n<td>Koridor Vc, Drivu\u0161a-Bilje\u0161evo<\/td>\n<td>49,00 m<\/td>\n<\/tr>\n<tr class=\"alt\">\n<td>Most M2 (lijevo)<\/td>\n<td>Koridor Vc, Drivu\u0161a-Bilje\u0161evo<\/td>\n<td>374,00 m<\/td>\n<\/tr>\n<tr>\n<td>Most M2 (desno)<\/td>\n<td>Koridor Vc, Drivu\u0161a-Bilje\u0161evo<\/td>\n<td>373,40 m<\/td>\n<\/tr>\n<tr class=\"alt\">\n<td>Most M3 (lijevo)<\/td>\n<td>Koridor Vc, Drivu\u0161a-Bilje\u0161evo<\/td>\n<td>444,75 m<\/td>\n<\/tr>\n<tr>\n<td>Most M3 (desno)<\/td>\n<td>Koridor Vc, Drivu\u0161a-Bilje\u0161evo<\/td>\n<td>527,40 m<\/td>\n<\/tr>\n<tr class=\"alt\">\n<td>Most M Bosna<\/td>\n<td>Koridor Vc, Drivu\u0161a-Bilje\u0161evo<\/td>\n<td>142,70 m<\/td>\n<\/tr>\n<\/tbody>\n<\/table>\n","protected":false},"excerpt":{"rendered":"<p>Object Location Length of drainage Natputnjak Reljevo Koridor Vc, Dionica: Jo\u0161anica &#8211; Butila 205,80 m Rampa Butila B Petlja Butila, Dionica: Jo\u0161anica &#8211; Butila 438,65 m Rampa Butila C Petlja Butila, Dionica: Jo\u0161anica &#8211; Butila 582,10 m Viadukt Rje\u010dica (lijevo)<\/p>\n","protected":false},"author":1,"featured_media":1559,"parent":0,"menu_order":0,"comment_status":"closed","ping_status":"closed","template":"","meta":{"footnotes":""},"translation":{"provider":"WPGlobus","version":"2.12.2","language":"en","enabled_languages":["bs","en","de"],"languages":{"bs":{"title":true,"content":true,"excerpt":false},"en":{"title":true,"content":true,"excerpt":false},"de":{"title":true,"content":true,"excerpt":false}}},"acf":[],"_links":{"self":[{"href":"https:\/\/regeneracija.ba\/en\/wp-json\/wp\/v2\/pages\/2012"}],"collection":[{"href":"https:\/\/regeneracija.ba\/en\/wp-json\/wp\/v2\/pages"}],"about":[{"href":"https:\/\/regeneracija.ba\/en\/wp-json\/wp\/v2\/types\/page"}],"author":[{"embeddable":true,"href":"https:\/\/regeneracija.ba\/en\/wp-json\/wp\/v2\/users\/1"}],"replies":[{"embeddable":true,"href":"https:\/\/regeneracija.ba\/en\/wp-json\/wp\/v2\/comments?post=2012"}],"version-history":[{"count":4,"href":"https:\/\/regeneracija.ba\/en\/wp-json\/wp\/v2\/pages\/2012\/revisions"}],"predecessor-version":[{"id":4114,"href":"https:\/\/regeneracija.ba\/en\/wp-json\/wp\/v2\/pages\/2012\/revisions\/4114"}],"wp:featuredmedia":[{"embeddable":true,"href":"https:\/\/regeneracija.ba\/en\/wp-json\/wp\/v2\/media\/1559"}],"wp:attachment":[{"href":"https:\/\/regeneracija.ba\/en\/wp-json\/wp\/v2\/media?parent=2012"}],"curies":[{"name":"wp","href":"https:\/\/api.w.org\/{rel}","templated":true}]}}