{"id":1826,"date":"2016-12-06T14:57:45","date_gmt":"2016-12-06T14:57:45","guid":{"rendered":"http:\/\/localhost\/regeneracija\/?page_id=1826"},"modified":"2017-02-24T10:17:41","modified_gmt":"2017-02-24T10:17:41","slug":"preciscavanje-zraka","status":"publish","type":"page","link":"https:\/\/regeneracija.ba\/en\/preciscavanje-zraka\/","title":{"rendered":"Air Cleaning"},"content":{"rendered":"<h2>AIRREG \u2013 BIOFILTER ZA \u010cI\u0160\u0106ENJE ZRAKA<\/h2>\n<!-- meta slider -->\n<div style=\"max-width: 0px; margin: 0 auto;\" class=\"metaslider metaslider-flex metaslider-1940 ml-slider slider-proizvodi nav-hidden\">\n    \n    <div id=\"metaslider_container_1940\">\n        <div id=\"metaslider_1940\">\n            <ul class=\"slides\">\n                <li style=\"display: block; width: 100%;\" class=\"slide-1941 ms-image\"><img src=\"https:\/\/regeneracija.ba\/wp-content\/uploads\/2016\/12\/biofilter_1-0x0.jpg\" height=\"0\" width=\"0\" alt=\"\" class=\"slider-1940 slide-1941\" \/><\/li>\n                <li style=\"display: none; width: 100%;\" class=\"slide-1942 ms-image\"><img src=\"https:\/\/regeneracija.ba\/wp-content\/uploads\/2016\/12\/biofilter_2-0x0.jpg\" height=\"0\" width=\"0\" alt=\"\" class=\"slider-1940 slide-1942\" \/><\/li>\n                <li style=\"display: none; width: 100%;\" class=\"slide-1943 ms-image\"><img src=\"https:\/\/regeneracija.ba\/wp-content\/uploads\/2016\/12\/teh_podaci-0x0.jpg\" height=\"0\" width=\"0\" alt=\"\" class=\"slider-1940 slide-1943\" \/><\/li>\n            <\/ul>\n        <\/div>\n        \n    <\/div>\n    <script type=\"text\/javascript\">\n        var metaslider_1940 = function($) {\n            $('#metaslider_1940').addClass('flexslider'); \/\/ theme\/plugin conflict avoidance\n            $('#metaslider_1940').flexslider({ \n                slideshowSpeed:3000,\n                animation:\"fade\",\n                controlNav:false,\n                directionNav:true,\n                pauseOnHover:true,\n                direction:\"horizontal\",\n                reverse:false,\n                animationSpeed:600,\n                prevText:\"&lt;\",\n                nextText:\"&gt;\",\n                slideshow:true\n            });\n        };\n        var timer_metaslider_1940 = function() {\n            var slider = !window.jQuery ? window.setTimeout(timer_metaslider_1940, 100) : !jQuery.isReady ? window.setTimeout(timer_metaslider_1940, 1) : metaslider_1940(window.jQuery);\n        };\n        timer_metaslider_1940();\n    <\/script>\n<\/div>\n<!--\/\/ meta slider-->\n<p>Filteri za \u010di\u0161\u0107enje zraka postaju standardni dodatak kod biolo\u0161kih ure\u0111aja za pre\u010di\u0161\u0107avanje otpadnih voda. Biolo\u0161ki ure\u0111aj radi optimalno ako se u njemu odvijaju aerobni procesi (gdje je u vodi rastopljeno dovoljno kisika), ako je u vodi dovoljno hranjivih sastojaka i gdje voda nije zaga\u0111ena toksi\u010dnim supstancama koji uni\u0161tavaju mikroorganizme. U slu\u010daju da ure\u0111aj za pre\u010di\u0161\u0107avanje ne radi optimalno u njoj po\u010dinju anaerobni procesi, gdje nastaje vodikov sulfid (H2S), koji smrdi i kod vrlo niskih koncentracija. U slu\u010daju da je ure\u0111aj za pre\u010di\u0161\u0107avanje opremljena sa filterom za zrak sprije\u010davamo da se smrad ra\u0161iri u okolinu.<\/p>\n<p>U zadnje vrijeme se zakonski zahtjevi o ispu\u0161tanju industrijskog otpadnog zraka se vi\u0161e poo\u0161travaju, iz tog razloga \u0107e biti potrebno ugra\u0111ivati filtere za zrak. Sa filterom sprje\u010davamo emisiju \u0161tetnih hemikalija u okolinu. Primjeri takvih hemikalija su hlapljive organske supstance. Njihovu dozvoljenu koncentraciju u izlaznom zraku propisuju EU direktiva. Sa filterom za \u010di\u0161\u0107enje zraka omogu\u0107ujemo da se ne prekora\u010de maksimalne dozvoljene koncentracije \u0161tetnih hemikalija u izlaznom zraku.<\/p>\n<p><strong><span style=\"color: #008dff;\">Osobine:<\/span><\/strong><\/p>\n<p>odstranjivanje zraka ili \u0161tetnih hemikalija iz zraka,<br \/>\nodli\u010dan omjer cijene i kvalitete,<br \/>\nniska potro\u0161nja elektri\u010dne energije,<br \/>\nbrza i jednostavna monta\u017ea,<br \/>\njednostavno odr\u017eavanje,<br \/>\ndug \u017eivotni vijek.<\/p>\n<p><strong><span style=\"color: #008dff;\">Djelovanje:<\/span><\/strong><\/p>\n<p>Prije izrade filtera potrebno je ta\u010dno znati kvalitetu zraka iz razloga da se ponudi kvalitetno rije\u0161enje odnosno da se prilagodimo zahtjevima naru\u010dioca.<br \/>\nKu\u0107i\u0161te je cilindri\u010dnog oblika, izra\u0111eno od armiranog poliestera, nehr\u0111aju\u0107eg \u010delika ili termoplasta. \u0160tetne hemikalije, koje proizvode smrad prolaze uz pomo\u0107 ventilatora u filter gdje se prvo nalaze plasti\u010dno prstenje koji jednakomjerno usmjeravaju zra\u010dni tok i odstranjuju vlagu iz zraka. Vlaga na prstenovima kondenzira i skuplja se na dnu posude. Po potrebi se mo\u017ee ispustiti kroz ispusni ventil koji se nalazi na dnu posude.<br \/>\nRazlikujemo dvije vrste aktivnog punila, aktivni ugalj i impregnirani aktivni ugalj. Aktivni ugalj ima veliku specifi\u010dnu povr\u0161inu na kojima se \u0161tetne hemikalije apsorbuju. Kod impregniranog aktivnog uglja dolazi do hemiske neutralizacije \u0161tetnih hemikalija.<br \/>\nPunilo iz zraka odstranjuje vodikov sulfid, merkaptalne &#8211; tiole i ostale tvari, koji nastaju kod raspadanja komunalnih otpadni voda i produkuju smrad. Brzina iskori\u0161tenja punila ovisi o ulaznoj koncentraciji \u0161tetnih hemikalija i protoka zraka, koji se lako regulira. Punilo se nakon iskori\u0161tenja zamjene sa novim, iskori\u0161teno punilo se smatra specijalnim otpadom.<br \/>\nRezultat je \u010dist zrak bez neprijatnog mirisa.<\/p>\n<p><strong><span style=\"color: #008dff;\">Ugradnja:<\/span><\/strong><\/p>\n<p>Filteri su samostoje\u0107i. Moraju biti postavljeni na betonsku plo\u010du odgovaraju\u0107e veli\u010dine. Potrebno je filter montirati na dostupnom mjestu zbog odr\u017eavanja i mjenjanja punila.<br \/>\nBiofilter za \u010di\u0161\u0107enje zraka<\/p>\n<p><strong><span style=\"color: #008dff;\">Tehni\u010dki podaci:<\/span><\/strong><\/p>\n<p>1. KU\u0106I\u0160TE<br \/>\n2. RE\u0160ETKE<br \/>\n3. PLASTI\u010cNI PRSTENOVI<br \/>\n4. TEKSTILNI FILTER<br \/>\n5. PUNILO 1<br \/>\n6. PUNILO 2<br \/>\n7. VENTILATOR<\/p>\n<table>\n<tbody>\n<tr>\n<th>model<\/th>\n<th>maksimalni protok (m3\/h)<\/th>\n<th>promjer D(mm)<\/th>\n<th>visina filtra H(mm)<\/th>\n<th>koli\u010dina punila (kg)<\/th>\n<\/tr>\n<tr>\n<td>AIRREG 20<\/td>\n<td>20<\/td>\n<td>300<\/td>\n<td>450<\/td>\n<td>10<\/td>\n<\/tr>\n<tr>\n<td>AIRREG 50<\/td>\n<td>50<\/td>\n<td>400<\/td>\n<td>500<\/td>\n<td>25<\/td>\n<\/tr>\n<tr>\n<td>AIRREG 100<\/td>\n<td>100<\/td>\n<td>500<\/td>\n<td>800<\/td>\n<td>50<\/td>\n<\/tr>\n<tr>\n<td>AIRREG 200<\/td>\n<td>200<\/td>\n<td>600<\/td>\n<td>1100<\/td>\n<td>100<\/td>\n<\/tr>\n<tr>\n<td>AIRREG 400<\/td>\n<td>400<\/td>\n<td>800<\/td>\n<td>1200<\/td>\n<td>200<\/td>\n<\/tr>\n<tr>\n<td>AIRREG 800<\/td>\n<td>800<\/td>\n<td>1000<\/td>\n<td>1400<\/td>\n<td>380<\/td>\n<\/tr>\n<tr>\n<td>AIRREG 1000<\/td>\n<td>1000<\/td>\n<td>1000<\/td>\n<td>1800<\/td>\n<td>480<\/td>\n<\/tr>\n<\/tbody>\n<\/table>\n","protected":false},"excerpt":{"rendered":"<p>AIRREG \u2013 BIOFILTER ZA \u010cI\u0160\u0106ENJE ZRAKA Filteri za \u010di\u0161\u0107enje zraka postaju standardni dodatak kod biolo\u0161kih ure\u0111aja za pre\u010di\u0161\u0107avanje otpadnih voda. Biolo\u0161ki ure\u0111aj radi optimalno ako se u njemu odvijaju aerobni procesi (gdje je u vodi rastopljeno dovoljno kisika), ako je<\/p>\n","protected":false},"author":1,"featured_media":1559,"parent":0,"menu_order":0,"comment_status":"closed","ping_status":"closed","template":"","meta":{"footnotes":""},"translation":{"provider":"WPGlobus","version":"2.12.2","language":"en","enabled_languages":["bs","en","de"],"languages":{"bs":{"title":true,"content":true,"excerpt":false},"en":{"title":true,"content":false,"excerpt":false},"de":{"title":true,"content":true,"excerpt":false}}},"acf":[],"_links":{"self":[{"href":"https:\/\/regeneracija.ba\/en\/wp-json\/wp\/v2\/pages\/1826"}],"collection":[{"href":"https:\/\/regeneracija.ba\/en\/wp-json\/wp\/v2\/pages"}],"about":[{"href":"https:\/\/regeneracija.ba\/en\/wp-json\/wp\/v2\/types\/page"}],"author":[{"embeddable":true,"href":"https:\/\/regeneracija.ba\/en\/wp-json\/wp\/v2\/users\/1"}],"replies":[{"embeddable":true,"href":"https:\/\/regeneracija.ba\/en\/wp-json\/wp\/v2\/comments?post=1826"}],"version-history":[{"count":13,"href":"https:\/\/regeneracija.ba\/en\/wp-json\/wp\/v2\/pages\/1826\/revisions"}],"predecessor-version":[{"id":2993,"href":"https:\/\/regeneracija.ba\/en\/wp-json\/wp\/v2\/pages\/1826\/revisions\/2993"}],"wp:featuredmedia":[{"embeddable":true,"href":"https:\/\/regeneracija.ba\/en\/wp-json\/wp\/v2\/media\/1559"}],"wp:attachment":[{"href":"https:\/\/regeneracija.ba\/en\/wp-json\/wp\/v2\/media?parent=1826"}],"curies":[{"name":"wp","href":"https:\/\/api.w.org\/{rel}","templated":true}]}}