{"id":1661,"date":"2016-12-02T17:13:55","date_gmt":"2016-12-02T17:13:55","guid":{"rendered":"http:\/\/localhost\/regeneracija\/?page_id=1661"},"modified":"2020-10-21T20:36:52","modified_gmt":"2020-10-21T20:36:52","slug":"pravilnici","status":"publish","type":"page","link":"https:\/\/regeneracija.ba\/en\/pravilnici\/","title":{"rendered":"Regulations"},"content":{"rendered":"<h3><strong>In\u00a0Federation of BIH:<\/strong><\/h3>\n<p><a href=\"http:\/\/www.msb.gov.ba\/dokumenti\/Zakon%20o%20vodama%20(FBiH),%20bosanski.pdf\" target=\"_blank\" rel=\"noopener noreferrer\">Zakon o vodama (&#8220;Slu\u017ebene novine FBiH&#8221; br. 70\/06)<\/a><\/p>\n<p><a href=\"http:\/\/mpz.ks.gov.ba\/sites\/mpz.ks.gov.ba\/files\/MPZ_Zakon_upravljenje_otpadom_33-03_0.pdf\" target=\"_blank\" rel=\"noopener noreferrer\">Zakon o upravljanju otpadom (&#8220;Slu\u017ebene novine FBiH&#8221; br. 33\/03)<\/a><\/p>\n<p><a href=\"http:\/\/regeneracija.ba\/wp-content\/uploads\/2016\/12\/Zakon-o-zastiti-na-radu-22-90.pdf\" target=\"_blank\" rel=\"noopener noreferrer\">Zakon o za\u0161titi na radu (&#8220;Slu\u017ebeni list SRBiH&#8221; br. 22\/90)<\/a><\/p>\n<p><a href=\"http:\/\/localhost\/regeneracija\/wp-content\/uploads\/2016\/12\/Zakon-o-zastiti-okolisa-Sluzbene-novine-F-BiH-broj-3303.pdf\" target=\"_blank\" rel=\"noopener noreferrer\">Zakon o za\u0161titi okoli\u0161a (&#8220;Slu\u017ebene novine FBiH&#8221; br. 33\/03)<\/a><\/p>\n<h3><strong>In Republic of Srpska:<\/strong><\/h3>\n<p><a href=\"http:\/\/www.msb.gov.ba\/PDF\/Zakon_o_vodama%20(RS).pdf\" target=\"_blank\" rel=\"noopener noreferrer\">Zakon o vodama<\/a><\/p>\n<p><a href=\"http:\/\/regeneracija.ba\/wp-content\/uploads\/2016\/12\/pravilnik_ispustanje_povrs_vode.pdf\" target=\"_blank\" rel=\"noopener noreferrer\">Pravilnik ispu\u0161tanje povr\u0161inske vode<\/a><\/p>\n<p><a href=\"http:\/\/localhost\/regeneracija\/wp-content\/uploads\/2016\/12\/zakon_o_vodamaRS.pdf\" target=\"_blank\" rel=\"noopener noreferrer\">Zakon o vodama RS<\/a><\/p>\n<p><a href=\"http:\/\/regeneracija.ba\/wp-content\/uploads\/2016\/12\/zakon-o-zastiti-zivotne-sredineRS.pdf\" target=\"_blank\" rel=\"noopener noreferrer\">Zakon o za\u0161titi \u017eivotne sredine RS<\/a><\/p>\n<h3><strong>In\u00a0Br\u010dko District<\/strong><\/h3>\n<p><a href=\"http:\/\/www.msb.gov.ba\/PDF\/1.Zakon%20o%20zastiti%20voda%20(%20Brcko%20Distrikt).pdf\" target=\"_blank\" rel=\"noopener noreferrer\">\u00a0Zakon o za\u0161titi voda<\/a><\/p>\n<p><a href=\"http:\/\/www.msb.gov.ba\/PDF\/Zakon%20o%20zastiti%20zivotnog%20okolisa%20(Brcko%20distrikt).pdf\" target=\"_blank\" rel=\"noopener noreferrer\">Zakon o za\u0161titi \u017eivotnog okoli\u0161a<\/a><\/p>\n","protected":false},"excerpt":{"rendered":"<p>In\u00a0Federation of BIH: Zakon o vodama (&#8220;Slu\u017ebene novine FBiH&#8221; br. 70\/06) Zakon o upravljanju otpadom (&#8220;Slu\u017ebene novine FBiH&#8221; br. 33\/03) Zakon o za\u0161titi na radu (&#8220;Slu\u017ebeni list SRBiH&#8221; br. 22\/90) Zakon o za\u0161titi okoli\u0161a (&#8220;Slu\u017ebene novine FBiH&#8221; br. 33\/03) In<\/p>\n","protected":false},"author":1,"featured_media":1559,"parent":0,"menu_order":0,"comment_status":"closed","ping_status":"closed","template":"","meta":{"footnotes":""},"translation":{"provider":"WPGlobus","version":"2.12.2","language":"en","enabled_languages":["bs","en","de"],"languages":{"bs":{"title":true,"content":true,"excerpt":false},"en":{"title":true,"content":true,"excerpt":false},"de":{"title":true,"content":true,"excerpt":false}}},"acf":[],"_links":{"self":[{"href":"https:\/\/regeneracija.ba\/en\/wp-json\/wp\/v2\/pages\/1661"}],"collection":[{"href":"https:\/\/regeneracija.ba\/en\/wp-json\/wp\/v2\/pages"}],"about":[{"href":"https:\/\/regeneracija.ba\/en\/wp-json\/wp\/v2\/types\/page"}],"author":[{"embeddable":true,"href":"https:\/\/regeneracija.ba\/en\/wp-json\/wp\/v2\/users\/1"}],"replies":[{"embeddable":true,"href":"https:\/\/regeneracija.ba\/en\/wp-json\/wp\/v2\/comments?post=1661"}],"version-history":[{"count":42,"href":"https:\/\/regeneracija.ba\/en\/wp-json\/wp\/v2\/pages\/1661\/revisions"}],"predecessor-version":[{"id":4112,"href":"https:\/\/regeneracija.ba\/en\/wp-json\/wp\/v2\/pages\/1661\/revisions\/4112"}],"wp:featuredmedia":[{"embeddable":true,"href":"https:\/\/regeneracija.ba\/en\/wp-json\/wp\/v2\/media\/1559"}],"wp:attachment":[{"href":"https:\/\/regeneracija.ba\/en\/wp-json\/wp\/v2\/media?parent=1661"}],"curies":[{"name":"wp","href":"https:\/\/api.w.org\/{rel}","templated":true}]}}