{"id":1533,"date":"2016-11-29T14:43:48","date_gmt":"2016-11-29T14:43:48","guid":{"rendered":"http:\/\/localhost\/regeneracija\/?page_id=1533"},"modified":"2018-03-26T08:24:06","modified_gmt":"2018-03-26T08:24:06","slug":"novosti","status":"publish","type":"page","link":"https:\/\/regeneracija.ba\/en\/naslovnica\/novosti\/","title":{"rendered":"News"},"content":{"rendered":"<p>U Mostaru je 22.03.2018\u00a0 obilje\u017een svjetski dan voda. Tema ovogodi\u0161njeg Svjetskog dana voda je &#8220;Priroda za vodu &#8211; mogu\u0107nost rje\u0161avanja problema s kojima se sektor voda suo\u010dava u 21. stojelje\u0107u uz primjenu rje\u0161enja koja se ve\u0107 nalaze u prirodi&#8221;.<\/p>\n<blockquote class=\"wp-embedded-content\" data-secret=\"NTlAP3CDZw\"><p><a href=\"https:\/\/dnevni-list.ba\/u-mostaru-obiljezen-svjetski-dan-voda-foto\/\">U Mostaru obilje\u017een Svjetski dan voda (FOTO)<\/a><\/p><\/blockquote>\n<p><iframe class=\"wp-embedded-content\" sandbox=\"allow-scripts\" security=\"restricted\" style=\"position: absolute; clip: rect(1px, 1px, 1px, 1px);\" src=\"https:\/\/dnevni-list.ba\/u-mostaru-obiljezen-svjetski-dan-voda-foto\/embed\/#?secret=NTlAP3CDZw\" data-secret=\"NTlAP3CDZw\" width=\"600\" height=\"338\" title=\"&#8220;U Mostaru obilje\u017een Svjetski dan voda (FOTO)&#8221; &#8212; Dnevni list\" frameborder=\"0\" marginwidth=\"0\" marginheight=\"0\" scrolling=\"no\"><\/iframe><\/p>\n","protected":false},"excerpt":{"rendered":"<p>U Mostaru je 22.03.2018\u00a0 obilje\u017een svjetski dan voda. Tema ovogodi\u0161njeg Svjetskog dana voda je &#8220;Priroda za vodu &#8211; mogu\u0107nost rje\u0161avanja problema s kojima se sektor voda suo\u010dava u 21. stojelje\u0107u uz primjenu rje\u0161enja koja se ve\u0107 nalaze u prirodi&#8221;. U<\/p>\n","protected":false},"author":1,"featured_media":1559,"parent":701,"menu_order":0,"comment_status":"closed","ping_status":"closed","template":"page-templates\/page-novosti.php","meta":{"footnotes":""},"translation":{"provider":"WPGlobus","version":"2.12.2","language":"en","enabled_languages":["bs","en","de"],"languages":{"bs":{"title":true,"content":true,"excerpt":false},"en":{"title":true,"content":false,"excerpt":false},"de":{"title":true,"content":false,"excerpt":false}}},"acf":[],"_links":{"self":[{"href":"https:\/\/regeneracija.ba\/en\/wp-json\/wp\/v2\/pages\/1533"}],"collection":[{"href":"https:\/\/regeneracija.ba\/en\/wp-json\/wp\/v2\/pages"}],"about":[{"href":"https:\/\/regeneracija.ba\/en\/wp-json\/wp\/v2\/types\/page"}],"author":[{"embeddable":true,"href":"https:\/\/regeneracija.ba\/en\/wp-json\/wp\/v2\/users\/1"}],"replies":[{"embeddable":true,"href":"https:\/\/regeneracija.ba\/en\/wp-json\/wp\/v2\/comments?post=1533"}],"version-history":[{"count":6,"href":"https:\/\/regeneracija.ba\/en\/wp-json\/wp\/v2\/pages\/1533\/revisions"}],"predecessor-version":[{"id":3567,"href":"https:\/\/regeneracija.ba\/en\/wp-json\/wp\/v2\/pages\/1533\/revisions\/3567"}],"up":[{"embeddable":true,"href":"https:\/\/regeneracija.ba\/en\/wp-json\/wp\/v2\/pages\/701"}],"wp:featuredmedia":[{"embeddable":true,"href":"https:\/\/regeneracija.ba\/en\/wp-json\/wp\/v2\/media\/1559"}],"wp:attachment":[{"href":"https:\/\/regeneracija.ba\/en\/wp-json\/wp\/v2\/media?parent=1533"}],"curies":[{"name":"wp","href":"https:\/\/api.w.org\/{rel}","templated":true}]}}