{"id":1476,"date":"2016-11-23T21:36:13","date_gmt":"2016-11-23T21:36:13","guid":{"rendered":"http:\/\/localhost\/regeneracija\/?page_id=1476"},"modified":"2017-12-25T17:22:24","modified_gmt":"2017-12-25T17:22:24","slug":"o-nama","status":"publish","type":"page","link":"https:\/\/regeneracija.ba\/en\/o-nama\/","title":{"rendered":"About Us"},"content":{"rendered":"<div class='content-column one_half'><img decoding=\"async\" loading=\"lazy\" class=\"aligncenter size-large wp-image-1699\" src=\"http:\/\/localhost\/regeneracija\/wp-content\/uploads\/2016\/11\/o-nama-tim-1024x655.png\" alt=\"o-nama-tim\" width=\"750\" height=\"480\" srcset=\"https:\/\/regeneracija.ba\/wp-content\/uploads\/2016\/11\/o-nama-tim-1024x655.png 1024w, https:\/\/regeneracija.ba\/wp-content\/uploads\/2016\/11\/o-nama-tim-300x192.png 300w, https:\/\/regeneracija.ba\/wp-content\/uploads\/2016\/11\/o-nama-tim-768x491.png 768w, https:\/\/regeneracija.ba\/wp-content\/uploads\/2016\/11\/o-nama-tim.png 1146w\" sizes=\"(max-width: 750px) 100vw, 750px\" \/><\/p>\n<p><img decoding=\"async\" loading=\"lazy\" class=\"aligncenter size-full wp-image-2286\" src=\"http:\/\/regeneracija.ba\/wp-content\/uploads\/2016\/12\/onama.png\" alt=\"\" width=\"749\" height=\"500\" srcset=\"https:\/\/regeneracija.ba\/wp-content\/uploads\/2016\/12\/onama.png 749w, https:\/\/regeneracija.ba\/wp-content\/uploads\/2016\/12\/onama-300x200.png 300w\" sizes=\"(max-width: 749px) 100vw, 749px\" \/><\/p><\/div>\n<div class='content-column one_half last_column'><div style=\"padding-left:20px;\"><h3>ABOUT US<\/h3>\n<p>The company &#8220;Regeneracija d.o.o.&#8221; Velika Kladusa was founded in 2005. The main activity is manufacturing and installation of wastewater and storm water treatment devices and development of water supply systems. To this date the company has expanded its activities to the drainage of roads and bridges.<\/p>\n<p>We employ 60 workers presenting a young and enthusiastic team which in its technological process applies all the innovations in this field, achieving a respectable productivity and quality of their products and services.<\/p>\n<p>All work processes to the final implementation are accompanied by a quality management system EN ISO 9001 which was introduced in 2008 and recertified in 2012. The protection and improvement of the environment and natural resources is carried out using the standard EN ISO 14 001, which was introduced as an integrated system of quality management and environmental protection in 2012.<\/p>\n<p>All products upon delivery and installation have provided certificates, instructions for use and maintenance.<\/p>\n<p><span style=\"color: #0088ff;\"><strong>Our references include:<\/strong><\/span><\/p>\n<ul>\n<li><span style=\"color: #0088ff;\">Manholes for municipalities<\/span> (Biha\u0107, Gra\u010danica, Te\u0161anj, Jajce, Konjic, Velika Kladu\u0161a, Bosanski Petrovac)<\/li>\n<li><span style=\"color: #0088ff;\">Highways<\/span> (Corridor VC, highway Doboj-Banja Luka)<\/li>\n<li><span style=\"color: #0088ff;\">Thermal power plants<\/span> (Kakanj, Stanari)<\/li>\n<li><span style=\"color: #0088ff;\">Hydroelectric power plants<\/span> (Jablanica, Bo\u010dac)<\/li>\n<li><span style=\"color: #0088ff;\">Mines<\/span> (Banovi\u0107i, Kreka)<\/li>\n<\/ul>\n<p><a href=\"http:\/\/regeneracija.ba\/en\/reference-2\/\">Click here for other references.<\/a><\/p><\/div><\/div><div class='clear_column'><\/div>\n","protected":false},"excerpt":{"rendered":"","protected":false},"author":1,"featured_media":1558,"parent":0,"menu_order":0,"comment_status":"closed","ping_status":"closed","template":"page-templates\/o-nama.php","meta":{"footnotes":""},"translation":{"provider":"WPGlobus","version":"2.12.2","language":"en","enabled_languages":["bs","en","de"],"languages":{"bs":{"title":true,"content":true,"excerpt":false},"en":{"title":true,"content":true,"excerpt":false},"de":{"title":true,"content":true,"excerpt":false}}},"acf":[],"_links":{"self":[{"href":"https:\/\/regeneracija.ba\/en\/wp-json\/wp\/v2\/pages\/1476"}],"collection":[{"href":"https:\/\/regeneracija.ba\/en\/wp-json\/wp\/v2\/pages"}],"about":[{"href":"https:\/\/regeneracija.ba\/en\/wp-json\/wp\/v2\/types\/page"}],"author":[{"embeddable":true,"href":"https:\/\/regeneracija.ba\/en\/wp-json\/wp\/v2\/users\/1"}],"replies":[{"embeddable":true,"href":"https:\/\/regeneracija.ba\/en\/wp-json\/wp\/v2\/comments?post=1476"}],"version-history":[{"count":32,"href":"https:\/\/regeneracija.ba\/en\/wp-json\/wp\/v2\/pages\/1476\/revisions"}],"predecessor-version":[{"id":4145,"href":"https:\/\/regeneracija.ba\/en\/wp-json\/wp\/v2\/pages\/1476\/revisions\/4145"}],"wp:featuredmedia":[{"embeddable":true,"href":"https:\/\/regeneracija.ba\/en\/wp-json\/wp\/v2\/media\/1558"}],"wp:attachment":[{"href":"https:\/\/regeneracija.ba\/en\/wp-json\/wp\/v2\/media?parent=1476"}],"curies":[{"name":"wp","href":"https:\/\/api.w.org\/{rel}","templated":true}]}}