{"id":2190,"date":"2016-12-26T10:40:19","date_gmt":"2016-12-26T10:40:19","guid":{"rendered":"http:\/\/regeneracija.ba\/?page_id=2190"},"modified":"2017-01-25T22:01:32","modified_gmt":"2017-01-25T22:01:32","slug":"prepumpne-stanice-male-do-5-ls","status":"publish","type":"page","link":"https:\/\/regeneracija.ba\/de\/prepumpne-stanice\/prepumpne-stanice-male-do-5-ls\/","title":{"rendered":"Pumpwerk (klein &#8211; bis zu 5l\/s)"},"content":{"rendered":"<p><span style=\"color: #0088ff;\"><strong>Verwendung:<\/strong><\/span><\/p>\n<p>Die Abw\u00e4sser aus hoch gelegenen H\u00e4usern flie\u00dfen dank der Scherkraft in die Kanalisation. Die Abw\u00e4sser in den flachen Lagen m\u00fcssen abgepumpt werden. Hauspumpwerke des Unternehmens Regeneracija bestehen aus einem Schacht, einer Tauchkreiselpumpe, aus Niveauschaltern, einem R\u00fccklauf-und einem Absperrventil, einer Druckrohrleitung sowie einem Deckel.<\/p>\n<p><span style=\"color: #0088ff;\"><strong>Eigenschaften:<\/strong><\/span><\/p>\n<ul>\n<li>Bosnisch-herzegowinisches Produkt,<\/li>\n<li>lange Lebensdauer,<\/li>\n<li>unempfindlich gegen\u00fcber niedrigen und hohen Temperaturen,<\/li>\n<li>hohe statische Tragkraft,<\/li>\n<li>Best\u00e4ndigkeit und geringf\u00fcgige Abnutzung,<\/li>\n<li>au\u00dferordentlich hohe chemische Best\u00e4ndigkeit,<\/li>\n<li>ein breites Produktionsprogramm,<\/li>\n<li>das geringe Gewicht erleichtert die Montage,<\/li>\n<li>einfache Wartung.<\/li>\n<\/ul>\n<p><span style=\"color: #0088ff;\"><strong>Funktion:<\/strong><\/span><\/p>\n<p>Die Abw\u00e4sser aus Haushalten flie\u00dfen in den Schacht. Wenn das Abwasser im Schacht ein bestimmtes Niveau erreicht, wird das Wasser mit Hilfe einer Tauchkreiselpumpe in die Kanalisation abgepumpt. Neben dem Niveauschalter, der f\u00fcr das Einschalten der Pumpe zust\u00e4ndig ist, kann auch ein Niveauschalter eingebaut werden der anzeigt wenn das Abwasserniveau zu hoch ist. Besondere Rotorpumpen verhindern, dass es zur Verstopfung der Pumpe und der Druckrohrleitung kommt.<\/p>\n<p>Im Falle eines Pumpenausfalls ist es wichtig, dass das R\u00fccklaufventil auf der Druckrohrleitung geschlossen und die Pumpe entfernt wird. Die Montage und das Entfernen der Pumpe ist sehr einfach und schnell. Wenn es sich um eine sehr kurze Druckrohrleitung handelt, werden R\u00fccklauf- und Absperrventile nicht ben\u00f6tigt.<\/p>\n<p><span style=\"color: #0088ff;\"><strong>Montage:<\/strong><\/span><\/p>\n<p>Das Hauspumpwerk kann sowohl auf befahrbaren als auch nicht befahrbaren Fl\u00e4chen bis zu einer Achsenbelastung von 125 KN eingebaut werden. Der Schacht wird in eine Baugrube mit Sandboden errichtet. In der H\u00f6he der Zuflussrohre wird eine \u00d6ffnung freigelassen und ein Montagerohranschlu\u00df befestigt.<\/p>\n<p>Anschlie\u00dfend werden Kanalisations- und Druckrohrleitungen unter Druck mit dem Schacht verbunden. Das Abdecken des Schachts ist im Kapitel \u201eAnweisungen f\u00fcr Transport und Montage\u201c beschrieben.<\/p>\n","protected":false},"excerpt":{"rendered":"<p>Verwendung: Die Abw\u00e4sser aus hoch gelegenen H\u00e4usern flie\u00dfen dank der Scherkraft in die Kanalisation. Die Abw\u00e4sser in den flachen Lagen m\u00fcssen abgepumpt werden. Hauspumpwerke des Unternehmens Regeneracija bestehen aus einem Schacht, einer Tauchkreiselpumpe, aus Niveauschaltern, einem R\u00fccklauf-und einem Absperrventil, einer<\/p>\n","protected":false},"author":1,"featured_media":1558,"parent":1835,"menu_order":0,"comment_status":"closed","ping_status":"closed","template":"","meta":{"footnotes":""},"translation":{"provider":"WPGlobus","version":"2.12.2","language":"de","enabled_languages":["bs","en","de"],"languages":{"bs":{"title":true,"content":true,"excerpt":false},"en":{"title":true,"content":true,"excerpt":false},"de":{"title":true,"content":true,"excerpt":false}}},"acf":[],"_links":{"self":[{"href":"https:\/\/regeneracija.ba\/de\/wp-json\/wp\/v2\/pages\/2190"}],"collection":[{"href":"https:\/\/regeneracija.ba\/de\/wp-json\/wp\/v2\/pages"}],"about":[{"href":"https:\/\/regeneracija.ba\/de\/wp-json\/wp\/v2\/types\/page"}],"author":[{"embeddable":true,"href":"https:\/\/regeneracija.ba\/de\/wp-json\/wp\/v2\/users\/1"}],"replies":[{"embeddable":true,"href":"https:\/\/regeneracija.ba\/de\/wp-json\/wp\/v2\/comments?post=2190"}],"version-history":[{"count":5,"href":"https:\/\/regeneracija.ba\/de\/wp-json\/wp\/v2\/pages\/2190\/revisions"}],"predecessor-version":[{"id":3636,"href":"https:\/\/regeneracija.ba\/de\/wp-json\/wp\/v2\/pages\/2190\/revisions\/3636"}],"up":[{"embeddable":true,"href":"https:\/\/regeneracija.ba\/de\/wp-json\/wp\/v2\/pages\/1835"}],"wp:featuredmedia":[{"embeddable":true,"href":"https:\/\/regeneracija.ba\/de\/wp-json\/wp\/v2\/media\/1558"}],"wp:attachment":[{"href":"https:\/\/regeneracija.ba\/de\/wp-json\/wp\/v2\/media?parent=2190"}],"curies":[{"name":"wp","href":"https:\/\/api.w.org\/{rel}","templated":true}]}}