{"id":2187,"date":"2016-12-26T10:39:12","date_gmt":"2016-12-26T10:39:12","guid":{"rendered":"http:\/\/regeneracija.ba\/?page_id=2187"},"modified":"2017-01-25T22:08:16","modified_gmt":"2017-01-25T22:08:16","slug":"prepumpne-stanice-velike-5-do-300-ls","status":"publish","type":"page","link":"https:\/\/regeneracija.ba\/de\/prepumpne-stanice\/prepumpne-stanice-velike-5-do-300-ls\/","title":{"rendered":"Pumpwerk (Gro\u00df &#8211; 5 bis zu 300l\/s)"},"content":{"rendered":"<p><span style=\"color: #0088ff;\"><strong>Verwendung:<\/strong><\/span><\/p>\n<p>Beim Bau von Kanalisationsleitungen werden Pumpwerke zum Umpumpen des Wassers eingebaut. Das Abwasser muss zum Ausgleich eines H\u00f6henunterschieds oder zur \u00dcberbr\u00fcckung einer gro\u00dfen Entfernung bei zu geringer Fallh\u00f6he umgepumpt werden. Das Pumpwerk besteht aus einem Schacht, einer Tauchkreiselpumpe, einem Niveauschalter, einem R\u00fccklauf-und einem Absperrventil, einer Druckrohrleitung, einer Leiter, einem Podest, einem Fanggitter und einem Deckel.<\/p>\n<p><span style=\"color: #0088ff;\"><strong>Eigenschaften:<\/strong><\/span><\/p>\n<ul>\n<li>Bosnisch-herzegowinisches Produkt,<\/li>\n<li>lange Lebensdauer,<\/li>\n<li>unempfindlich gegen\u00fcber niedrigen und hohen Temperaturen,<\/li>\n<li>hohe statische Tragkraft,<\/li>\n<li>Best\u00e4ndigkeit und geringf\u00fcgige Abnutzung,<\/li>\n<li>au\u00dferordentlich hohe chemische Best\u00e4ndigkeit,<\/li>\n<li>ein breites Produktionsprogramm,<\/li>\n<li>das geringe Gewicht erleichtert die Montage,<\/li>\n<li>einfache Wartung.<\/li>\n<\/ul>\n<p><span style=\"color: #0088ff;\"><strong>Funktion:<\/strong><\/span><\/p>\n<p>Pumpwerke bestehen aus einer oder mehreren Kammern. Die Grundversion besteht aus einer Kammer mit Pumpen. Die zus\u00e4tzlichen Kammern dienen als R\u00fcckhaltebecken, Kl\u00e4rschacht oder als Entlastungsvorrichtung. Die Abw\u00e4sser flie\u00dfen durch das Abflusskanalrohr (es k\u00f6nnen mehrere vorhanden sein) in den unteren Schacht, welches auch Pumpwerk genannt wird. Eine Sch\u00e4digung oder Verstopfung der Pumpen und der Druckrohrleitung kann verhindert werden, indem am Eingang der Zuflussrohre ein Fangkorb montiert wird.<\/p>\n<p>Wenn das Niveau in dem Pumpwerk eine bestimmte H\u00f6he erreicht hat, wird die Pumpe eingeschaltet. Die Pumpen schalten den Niveauschalter bzw. die entsprechenden Sensoren ein und aus. Die Gr\u00f6\u00dfe der Kammern und das Einschaltniveau der Pumpe werden aufgrund der Zufuhrmenge, der Kapazit\u00e4t der Pumpen oder der Anzahl der Einschaltungen w\u00e4hrend einer Stunde berechnet. Im Pumpwerk befinden sich immer zwei Pumpen, so dass im Falle eines Schadens an einer Pumpe weiterhin eine zufriedenstellende Funktion des Pumpwerks gew\u00e4hrleistet ist.<\/p>\n<p>Die Druck-rohrleitung ist mit R\u00fccklaufventilen, welche den R\u00fcckfluss des Wassers aus der Druckrohrleitung in das Pumpwerk verhindert, ausgestattet. Das Absperrventil an der Druckrohrleitung schaltet sich im Falle eines Schadens an der Pumpe ein. Zur Reinigung und Wartung des Pumpwerks ist ein Podest montiert, welches man \u00fcber eine montierte Leiter erreichen kann.<\/p>\n<p><span style=\"color: #0088ff;\"><strong>Montage:<\/strong><\/span><\/p>\n<p>Das Pumpwerk kann sowohl auf befahrbare als auch nicht befahrbaren Fl\u00e4chen bis zu einer Achsenbelastung von 125 KN eingebaut werden. Auf dem Boden der Baugrube muss ein Betonsockel angefertigt werden, der mit der Tiefe der Zufuhr bzw. der H\u00f6he des Pumpwerkes abgestimmt sein muss. Das Pumpwerk wird auf einen Betonsockel gestellt, verankert, die Armaturen verlegt und der Betonkranz gegossen. Nachdem das Pumpwerk verankert und das Sch\u00fcttgut abgeh\u00e4rtet ist, wird zus\u00e4tzlich f\u00fcr die befahrbare bzw. befahrbaren Fl\u00e4chen eine armierte Platte angefertigt.<\/p>\n","protected":false},"excerpt":{"rendered":"<p>Verwendung: Beim Bau von Kanalisationsleitungen werden Pumpwerke zum Umpumpen des Wassers eingebaut. Das Abwasser muss zum Ausgleich eines H\u00f6henunterschieds oder zur \u00dcberbr\u00fcckung einer gro\u00dfen Entfernung bei zu geringer Fallh\u00f6he umgepumpt werden. Das Pumpwerk besteht aus einem Schacht, einer Tauchkreiselpumpe, einem<\/p>\n","protected":false},"author":1,"featured_media":1558,"parent":1835,"menu_order":0,"comment_status":"closed","ping_status":"closed","template":"","meta":{"footnotes":""},"translation":{"provider":"WPGlobus","version":"2.12.2","language":"de","enabled_languages":["bs","en","de"],"languages":{"bs":{"title":true,"content":true,"excerpt":false},"en":{"title":true,"content":true,"excerpt":false},"de":{"title":true,"content":true,"excerpt":false}}},"acf":[],"_links":{"self":[{"href":"https:\/\/regeneracija.ba\/de\/wp-json\/wp\/v2\/pages\/2187"}],"collection":[{"href":"https:\/\/regeneracija.ba\/de\/wp-json\/wp\/v2\/pages"}],"about":[{"href":"https:\/\/regeneracija.ba\/de\/wp-json\/wp\/v2\/types\/page"}],"author":[{"embeddable":true,"href":"https:\/\/regeneracija.ba\/de\/wp-json\/wp\/v2\/users\/1"}],"replies":[{"embeddable":true,"href":"https:\/\/regeneracija.ba\/de\/wp-json\/wp\/v2\/comments?post=2187"}],"version-history":[{"count":4,"href":"https:\/\/regeneracija.ba\/de\/wp-json\/wp\/v2\/pages\/2187\/revisions"}],"predecessor-version":[{"id":2733,"href":"https:\/\/regeneracija.ba\/de\/wp-json\/wp\/v2\/pages\/2187\/revisions\/2733"}],"up":[{"embeddable":true,"href":"https:\/\/regeneracija.ba\/de\/wp-json\/wp\/v2\/pages\/1835"}],"wp:featuredmedia":[{"embeddable":true,"href":"https:\/\/regeneracija.ba\/de\/wp-json\/wp\/v2\/media\/1558"}],"wp:attachment":[{"href":"https:\/\/regeneracija.ba\/de\/wp-json\/wp\/v2\/media?parent=2187"}],"curies":[{"name":"wp","href":"https:\/\/api.w.org\/{rel}","templated":true}]}}