{"id":1899,"date":"2016-12-06T15:37:29","date_gmt":"2016-12-06T15:37:29","guid":{"rendered":"http:\/\/localhost\/regeneracija\/?page_id=1899"},"modified":"2017-01-30T15:20:48","modified_gmt":"2017-01-30T15:20:48","slug":"vodovodna-okna","status":"publish","type":"page","link":"https:\/\/regeneracija.ba\/de\/vodovodna-okna\/","title":{"rendered":"PEGELSCHACHT"},"content":{"rendered":"<!-- meta slider -->\n<div style=\"width: 100%; margin: 0 auto;\" class=\"metaslider metaslider-flex metaslider-2007 ml-slider slider-proizvodi nav-hidden\">\n    \n    <div id=\"metaslider_container_2007\">\n        <div id=\"metaslider_2007\">\n            <ul class=\"slides\">\n                <li style=\"display: block; width: 100%;\" class=\"slide-2008 ms-image\"><img src=\"https:\/\/regeneracija.ba\/wp-content\/uploads\/2016\/12\/vodovodna-okna.jpg\" height=\"0\" width=\"0\" alt=\"\" class=\"slider-2007 slide-2008\" \/><\/li>\n            <\/ul>\n        <\/div>\n        \n    <\/div>\n    <script type=\"text\/javascript\">\n        var metaslider_2007 = function($) {\n            $('#metaslider_2007').addClass('flexslider'); \/\/ theme\/plugin conflict avoidance\n            $('#metaslider_2007').flexslider({ \n                slideshowSpeed:3000,\n                animation:\"fade\",\n                controlNav:false,\n                directionNav:true,\n                pauseOnHover:true,\n                direction:\"horizontal\",\n                reverse:false,\n                animationSpeed:600,\n                prevText:\"&lt;\",\n                nextText:\"&gt;\",\n                slideshow:true\n            });\n        };\n        var timer_metaslider_2007 = function() {\n            var slider = !window.jQuery ? window.setTimeout(timer_metaslider_2007, 100) : !jQuery.isReady ? window.setTimeout(timer_metaslider_2007, 1) : metaslider_2007(window.jQuery);\n        };\n        timer_metaslider_2007();\n    <\/script>\n<\/div>\n<!--\/\/ meta slider-->\n<p><span style=\"color: #0088ff;\"><strong>Verwendung:<\/strong><\/span><\/p>\n<p>Die Pegelsch\u00e4chte erm\u00f6glichen den Zugang zum Pegel und bei Au\u00dfenpegeln den Zugang zu den anderen Rohrarmaturen. Aufgrund der hohen Qualit\u00e4t, der guten Abdichtung, des geringen Gewichts, dem einfachen Einbau und des g\u00fcnstigen Preises, werden gr\u00f6\u00dftenteils Halbmontage-Polyestersch\u00e4chte verwendet.<\/p>\n<p>Die Pegelsch\u00e4chte k\u00f6nnen entweder mit der kompletten Rohrinstallation oder exklusiv mit wasserdichten Einf\u00fchrungen f\u00fcr Rohre inklusive Untergestell, f\u00fcr die Befestigung der Rohrarmatur, geliefert werden.<\/p>\n<p><span style=\"color: #0088ff;\"><strong>Eigenschaften:<\/strong><\/span><\/p>\n<ul>\n<li>Bosnisch-herzegowinisches Produkt,<\/li>\n<li>lange Lebensdauer,<\/li>\n<li>unempfindlich gegen\u00fcber niedrigen und hohen Temperaturen,<\/li>\n<li>hohe statische Tragkraft,<\/li>\n<li>langandauernde Best\u00e4ndigkeit und geringf\u00fcgige Abnutzung,<\/li>\n<li>au\u00dferordentlich hohe chemische Best\u00e4ndigkeit,<\/li>\n<li>ein breites Produktionsprogramm,<\/li>\n<li>das geringe Gewicht erleichtert die Montage,<\/li>\n<li>einfache Wartung.<\/li>\n<\/ul>\n<p><span style=\"color: #0088ff;\"><strong>Funktion:<\/strong><\/span><\/p>\n<p>Der Pegelschacht ist ein eingegrabener Beh\u00e4lter, der den Pegel vor Frost sch\u00fctzt und der das Ablesen erm\u00f6glicht. Im Schacht kann sich eine Rohrleitung mit mehreren Pegel befinden.<\/p>\n<p><span style=\"color: #0088ff;\"><strong>Einbau:<\/strong><\/span><\/p>\n<p>Der Schacht zum Messen des Wasserdurchlaufs wird mittels Sandbettung in eine Baugrube gelegt. Die Tiefe der Eingrabung muss entsprechend der H\u00f6he der Rohranschl\u00fcsse und der Schachth\u00f6he angepasst werden (wenn sich in der N\u00e4he Grundwasser befindet, muss das Gesims am Boden des Schachtes auf die Unterbetonplatte befestigt werden).<\/p>\n<p>Wenn der Schacht gesetzt ist, werden die Druckrohre in die Einf\u00fchrung geschoben und mit beigelegten Gummidichtungen abgedichtet. \u00dcber Druckrohre werden anschlie\u00dfend die vorbereiteten Schutzrohre geschoben. Die Druckrohre im Schacht werden im \u00dcbrigen auf eine Armatur mit Wassermesser angeschlossen.<\/p>\n","protected":false},"excerpt":{"rendered":"<p>Verwendung: Die Pegelsch\u00e4chte erm\u00f6glichen den Zugang zum Pegel und bei Au\u00dfenpegeln den Zugang zu den anderen Rohrarmaturen. Aufgrund der hohen Qualit\u00e4t, der guten Abdichtung, des geringen Gewichts, dem einfachen Einbau und des g\u00fcnstigen Preises, werden gr\u00f6\u00dftenteils Halbmontage-Polyestersch\u00e4chte verwendet. Die Pegelsch\u00e4chte<\/p>\n","protected":false},"author":1,"featured_media":1559,"parent":0,"menu_order":0,"comment_status":"closed","ping_status":"closed","template":"","meta":{"footnotes":""},"translation":{"provider":"WPGlobus","version":"2.12.2","language":"de","enabled_languages":["bs","en","de"],"languages":{"bs":{"title":true,"content":true,"excerpt":false},"en":{"title":true,"content":true,"excerpt":false},"de":{"title":true,"content":true,"excerpt":false}}},"acf":[],"_links":{"self":[{"href":"https:\/\/regeneracija.ba\/de\/wp-json\/wp\/v2\/pages\/1899"}],"collection":[{"href":"https:\/\/regeneracija.ba\/de\/wp-json\/wp\/v2\/pages"}],"about":[{"href":"https:\/\/regeneracija.ba\/de\/wp-json\/wp\/v2\/types\/page"}],"author":[{"embeddable":true,"href":"https:\/\/regeneracija.ba\/de\/wp-json\/wp\/v2\/users\/1"}],"replies":[{"embeddable":true,"href":"https:\/\/regeneracija.ba\/de\/wp-json\/wp\/v2\/comments?post=1899"}],"version-history":[{"count":5,"href":"https:\/\/regeneracija.ba\/de\/wp-json\/wp\/v2\/pages\/1899\/revisions"}],"predecessor-version":[{"id":3641,"href":"https:\/\/regeneracija.ba\/de\/wp-json\/wp\/v2\/pages\/1899\/revisions\/3641"}],"wp:featuredmedia":[{"embeddable":true,"href":"https:\/\/regeneracija.ba\/de\/wp-json\/wp\/v2\/media\/1559"}],"wp:attachment":[{"href":"https:\/\/regeneracija.ba\/de\/wp-json\/wp\/v2\/media?parent=1899"}],"curies":[{"name":"wp","href":"https:\/\/api.w.org\/{rel}","templated":true}]}}