{"id":1897,"date":"2016-12-06T15:37:15","date_gmt":"2016-12-06T15:37:15","guid":{"rendered":"http:\/\/localhost\/regeneracija\/?page_id=1897"},"modified":"2018-06-29T09:39:28","modified_gmt":"2018-06-29T09:39:28","slug":"rezervoari-za-vodu","status":"publish","type":"page","link":"https:\/\/regeneracija.ba\/de\/rezervoari-za-vodu\/","title":{"rendered":"WASSERSPEICHER"},"content":{"rendered":"<div class='content-column one_half'><img decoding=\"async\" loading=\"lazy\" class=\"size-medium wp-image-3696 aligncenter\" src=\"https:\/\/regeneracija.ba\/wp-content\/uploads\/2016\/12\/cisterna-za-tehnicku-300x300.png\" alt=\"\" width=\"300\" height=\"300\" srcset=\"https:\/\/regeneracija.ba\/wp-content\/uploads\/2016\/12\/cisterna-za-tehnicku-300x300.png 300w, https:\/\/regeneracija.ba\/wp-content\/uploads\/2016\/12\/cisterna-za-tehnicku-150x150.png 150w, https:\/\/regeneracija.ba\/wp-content\/uploads\/2016\/12\/cisterna-za-tehnicku-768x768.png 768w, https:\/\/regeneracija.ba\/wp-content\/uploads\/2016\/12\/cisterna-za-tehnicku-270x270.png 270w, https:\/\/regeneracija.ba\/wp-content\/uploads\/2016\/12\/cisterna-za-tehnicku-230x230.png 230w, https:\/\/regeneracija.ba\/wp-content\/uploads\/2016\/12\/cisterna-za-tehnicku.png 800w\" sizes=\"(max-width: 300px) 100vw, 300px\" \/><\/div>\n<div class='content-column one_half last_column'><p><img decoding=\"async\" loading=\"lazy\" class=\"size-medium wp-image-3695 aligncenter\" src=\"https:\/\/regeneracija.ba\/wp-content\/uploads\/2016\/12\/cisterna-za-pitku-300x300.png\" alt=\"\" width=\"300\" height=\"300\" srcset=\"https:\/\/regeneracija.ba\/wp-content\/uploads\/2016\/12\/cisterna-za-pitku-300x300.png 300w, https:\/\/regeneracija.ba\/wp-content\/uploads\/2016\/12\/cisterna-za-pitku-150x150.png 150w, https:\/\/regeneracija.ba\/wp-content\/uploads\/2016\/12\/cisterna-za-pitku-768x768.png 768w, https:\/\/regeneracija.ba\/wp-content\/uploads\/2016\/12\/cisterna-za-pitku-270x270.png 270w, https:\/\/regeneracija.ba\/wp-content\/uploads\/2016\/12\/cisterna-za-pitku-230x230.png 230w, https:\/\/regeneracija.ba\/wp-content\/uploads\/2016\/12\/cisterna-za-pitku.png 800w\" sizes=\"(max-width: 300px) 100vw, 300px\" \/><\/p><\/div><div class='clear_column'><\/div>\n<p><span style=\"color: #0088ff;\"><strong>Verwendung:<\/strong><\/span><\/p>\n<p>Der Wasserspeicher wird unter der Erdoberfl\u00e4che vergraben. Das Gel\u00e4nde um den Deckel muss sauber sein, damit in den Beh\u00e4lter keine gro\u00dfen und festen Teilchen fallen.<\/p>\n<p><span style=\"color: #0088ff;\"><strong>Eigenschaften:<\/strong><\/span><\/p>\n<ul>\n<li>Bosnisch-herzegowinisches Produkt,<\/li>\n<li>lange Lebensdauer,<\/li>\n<li>unempfindlich gegen\u00fcber niedrigen und hohen Temperaturen,<\/li>\n<li>hohe statische Tragkraft,<\/li>\n<li>Best\u00e4ndigkeit und geringf\u00fcgige Abnutzung,<\/li>\n<li>au\u00dferordentlich hohe chemische Best\u00e4ndigkeit,<\/li>\n<li>ein breites Produktionsprogramm,<\/li>\n<li>das geringe Gewicht erleichtert die Montage,<\/li>\n<li>einfache Wartung.<\/li>\n<\/ul>\n<p><span style=\"color: #0088ff;\"><strong>Funktion:<\/strong><\/span><\/p>\n<p>Der Wasserspeicher ist ein Zweikammer-Beh\u00e4lter der ausschlie\u00dflich f\u00fcr die Wasseraufbewahrung verwendet wird.<\/p>\n<p>Die erste Kammer dient zur Wasseraufbewahrung, die zweite als Vorraum f\u00fcr \u00dcberwachung und Wartung des Beh\u00e4lters. Die erste Kammer ist mit Rohranschl\u00fcssen f\u00fcr Wasserzu- und Wasserabfluss sowie mit Rohranschl\u00fcssen f\u00fcr die vollst\u00e4ndige Entleerung, mit \u00dcberlauf, Entl\u00fcftung und mit einer Eingangs\u00f6ffnung ausgestattet. Das Wasser kann durch Schwerkraft oder mit Hilfe von Elektropumpen die im Vorraum angebracht sind abflie\u00dfen. Der Zugang zum Vorraum ist durch einen vertikalen Schacht oder durch ein horizontal aufgestelltes Rohr m\u00f6glich.<\/p>\n<p><span style=\"color: #0088ff;\"><strong>Montage:<\/strong><\/span><\/p>\n<p>Der Wasserspeicher ist in der Regel ein eingegrabenes Gef\u00e4\u00df, welches mittels eines vertikalen Schachts oder einer horizontalen R\u00f6hre zug\u00e4nglich ist. Der nicht befahrbare Schacht ist mit einer L\u00fcftungs\u00f6ffnung ausgestattet und mit einem Sicherheitsschlo\u00df gesichert.<\/p>\n<p>Ein mittels Stahlt\u00fcre gesicherter Zugang zur Wasserleitung wird immer dann verwendet, wenn sich der Wasserbeh\u00e4lter an einem Hang befindet.<\/p>\n","protected":false},"excerpt":{"rendered":"<p>Verwendung: Der Wasserspeicher wird unter der Erdoberfl\u00e4che vergraben. Das Gel\u00e4nde um den Deckel muss sauber sein, damit in den Beh\u00e4lter keine gro\u00dfen und festen Teilchen fallen. Eigenschaften: Bosnisch-herzegowinisches Produkt, lange Lebensdauer, unempfindlich gegen\u00fcber niedrigen und hohen Temperaturen, hohe statische Tragkraft,<\/p>\n","protected":false},"author":1,"featured_media":1559,"parent":0,"menu_order":0,"comment_status":"closed","ping_status":"closed","template":"","meta":{"footnotes":""},"translation":{"provider":"WPGlobus","version":"2.12.2","language":"de","enabled_languages":["bs","en","de"],"languages":{"bs":{"title":true,"content":true,"excerpt":false},"en":{"title":true,"content":true,"excerpt":false},"de":{"title":true,"content":true,"excerpt":false}}},"acf":[],"_links":{"self":[{"href":"https:\/\/regeneracija.ba\/de\/wp-json\/wp\/v2\/pages\/1897"}],"collection":[{"href":"https:\/\/regeneracija.ba\/de\/wp-json\/wp\/v2\/pages"}],"about":[{"href":"https:\/\/regeneracija.ba\/de\/wp-json\/wp\/v2\/types\/page"}],"author":[{"embeddable":true,"href":"https:\/\/regeneracija.ba\/de\/wp-json\/wp\/v2\/users\/1"}],"replies":[{"embeddable":true,"href":"https:\/\/regeneracija.ba\/de\/wp-json\/wp\/v2\/comments?post=1897"}],"version-history":[{"count":11,"href":"https:\/\/regeneracija.ba\/de\/wp-json\/wp\/v2\/pages\/1897\/revisions"}],"predecessor-version":[{"id":3822,"href":"https:\/\/regeneracija.ba\/de\/wp-json\/wp\/v2\/pages\/1897\/revisions\/3822"}],"wp:featuredmedia":[{"embeddable":true,"href":"https:\/\/regeneracija.ba\/de\/wp-json\/wp\/v2\/media\/1559"}],"wp:attachment":[{"href":"https:\/\/regeneracija.ba\/de\/wp-json\/wp\/v2\/media?parent=1897"}],"curies":[{"name":"wp","href":"https:\/\/api.w.org\/{rel}","templated":true}]}}