{"id":1895,"date":"2016-12-06T15:36:57","date_gmt":"2016-12-06T15:36:57","guid":{"rendered":"http:\/\/localhost\/regeneracija\/?page_id=1895"},"modified":"2018-07-19T08:12:37","modified_gmt":"2018-07-19T08:12:37","slug":"kaptaza","status":"publish","type":"page","link":"https:\/\/regeneracija.ba\/de\/kaptaza\/","title":{"rendered":"WASSERFASSUNG"},"content":{"rendered":"<p><img decoding=\"async\" loading=\"lazy\" class=\"aligncenter wp-image-3789\" src=\"https:\/\/regeneracija.ba\/wp-content\/uploads\/2016\/12\/kaptaza.png\" alt=\"\" width=\"400\" height=\"400\" srcset=\"https:\/\/regeneracija.ba\/wp-content\/uploads\/2016\/12\/kaptaza.png 800w, https:\/\/regeneracija.ba\/wp-content\/uploads\/2016\/12\/kaptaza-150x150.png 150w, https:\/\/regeneracija.ba\/wp-content\/uploads\/2016\/12\/kaptaza-300x300.png 300w, https:\/\/regeneracija.ba\/wp-content\/uploads\/2016\/12\/kaptaza-768x768.png 768w, https:\/\/regeneracija.ba\/wp-content\/uploads\/2016\/12\/kaptaza-270x270.png 270w, https:\/\/regeneracija.ba\/wp-content\/uploads\/2016\/12\/kaptaza-230x230.png 230w\" sizes=\"(max-width: 400px) 100vw, 400px\" \/><\/p>\n<p><span style=\"color: #0088ff;\"><strong>Verwendung:<\/strong><\/span><\/p>\n<p>Ein Wasserreservoir ist in der Regel ein eingegrabener Beh\u00e4lter, bei dem der Zugang zum Vorraum \u00fcber einen vertikalen Schacht oder \u00fcber ein horizontales Rohr gesichert ist. Nicht befahrbare Sch\u00e4chte sind mit einer L\u00fcftungs\u00f6ffnung und einem Sicherheitsschloss ausgestattet. Ein mittels Stahlt\u00fcre gesicherter Zugang zur Wasserleitung wird immer dann verwendet, wenn sich der Wasserbeh\u00e4lter an einem Hang befindet.<\/p>\n<p><span style=\"color: #0088ff;\"><strong>Eigenschaften:<\/strong><\/span><\/p>\n<ul>\n<li>Bosnisch-herzegowinisches Produkt,<\/li>\n<li>lange Lebensdauer,<\/li>\n<li>unempfindlich gegen\u00fcber niedrigen und hohen Temperaturen,<\/li>\n<li>hohe statische Tragkraft,<\/li>\n<li>Best\u00e4ndigkeit und geringf\u00fcgige Abnutzung,<\/li>\n<li>au\u00dferordentlich hohe chemische Best\u00e4ndigkeit,<\/li>\n<li>ein breites Produktionsprogramm,<\/li>\n<li>das geringe Gewicht erleichtert die Montage,<\/li>\n<li>einfache Wartung.<\/li>\n<\/ul>\n<p><span style=\"color: #0088ff;\"><strong>Funktion:<\/strong><\/span><\/p>\n<p>\u00dcber eine Tonladung wird das Wasser in die Wasserfassung geleitet. In der ersten Kammer setzen sich die gro\u00dfen und festen Stoffteilchen auf dem Boden ab. Das gereinigte Wasser flie\u00dft \u00fcber eine \u00dcberlaufwand und einen Filter in den Wasserschpeicher und Trinkwasserbeh\u00e4lter. Durch eine W\u00e4rmeisolierung ist die Wasserfassung vor Frost gesch\u00fctzt. Der Deckel und die Entl\u00fcftung sind vor unbefugtem Zutritt gesch\u00fctzt.<\/p>\n<p>Die Wasserfassung f\u00fcr die Aufbewahrung von Quell- und Trinkwasser ist auch mit einem Anschluss zum vollst\u00e4ndigen Ausfluss und einem \u00dcberlauf f\u00fcr \u00fcbersch\u00fcssiges Wasser ausgestattet.<\/p>\n<p><span style=\"color: #0088ff;\"><strong>Montage:<\/strong><\/span><\/p>\n<p>Der Wasserspeicher ist in der Regel ein eingegrabenes Gef\u00e4\u00df, welches mittels eines vertikalen Schachts oder einer horizontalen R\u00f6hre zug\u00e4nglich ist. Der nicht befahrbare Schacht ist mit einer L\u00fcftungs\u00f6ffnung ausgestattet und mit einem Sicherheitsschlo\u00df gesichert.<\/p>\n<p>Ein mittels Stahlt\u00fcre gesicherter Zugang zur Wasserleitung wird immer dann verwendet, wenn sich der Wasserbeh\u00e4lter an einem Hang befindet.<\/p>\n","protected":false},"excerpt":{"rendered":"<p>Verwendung: Ein Wasserreservoir ist in der Regel ein eingegrabener Beh\u00e4lter, bei dem der Zugang zum Vorraum \u00fcber einen vertikalen Schacht oder \u00fcber ein horizontales Rohr gesichert ist. Nicht befahrbare Sch\u00e4chte sind mit einer L\u00fcftungs\u00f6ffnung und einem Sicherheitsschloss ausgestattet. Ein mittels<\/p>\n","protected":false},"author":1,"featured_media":1559,"parent":0,"menu_order":0,"comment_status":"closed","ping_status":"closed","template":"","meta":{"footnotes":""},"translation":{"provider":"WPGlobus","version":"2.12.2","language":"de","enabled_languages":["bs","en","de"],"languages":{"bs":{"title":true,"content":true,"excerpt":false},"en":{"title":true,"content":true,"excerpt":false},"de":{"title":true,"content":true,"excerpt":false}}},"acf":[],"_links":{"self":[{"href":"https:\/\/regeneracija.ba\/de\/wp-json\/wp\/v2\/pages\/1895"}],"collection":[{"href":"https:\/\/regeneracija.ba\/de\/wp-json\/wp\/v2\/pages"}],"about":[{"href":"https:\/\/regeneracija.ba\/de\/wp-json\/wp\/v2\/types\/page"}],"author":[{"embeddable":true,"href":"https:\/\/regeneracija.ba\/de\/wp-json\/wp\/v2\/users\/1"}],"replies":[{"embeddable":true,"href":"https:\/\/regeneracija.ba\/de\/wp-json\/wp\/v2\/comments?post=1895"}],"version-history":[{"count":8,"href":"https:\/\/regeneracija.ba\/de\/wp-json\/wp\/v2\/pages\/1895\/revisions"}],"predecessor-version":[{"id":3806,"href":"https:\/\/regeneracija.ba\/de\/wp-json\/wp\/v2\/pages\/1895\/revisions\/3806"}],"wp:featuredmedia":[{"embeddable":true,"href":"https:\/\/regeneracija.ba\/de\/wp-json\/wp\/v2\/media\/1559"}],"wp:attachment":[{"href":"https:\/\/regeneracija.ba\/de\/wp-json\/wp\/v2\/media?parent=1895"}],"curies":[{"name":"wp","href":"https:\/\/api.w.org\/{rel}","templated":true}]}}