{"id":1893,"date":"2016-12-06T15:36:47","date_gmt":"2016-12-06T15:36:47","guid":{"rendered":"http:\/\/localhost\/regeneracija\/?page_id=1893"},"modified":"2017-01-30T14:49:47","modified_gmt":"2017-01-30T14:49:47","slug":"sistemi-za-skupljanje-kisnice","status":"publish","type":"page","link":"https:\/\/regeneracija.ba\/de\/sistemi-za-skupljanje-kisnice\/","title":{"rendered":"REGENWASSERSPEICHER"},"content":{"rendered":"<!-- meta slider -->\n<div style=\"max-width: falsepx;\" class=\"metaslider metaslider-flex metaslider-1994 ml-slider slider-proizvodi nav-hidden\">\n    \n    <div id=\"metaslider_container_1994\">\n        <div id=\"metaslider_1994\">\n            <ul class=\"slides\">\n                <li style=\"display: block; width: 100%;\" class=\"slide-1995 ms-image\"><img src=\"https:\/\/regeneracija.ba\/wp-content\/uploads\/2016\/12\/sistemi-za-skupljanje-kisnice-0x0.jpg\" alt=\"\" class=\"slider-1994 slide-1995\" \/><\/li>\n            <\/ul>\n        <\/div>\n        \n    <\/div>\n    <script type=\"text\/javascript\">\n        var metaslider_1994 = function($) {\n            $('#metaslider_1994').addClass('flexslider'); \/\/ theme\/plugin conflict avoidance\n            $('#metaslider_1994').flexslider({ \n                slideshowSpeed:3000,\n                animation:\"fade\",\n                controlNav:false,\n                directionNav:true,\n                pauseOnHover:true,\n                direction:\"horizontal\",\n                reverse:false,\n                animationSpeed:600,\n                prevText:\"&lt;\",\n                nextText:\"&gt;\",\n                slideshow:true\n            });\n        };\n        var timer_metaslider_1994 = function() {\n            var slider = !window.jQuery ? window.setTimeout(timer_metaslider_1994, 100) : !jQuery.isReady ? window.setTimeout(timer_metaslider_1994, 1) : metaslider_1994(window.jQuery);\n        };\n        timer_metaslider_1994();\n    <\/script>\n<\/div>\n<!--\/\/ meta slider-->\n<p><span style=\"color: #0088ff;\"><strong>Verwendung:<\/strong><\/span><\/p>\n<p>Da es zunehmend an Trinkwasser mangelt, wird dieses immer wertvoller. Daher ist die Verwendung von Trinkwasser f\u00fcr Toiletten, zum W\u00e4schewaschen und Gartengie\u00dfen unangemessen. Regenwasserspeicher sind eingebaute Speicher, in die das Regenwasser von den D\u00e4chern flie\u00dft und anschlie\u00dfend in das Rohrsystem zur Verwendung umgepumpt wird.<\/p>\n<ul>\n<li>Die ben\u00f6tigte Gr\u00f6\u00dfe des Speichers = 0,06 x j\u00e4hrliche Regenwassermenge<\/li>\n<li>Die j\u00e4hrliche Regenwassermenge = die Fl\u00e4che des Daches x j\u00e4hrliche Niederschl\u00e4ge (0,8 m3\/m2) x 0,8<\/li>\n<\/ul>\n<p><span style=\"color: #0088ff;\"><strong>Das Regenwasser kann f\u00fcr folgende T\u00e4tigkeiten verwendet werden:<\/strong><\/span><\/p>\n<ul>\n<li>Sp\u00fclen der Toilette &#8211; 8 m3 pro Person\/Jahr<\/li>\n<li>W\u00e4schewaschen &#8211; 6 m3 pro Person\/Jahr<\/li>\n<li>Reinigung &#8211; 2 m3 pro Person\/Jahr<\/li>\n<li>Gartengie\u00dfen &#8211; 6 m3 auf 100 m2 Gartenfl\u00e4che<\/li>\n<\/ul>\n<p><span style=\"color: #0088ff;\"><strong>Eigenschaften:<\/strong><\/span><\/p>\n<ul>\n<li>Bosnisch-herzegowinisches Produkt,<\/li>\n<li>lange Lebensdauer,<\/li>\n<li>unempfindlich gegen\u00fcber niedrigen und hohen Temperaturen,<\/li>\n<li>hohe statische Tragkraft,<\/li>\n<li>Best\u00e4ndigkeit und geringf\u00fcgige Abnutzung,<\/li>\n<li>au\u00dferordentlich hohe chemische Best\u00e4ndigkeit,<\/li>\n<li>ein breites Produktionsprogramm,<\/li>\n<li>das geringe Gewicht erleichtert die Montage,<\/li>\n<li>einfache Wartung.<\/li>\n<\/ul>\n<p><span style=\"color: #0088ff;\"><strong>Funktion:<\/strong><\/span><\/p>\n<p>Regenwasser flie\u00dft durch die Dachrinnen in einen Schacht mit Reinigungsgitter und \u00dcberlauf. Das Wasser in welchem sich keine Feststoffteilchen befinden, flie\u00dft in den Speicher. Wenn der Speicher seine Kapazit\u00e4tsgrenze erreicht hat, flie\u00dft das \u00fcbersch\u00fcssige Wasser \u00fcber einen \u00dcberlauf in einen Filter oder in das Oberfl\u00e4chenwasser ab. Das Wasser wird mit einer Tauchpumpe oder \u00fcber einen Hydrophor aus dem Speicher gepumpt. Die Kontrolle des Wasserniveaus sowie das Einschalten des Pumpsystems wird mit einem Niveauschalter gesichert.<\/p>\n<p><span style=\"color: #0088ff;\"><strong>Montage:<\/strong><\/span><\/p>\n<p>Der Speicher wird in den Boden auf befahrbarer oder nicht befahrbarer Fl\u00e4che eingegraben. Das Gel\u00e4nde um die Deckel herum muss gereinigt sein, damit in den Speicher keine Feststoffteilchen fallen.<\/p>\n<p>&nbsp;<\/p>\n","protected":false},"excerpt":{"rendered":"<p>Verwendung: Da es zunehmend an Trinkwasser mangelt, wird dieses immer wertvoller. Daher ist die Verwendung von Trinkwasser f\u00fcr Toiletten, zum W\u00e4schewaschen und Gartengie\u00dfen unangemessen. Regenwasserspeicher sind eingebaute Speicher, in die das Regenwasser von den D\u00e4chern flie\u00dft und anschlie\u00dfend in das<\/p>\n","protected":false},"author":1,"featured_media":0,"parent":0,"menu_order":0,"comment_status":"closed","ping_status":"closed","template":"","meta":{"footnotes":""},"translation":{"provider":"WPGlobus","version":"2.12.2","language":"de","enabled_languages":["bs","en","de"],"languages":{"bs":{"title":true,"content":true,"excerpt":false},"en":{"title":true,"content":true,"excerpt":false},"de":{"title":true,"content":true,"excerpt":false}}},"acf":[],"_links":{"self":[{"href":"https:\/\/regeneracija.ba\/de\/wp-json\/wp\/v2\/pages\/1893"}],"collection":[{"href":"https:\/\/regeneracija.ba\/de\/wp-json\/wp\/v2\/pages"}],"about":[{"href":"https:\/\/regeneracija.ba\/de\/wp-json\/wp\/v2\/types\/page"}],"author":[{"embeddable":true,"href":"https:\/\/regeneracija.ba\/de\/wp-json\/wp\/v2\/users\/1"}],"replies":[{"embeddable":true,"href":"https:\/\/regeneracija.ba\/de\/wp-json\/wp\/v2\/comments?post=1893"}],"version-history":[{"count":6,"href":"https:\/\/regeneracija.ba\/de\/wp-json\/wp\/v2\/pages\/1893\/revisions"}],"predecessor-version":[{"id":3637,"href":"https:\/\/regeneracija.ba\/de\/wp-json\/wp\/v2\/pages\/1893\/revisions\/3637"}],"wp:attachment":[{"href":"https:\/\/regeneracija.ba\/de\/wp-json\/wp\/v2\/media?parent=1893"}],"curies":[{"name":"wp","href":"https:\/\/api.w.org\/{rel}","templated":true}]}}