{"id":1885,"date":"2016-12-06T15:24:56","date_gmt":"2016-12-06T15:24:56","guid":{"rendered":"http:\/\/localhost\/regeneracija\/?page_id=1885"},"modified":"2018-03-21T14:31:43","modified_gmt":"2018-03-21T14:31:43","slug":"rasteretnik","status":"publish","type":"page","link":"https:\/\/regeneracija.ba\/de\/rasteretnik\/","title":{"rendered":"ENTLASTUNGSVORRICHTUNG"},"content":{"rendered":"<!-- meta slider -->\n<div style=\"max-width: falsepx;\" class=\"metaslider metaslider-flex metaslider-1985 ml-slider slider-proizvodi nav-hidden\">\n    \n    <div id=\"metaslider_container_1985\">\n        <div id=\"metaslider_1985\">\n            <ul class=\"slides\">\n                <li style=\"display: block; width: 100%;\" class=\"slide-1986 ms-image\"><img src=\"https:\/\/regeneracija.ba\/wp-content\/uploads\/2016\/12\/rasteretnik-0x0.jpg\" alt=\"\" class=\"slider-1985 slide-1986\" \/><\/li>\n            <\/ul>\n        <\/div>\n        \n    <\/div>\n    <script type=\"text\/javascript\">\n        var metaslider_1985 = function($) {\n            $('#metaslider_1985').addClass('flexslider'); \/\/ theme\/plugin conflict avoidance\n            $('#metaslider_1985').flexslider({ \n                slideshowSpeed:3000,\n                animation:\"fade\",\n                controlNav:false,\n                directionNav:true,\n                pauseOnHover:true,\n                direction:\"horizontal\",\n                reverse:false,\n                animationSpeed:600,\n                prevText:\"&lt;\",\n                nextText:\"&gt;\",\n                slideshow:true\n            });\n        };\n        var timer_metaslider_1985 = function() {\n            var slider = !window.jQuery ? window.setTimeout(timer_metaslider_1985, 100) : !jQuery.isReady ? window.setTimeout(timer_metaslider_1985, 1) : metaslider_1985(window.jQuery);\n        };\n        timer_metaslider_1985();\n    <\/script>\n<\/div>\n<!--\/\/ meta slider-->\n<p><span style=\"color: #0088ff;\"><strong>Verwendung:<\/strong><\/span><\/p>\n<p>In kommunalen und industriellen Sektoren steigt der Wasserverbrauch kontinuierlich an. Die Folge ist eine gr\u00f6\u00dfere Menge an Abwasser, welches die nat\u00fcrliche Umgebung belastet und den Trinkwasservorrat gef\u00e4hrdet. Besonders nach l\u00e4ngeren Regenperioden, wenn der Wasserzufluss sehr hoch ist, k\u00f6nnen die Kl\u00e4ranlagen das Wasser nicht wirkungsvoll kl\u00e4ren. Mit der Entlastungsvorrichtung werden die kritischen Zufl\u00fcsse (Hochwasser) an den Reinigungsanlagen vorbei geleitet, da das umgeleitete Wasser schon verh\u00e4ltnism\u00e4\u00dfig rein ist. Das \u00fcbersch\u00fcssige Wasser muss neben den \u00d6labscheidern und neben der Entw\u00e4sserung der Autobahnen umgeleitet werden.<\/p>\n<p><span style=\"color: #0088ff;\"><strong>Eigenschaften:<\/strong><\/span><\/p>\n<ul>\n<li>Bosnisch-herzegowinisches Produkt,<\/li>\n<li>lange Lebensdauer,<\/li>\n<li>unempfindlich gegen\u00fcber niedrigen und hohen Temperaturen,<\/li>\n<li>hohe statische Tragkraft,<\/li>\n<li>Best\u00e4ndigkeit und geringf\u00fcgige Abnutzung,<\/li>\n<li>au\u00dferordentlich hohe chemische Best\u00e4ndigkeit,<\/li>\n<li>ein breites Produktionsprogramm,<\/li>\n<li>industrielle Herstellung,<\/li>\n<li>einfache Wartung.<\/li>\n<\/ul>\n<p><span style=\"color: #0088ff;\"><strong>Installation:<\/strong><\/span><\/p>\n<p>Das Regenwasser sp\u00fclt auch verschmutzte Partikel von der Fahrbahn, welche sich als Folge des Verkehrs angesammelt haben. Die Abw\u00e4sser der Autobahnen m\u00fcssen daher bis zur Entlastungsvorrichtung, dem R\u00fcckhaltebecken und zum \u00d6lf\u00e4nger geleitet werden. Bei st\u00e4rkeren Regenf\u00e4llen werden die kritischen Zufl\u00fcsse sowohl an der Entlastungsvorrichtung als auch am \u00d6lf\u00e4nger vorbei geleitet, da dass Wasser bereits gekl\u00e4rt ist.<\/p>\n","protected":false},"excerpt":{"rendered":"<p>Verwendung: In kommunalen und industriellen Sektoren steigt der Wasserverbrauch kontinuierlich an. Die Folge ist eine gr\u00f6\u00dfere Menge an Abwasser, welches die nat\u00fcrliche Umgebung belastet und den Trinkwasservorrat gef\u00e4hrdet. Besonders nach l\u00e4ngeren Regenperioden, wenn der Wasserzufluss sehr hoch ist, k\u00f6nnen die<\/p>\n","protected":false},"author":1,"featured_media":1559,"parent":0,"menu_order":0,"comment_status":"closed","ping_status":"closed","template":"","meta":{"footnotes":""},"translation":{"provider":"WPGlobus","version":"2.12.2","language":"de","enabled_languages":["bs","en","de"],"languages":{"bs":{"title":true,"content":true,"excerpt":false},"en":{"title":true,"content":true,"excerpt":false},"de":{"title":true,"content":true,"excerpt":false}}},"acf":[],"_links":{"self":[{"href":"https:\/\/regeneracija.ba\/de\/wp-json\/wp\/v2\/pages\/1885"}],"collection":[{"href":"https:\/\/regeneracija.ba\/de\/wp-json\/wp\/v2\/pages"}],"about":[{"href":"https:\/\/regeneracija.ba\/de\/wp-json\/wp\/v2\/types\/page"}],"author":[{"embeddable":true,"href":"https:\/\/regeneracija.ba\/de\/wp-json\/wp\/v2\/users\/1"}],"replies":[{"embeddable":true,"href":"https:\/\/regeneracija.ba\/de\/wp-json\/wp\/v2\/comments?post=1885"}],"version-history":[{"count":9,"href":"https:\/\/regeneracija.ba\/de\/wp-json\/wp\/v2\/pages\/1885\/revisions"}],"predecessor-version":[{"id":3545,"href":"https:\/\/regeneracija.ba\/de\/wp-json\/wp\/v2\/pages\/1885\/revisions\/3545"}],"wp:featuredmedia":[{"embeddable":true,"href":"https:\/\/regeneracija.ba\/de\/wp-json\/wp\/v2\/media\/1559"}],"wp:attachment":[{"href":"https:\/\/regeneracija.ba\/de\/wp-json\/wp\/v2\/media?parent=1885"}],"curies":[{"name":"wp","href":"https:\/\/api.w.org\/{rel}","templated":true}]}}