{"id":1881,"date":"2016-12-06T15:24:25","date_gmt":"2016-12-06T15:24:25","guid":{"rendered":"http:\/\/localhost\/regeneracija\/?page_id=1881"},"modified":"2018-05-30T18:24:25","modified_gmt":"2018-05-30T18:24:25","slug":"aquareg-ac","status":"publish","type":"page","link":"https:\/\/regeneracija.ba\/de\/aquareg-ac\/","title":{"rendered":"Aquareg AC"},"content":{"rendered":"<!-- meta slider -->\n<div style=\"max-width: falsepx;\" class=\"metaslider metaslider-flex metaslider-1974 ml-slider slider-proizvodi nav-hidden\">\n    \n    <div id=\"metaslider_container_1974\">\n        <div id=\"metaslider_1974\">\n            <ul class=\"slides\">\n                <li style=\"display: block; width: 100%;\" class=\"slide-1975 ms-image\"><img src=\"https:\/\/regeneracija.ba\/wp-content\/uploads\/2016\/12\/aquareg-ac-0x0.jpg\" alt=\"\" class=\"slider-1974 slide-1975\" \/><\/li>\n            <\/ul>\n        <\/div>\n        \n    <\/div>\n    <script type=\"text\/javascript\">\n        var metaslider_1974 = function($) {\n            $('#metaslider_1974').addClass('flexslider'); \/\/ theme\/plugin conflict avoidance\n            $('#metaslider_1974').flexslider({ \n                slideshowSpeed:3000,\n                animation:\"fade\",\n                controlNav:false,\n                directionNav:true,\n                pauseOnHover:true,\n                direction:\"horizontal\",\n                reverse:false,\n                animationSpeed:600,\n                prevText:\"&lt;\",\n                nextText:\"&gt;\",\n                slideshow:true\n            });\n        };\n        var timer_metaslider_1974 = function() {\n            var slider = !window.jQuery ? window.setTimeout(timer_metaslider_1974, 100) : !jQuery.isReady ? window.setTimeout(timer_metaslider_1974, 1) : metaslider_1974(window.jQuery);\n        };\n        timer_metaslider_1974();\n    <\/script>\n<\/div>\n<!--\/\/ meta slider-->\n<p><span style=\"color: #008dff;\"><strong>Verwendung:<\/strong><\/span><\/p>\n<p>\u00d6labscheider AC verhindern, dass \u00d6l, Benzin, Diesel, Schmierstoffe, Heiz\u00f6l und andere Substanzen von den Stra\u00dfen (Autobahnen) und Autowaschanlagen in die Natur gelangen. Das spezifische Gewicht dieser Substanzen ist geringer als das spezifische Wassergewicht, welches der \u00d6labscheider als Funktionsprinzip nutzt. Mit Hilfe von Schwerkraft und eingebautem Koaleszenz-Filter werden aus dem Wasser leichte Fl\u00fcssigkeiten entfernt.<\/p>\n<p><span style=\"color: #008dff;\"><strong>Eigenschaften:<\/strong><\/span><\/p>\n<ul>\n<li>Bosnisch-herzegowinisches Produkt,<\/li>\n<li>lange Lebensdauer,<\/li>\n<li>unempfindlich gegen\u00fcber niedrigen und hohen Temperaturen,<\/li>\n<li>hohe statische Tragkraft,<\/li>\n<li>Best\u00e4ndigkeit und geringf\u00fcgige Abnutzung,<\/li>\n<li>au\u00dferordentlich hohe chemische Best\u00e4ndigkeit,<\/li>\n<li>ein breites Produktionsprogramm,<\/li>\n<li>industrielle Herstellung,<\/li>\n<li>einfache Wartung.<\/li>\n<\/ul>\n<p><span style=\"color: #008dff;\"><strong>Funktion:<\/strong><\/span><\/p>\n<p>Wenn Regenwasser von Stra\u00dfen abgeleitet wird, gelangt dieses durch den \u00dcberlauf und das R\u00fcckhaltebecken in den \u00d6labscheider. Beim gro\u00dfen Niederschlag werden zu gro\u00dfe Mengen Wasser in das R\u00fcckhaltebecken umgeleitet. Das R\u00fcckhaltebecken beh\u00e4lt die erste Welle von verschmutztem Wasser und leitet das Wasser langsam in den \u00d6labscheider. Das abgeschiedene \u00d6l wird an der Oberfl\u00e4che gesammelt und das gereinigte Wasser durch ein Ventil in die Natur geleitet. Falls es zum gr\u00f6\u00dferen Ausscheiden von \u00d6l kommt, schlie\u00dft das Sicherheitsventil den Ausgang, so dass das \u00d6l nicht auslaufen kann.<\/p>\n<p><span style=\"color: #008dff;\"><strong>Montage:<\/strong><\/span><\/p>\n<p>\u00d6labscheider Aquareg AC wird in den Boden auf befahbaren und nicht befahrbaren Fl\u00e4chen vergraben. Wenn Regenwasser von Stra\u00dfen abgeleitet wird, werden vor dem \u00d6labscheider \u00dcberlauf und R\u00fcckhaltebecken eingebaut, die gleichzeitig als Ableerorte verwendet werden. Die \u00d6labscheider m\u00fcssen f\u00fcr die Wartung zug\u00e4nglich sein. Es wurde eine Regenmenge von 200 l \/ s ha ber\u00fccksichtigt.<\/p>\n","protected":false},"excerpt":{"rendered":"<p>Verwendung: \u00d6labscheider AC verhindern, dass \u00d6l, Benzin, Diesel, Schmierstoffe, Heiz\u00f6l und andere Substanzen von den Stra\u00dfen (Autobahnen) und Autowaschanlagen in die Natur gelangen. Das spezifische Gewicht dieser Substanzen ist geringer als das spezifische Wassergewicht, welches der \u00d6labscheider als Funktionsprinzip nutzt.<\/p>\n","protected":false},"author":1,"featured_media":1559,"parent":0,"menu_order":0,"comment_status":"closed","ping_status":"closed","template":"","meta":{"footnotes":""},"translation":{"provider":"WPGlobus","version":"2.12.2","language":"de","enabled_languages":["bs","en","de"],"languages":{"bs":{"title":true,"content":true,"excerpt":false},"en":{"title":true,"content":true,"excerpt":false},"de":{"title":true,"content":true,"excerpt":false}}},"acf":[],"_links":{"self":[{"href":"https:\/\/regeneracija.ba\/de\/wp-json\/wp\/v2\/pages\/1881"}],"collection":[{"href":"https:\/\/regeneracija.ba\/de\/wp-json\/wp\/v2\/pages"}],"about":[{"href":"https:\/\/regeneracija.ba\/de\/wp-json\/wp\/v2\/types\/page"}],"author":[{"embeddable":true,"href":"https:\/\/regeneracija.ba\/de\/wp-json\/wp\/v2\/users\/1"}],"replies":[{"embeddable":true,"href":"https:\/\/regeneracija.ba\/de\/wp-json\/wp\/v2\/comments?post=1881"}],"version-history":[{"count":12,"href":"https:\/\/regeneracija.ba\/de\/wp-json\/wp\/v2\/pages\/1881\/revisions"}],"predecessor-version":[{"id":4106,"href":"https:\/\/regeneracija.ba\/de\/wp-json\/wp\/v2\/pages\/1881\/revisions\/4106"}],"wp:featuredmedia":[{"embeddable":true,"href":"https:\/\/regeneracija.ba\/de\/wp-json\/wp\/v2\/media\/1559"}],"wp:attachment":[{"href":"https:\/\/regeneracija.ba\/de\/wp-json\/wp\/v2\/media?parent=1881"}],"curies":[{"name":"wp","href":"https:\/\/api.w.org\/{rel}","templated":true}]}}