{"id":1879,"date":"2016-12-06T15:24:10","date_gmt":"2016-12-06T15:24:10","guid":{"rendered":"http:\/\/localhost\/regeneracija\/?page_id=1879"},"modified":"2018-07-19T08:26:02","modified_gmt":"2018-07-19T08:26:02","slug":"aquareg-bypass","status":"publish","type":"page","link":"https:\/\/regeneracija.ba\/de\/aquareg-bypass\/","title":{"rendered":"AQUAREG BY-PASS"},"content":{"rendered":"<p><img decoding=\"async\" loading=\"lazy\" class=\"aligncenter wp-image-3682\" src=\"https:\/\/regeneracija.ba\/wp-content\/uploads\/2018\/06\/AQUAREG-BYPASS.png\" alt=\"\" width=\"400\" height=\"400\" srcset=\"https:\/\/regeneracija.ba\/wp-content\/uploads\/2018\/06\/AQUAREG-BYPASS.png 800w, https:\/\/regeneracija.ba\/wp-content\/uploads\/2018\/06\/AQUAREG-BYPASS-150x150.png 150w, https:\/\/regeneracija.ba\/wp-content\/uploads\/2018\/06\/AQUAREG-BYPASS-300x300.png 300w, https:\/\/regeneracija.ba\/wp-content\/uploads\/2018\/06\/AQUAREG-BYPASS-768x768.png 768w, https:\/\/regeneracija.ba\/wp-content\/uploads\/2018\/06\/AQUAREG-BYPASS-270x270.png 270w, https:\/\/regeneracija.ba\/wp-content\/uploads\/2018\/06\/AQUAREG-BYPASS-230x230.png 230w\" sizes=\"(max-width: 400px) 100vw, 400px\" \/><\/p>\n<p><span style=\"color: #008dff;\"><strong>Verwendung:<\/strong><\/span><\/p>\n<p>\u00d6labscheider verhindern, dass \u00d6l, Benzin, Diesel, Schmierstoffe, Heiz\u00f6l und andere Substanzen in die Natur gelangen. Das spezifische Gewicht dieser Substanzen ist geringer als das spezifische Wassergewicht. Diese Tatsache macht sich der \u00d6labscheider zu Nutzen. Mit Hilfe von Schwerkraft und eingebautem Koaleszenz-Filter werden aus Abw\u00e4ssern leichte Fl\u00fcssigkeiten und Schlamm entfernt. \u00d6labscheider trennen wasserunl\u00f6sliche Substanzen sowie nicht stabile Emulsionen. F\u00fcr diese ist eine chemische Verarbeitung erforderlich. Die Verwendung des \u00d6labscheiders ist an allen Tankstellen, Parkpl\u00e4tzen, Autowaschanlagen, mechanischen Werkst\u00e4tten und \u00fcberall wo eine Gefahr des Auslaufens von leichten Fl\u00fcssigkeiten in die Natur besteht, zwingend erforderlich. \u00d6labscheider Aquareg erf\u00fcllt die Anforderungen der Norm BAS EN 858 1-2.<\/p>\n<p><span style=\"color: #008dff;\"><strong>Eigenschaften:<\/strong><\/span><\/p>\n<ul>\n<li>Bosnisch-herzegowinisches Produkt,<\/li>\n<li>lange Lebensdauer,<\/li>\n<li>unempfindlich gegen\u00fcber niedrigen und hohen Temperaturen,<\/li>\n<li>hohe statische Tragkraft,<\/li>\n<li>Best\u00e4ndigkeit und geringf\u00fcgige Abnutzung,<\/li>\n<li>au\u00dferordentlich hohe chemische Best\u00e4ndigkeit,<\/li>\n<li>ein breites Produktionsprogramm,<\/li>\n<li>industrielle Herstellung,<\/li>\n<li>einfache Wartung.<\/li>\n<\/ul>\n<p><span style=\"color: #008dff;\"><strong>Funktion:<\/strong><\/span><\/p>\n<p>Zuerst flie\u00dft das Abwasser in den Sammelbeh\u00e4lter, wo das Wasser verlangsamt wird sowie feste Teilchen (z.B. Sand, Schlamm) abgetrennt und am Boden des Beh\u00e4lters gesammelt werden. Das Abwasser wird anschlie\u00dfend durch besondere Polypropylen-Platten in den \u00d6labscheider geleitet. Gr\u00f6\u00dfere Tr\u00f6pfchen von leichten Fl\u00fcssigkeiten werden gesammelt und auf den Platten gebunden. Aufgrund das geringeren spezifischen Gewichtes werden diese auf die Oberfl\u00e4che angehoben. Kleinere Tr\u00f6pfchen werden mit Hilfe des Koaleszenz-Filter getrennt.<\/p>\n<p>Das gereinigte Wasser flie\u00dft anschlie\u00dfend durch den Auslass. Abwasser welches durch den \u00d6labscheider Aquareg behandelt wurde, beinhaltet weniger als 5 Milligramm\/Liter Wasser von leichten Fl\u00fcssigkeiten. Abwasser, dass so gereinigt wurde kann nach aktuellen europ\u00e4ischen Standards zum Oberfl\u00e4chenwasser geleitet werden. Die erforderlichen Gr\u00f6\u00dfen des \u00d6labscheiders werden in \u00dcbereinstimmung mit den Anforderungen der Norm BAS EN 858 1-2 bestimmt. Der \u00d6labscheider erf\u00fcllt die Anforderungen der Norm BAS EN 858 1-2. Die notwendigen Berechnungen und vorgeschriebenen Pr\u00fcfungen wurden durchgef\u00fchrt.<\/p>\n<p><span style=\"color: #008dff;\"><strong>Montage:<\/strong><\/span><\/p>\n<p>Leichtfl\u00fcssigkeitsabscheider werden in der N\u00e4he der Quelle von verschmutztem Wasser montiert. Die Abscheider werden in der Regel in den Boden vergraben und k\u00f6nnen auch selbststehend sein. Die Montage in geschlossenen R\u00e4umen wird nicht empfohlen. Die vergrabenen \u00d6labscheider k\u00f6nnen sowohl f\u00fcr befahrbare als auch f\u00fcr nicht befahrbare Fl\u00e4chen genutzt werden. Leichtfl\u00fcssigkeitabscheider m\u00fcssen f\u00fcr die Wartung und Entlehrung zug\u00e4nglich sein. Es muss daf\u00fcr gesorgt werden, dass keine leichten Fl\u00fcssigkeiten aus dem Abscheider auslaufen.<\/p>\n","protected":false},"excerpt":{"rendered":"<p>Verwendung: \u00d6labscheider verhindern, dass \u00d6l, Benzin, Diesel, Schmierstoffe, Heiz\u00f6l und andere Substanzen in die Natur gelangen. Das spezifische Gewicht dieser Substanzen ist geringer als das spezifische Wassergewicht. Diese Tatsache macht sich der \u00d6labscheider zu Nutzen. Mit Hilfe von Schwerkraft und<\/p>\n","protected":false},"author":1,"featured_media":1559,"parent":0,"menu_order":0,"comment_status":"closed","ping_status":"closed","template":"","meta":{"footnotes":""},"translation":{"provider":"WPGlobus","version":"2.12.2","language":"de","enabled_languages":["bs","en","de"],"languages":{"bs":{"title":true,"content":true,"excerpt":false},"en":{"title":true,"content":true,"excerpt":false},"de":{"title":true,"content":true,"excerpt":false}}},"acf":[],"_links":{"self":[{"href":"https:\/\/regeneracija.ba\/de\/wp-json\/wp\/v2\/pages\/1879"}],"collection":[{"href":"https:\/\/regeneracija.ba\/de\/wp-json\/wp\/v2\/pages"}],"about":[{"href":"https:\/\/regeneracija.ba\/de\/wp-json\/wp\/v2\/types\/page"}],"author":[{"embeddable":true,"href":"https:\/\/regeneracija.ba\/de\/wp-json\/wp\/v2\/users\/1"}],"replies":[{"embeddable":true,"href":"https:\/\/regeneracija.ba\/de\/wp-json\/wp\/v2\/comments?post=1879"}],"version-history":[{"count":17,"href":"https:\/\/regeneracija.ba\/de\/wp-json\/wp\/v2\/pages\/1879\/revisions"}],"predecessor-version":[{"id":3819,"href":"https:\/\/regeneracija.ba\/de\/wp-json\/wp\/v2\/pages\/1879\/revisions\/3819"}],"wp:featuredmedia":[{"embeddable":true,"href":"https:\/\/regeneracija.ba\/de\/wp-json\/wp\/v2\/media\/1559"}],"wp:attachment":[{"href":"https:\/\/regeneracija.ba\/de\/wp-json\/wp\/v2\/media?parent=1879"}],"curies":[{"name":"wp","href":"https:\/\/api.w.org\/{rel}","templated":true}]}}