{"id":1877,"date":"2016-12-06T15:23:41","date_gmt":"2016-12-06T15:23:41","guid":{"rendered":"http:\/\/localhost\/regeneracija\/?page_id=1877"},"modified":"2018-07-19T08:12:01","modified_gmt":"2018-07-19T08:12:01","slug":"gravitacijski-hvatac-ulja","status":"publish","type":"page","link":"https:\/\/regeneracija.ba\/de\/gravitacijski-hvatac-ulja\/","title":{"rendered":"SCHWERKRAFT\u00d6LABSCHEIDER"},"content":{"rendered":"<p><img decoding=\"async\" loading=\"lazy\" class=\"aligncenter wp-image-3781\" src=\"https:\/\/regeneracija.ba\/wp-content\/uploads\/2016\/12\/gravitacijski_hvatac.png\" alt=\"\" width=\"400\" height=\"400\" srcset=\"https:\/\/regeneracija.ba\/wp-content\/uploads\/2016\/12\/gravitacijski_hvatac.png 800w, https:\/\/regeneracija.ba\/wp-content\/uploads\/2016\/12\/gravitacijski_hvatac-150x150.png 150w, https:\/\/regeneracija.ba\/wp-content\/uploads\/2016\/12\/gravitacijski_hvatac-300x300.png 300w, https:\/\/regeneracija.ba\/wp-content\/uploads\/2016\/12\/gravitacijski_hvatac-768x768.png 768w, https:\/\/regeneracija.ba\/wp-content\/uploads\/2016\/12\/gravitacijski_hvatac-270x270.png 270w, https:\/\/regeneracija.ba\/wp-content\/uploads\/2016\/12\/gravitacijski_hvatac-230x230.png 230w\" sizes=\"(max-width: 400px) 100vw, 400px\" \/><\/p>\n<p><span style=\"color: #008dff;\"><strong>Verwendung:<\/strong><\/span><\/p>\n<p>Schwerkraft\u00f6labscheider verhindern, dass \u00d6l, Benzin, Diesel, Schmierstoffe, Heiz\u00f6l und andere Substanzen in die Natur gelangen. Das spezifische Gewicht dieser Substanzen ist geringer als das spezifische Wassergewicht. Diese Tatsache macht sich der \u00d6labscheider zu Nutzen. \u00d6labscheider werden f\u00fcr Abw\u00e4sser von kleineren Verkehrsfl\u00e4chen verwendet. Das hierdurch gereinigte Wasser, wird in der Regel in gro\u00dfe Kl\u00e4ranlagen geleitet. \u00d6labscheider entsprechen der DIN Norm DIN 1999, Abschnitt 1,2 und 3.<\/p>\n<p><span style=\"color: #008dff;\"><strong>Eigenschaften:<\/strong><\/span><\/p>\n<ul>\n<li>Bosnisch-herzegowinisches Produkt,<\/li>\n<li>lange Lebensdauer,<\/li>\n<li>unempfindlich gegen\u00fcber niedrigen und hohen Temperaturen,<\/li>\n<li>hohe statische Tragkraft,<\/li>\n<li>Best\u00e4ndigkeit und geringf\u00fcgige Abnutzung,<\/li>\n<li>au\u00dferordentlich hohe chemische Best\u00e4ndigkeit,<\/li>\n<li>ein breites Produktionsprogramm,<\/li>\n<li>industrielle Herstellung,<\/li>\n<li>einfache Wartung.<\/li>\n<\/ul>\n<p><span style=\"color: #008dff;\"><strong>Funktion:<\/strong><\/span><\/p>\n<p>Mit leichten Fl\u00fcssigkeiten verschmutztes Wasser h\u00e4lt sich einige Zeit im \u00d6labscheider auf. Aufgrund des geringeren spezifischen Gewichts, werden die \u00d6ltr\u00f6pfchen an die Oberfl\u00e4che gehoben.<\/p>\n<p><span style=\"color: #008dff;\"><strong>Montage:<\/strong><\/span><\/p>\n<p>\u00d6labscheider werden in den Boden vergraben. Diese k\u00f6nnen sowohl auf befahrbaren als auch nicht befahrbaren Fl\u00e4chen montiert werden. Die \u00d6labscheider m\u00fcssen f\u00fcr die Wartung zug\u00e4nglich sein.<\/p>\n","protected":false},"excerpt":{"rendered":"<p>Verwendung: Schwerkraft\u00f6labscheider verhindern, dass \u00d6l, Benzin, Diesel, Schmierstoffe, Heiz\u00f6l und andere Substanzen in die Natur gelangen. Das spezifische Gewicht dieser Substanzen ist geringer als das spezifische Wassergewicht. Diese Tatsache macht sich der \u00d6labscheider zu Nutzen. \u00d6labscheider werden f\u00fcr Abw\u00e4sser von<\/p>\n","protected":false},"author":1,"featured_media":1559,"parent":0,"menu_order":0,"comment_status":"closed","ping_status":"closed","template":"","meta":{"footnotes":""},"translation":{"provider":"WPGlobus","version":"2.12.2","language":"de","enabled_languages":["bs","en","de"],"languages":{"bs":{"title":true,"content":true,"excerpt":false},"en":{"title":true,"content":true,"excerpt":false},"de":{"title":true,"content":true,"excerpt":false}}},"acf":[],"_links":{"self":[{"href":"https:\/\/regeneracija.ba\/de\/wp-json\/wp\/v2\/pages\/1877"}],"collection":[{"href":"https:\/\/regeneracija.ba\/de\/wp-json\/wp\/v2\/pages"}],"about":[{"href":"https:\/\/regeneracija.ba\/de\/wp-json\/wp\/v2\/types\/page"}],"author":[{"embeddable":true,"href":"https:\/\/regeneracija.ba\/de\/wp-json\/wp\/v2\/users\/1"}],"replies":[{"embeddable":true,"href":"https:\/\/regeneracija.ba\/de\/wp-json\/wp\/v2\/comments?post=1877"}],"version-history":[{"count":15,"href":"https:\/\/regeneracija.ba\/de\/wp-json\/wp\/v2\/pages\/1877\/revisions"}],"predecessor-version":[{"id":3804,"href":"https:\/\/regeneracija.ba\/de\/wp-json\/wp\/v2\/pages\/1877\/revisions\/3804"}],"wp:featuredmedia":[{"embeddable":true,"href":"https:\/\/regeneracija.ba\/de\/wp-json\/wp\/v2\/media\/1559"}],"wp:attachment":[{"href":"https:\/\/regeneracija.ba\/de\/wp-json\/wp\/v2\/media?parent=1877"}],"curies":[{"name":"wp","href":"https:\/\/api.w.org\/{rel}","templated":true}]}}