{"id":1875,"date":"2016-12-06T15:23:24","date_gmt":"2016-12-06T15:23:24","guid":{"rendered":"http:\/\/localhost\/regeneracija\/?page_id=1875"},"modified":"2018-07-19T08:11:25","modified_gmt":"2018-07-19T08:11:25","slug":"pjeskolov","status":"publish","type":"page","link":"https:\/\/regeneracija.ba\/de\/pjeskolov\/","title":{"rendered":"SANDFANG"},"content":{"rendered":"<p><img decoding=\"async\" loading=\"lazy\" class=\"aligncenter wp-image-3785\" src=\"https:\/\/regeneracija.ba\/wp-content\/uploads\/2016\/12\/pjeskolov.png\" alt=\"\" width=\"400\" height=\"400\" srcset=\"https:\/\/regeneracija.ba\/wp-content\/uploads\/2016\/12\/pjeskolov.png 800w, https:\/\/regeneracija.ba\/wp-content\/uploads\/2016\/12\/pjeskolov-150x150.png 150w, https:\/\/regeneracija.ba\/wp-content\/uploads\/2016\/12\/pjeskolov-300x300.png 300w, https:\/\/regeneracija.ba\/wp-content\/uploads\/2016\/12\/pjeskolov-768x768.png 768w, https:\/\/regeneracija.ba\/wp-content\/uploads\/2016\/12\/pjeskolov-270x270.png 270w, https:\/\/regeneracija.ba\/wp-content\/uploads\/2016\/12\/pjeskolov-230x230.png 230w\" sizes=\"(max-width: 400px) 100vw, 400px\" \/><\/p>\n<p><span style=\"color: #008dff;\"><strong>Verwendung:<\/strong><\/span><\/p>\n<p>Stra\u00dfensandf\u00e4nge werden f\u00fcr die Entw\u00e4sserung sowie zur Bindung von schweren Feststoffen (Sand), welche durch Wasser von Festfl\u00e4chen gesp\u00fclt werden, verwendet.<\/p>\n<p><span style=\"color: #008dff;\"><strong>Eigenschaften:<\/strong><\/span><\/p>\n<ul>\n<li>Bosnisch-herzegowinisches Produkt,<\/li>\n<li>lange Lebensdauer,<\/li>\n<li>unempfindlich gegen\u00fcber niedrigen und hohen Temperaturen,<\/li>\n<li>hohe statische Tragkraft,<\/li>\n<li>Best\u00e4ndigkeit und geringf\u00fcgige Abnutzung,<\/li>\n<li>au\u00dferordentlich hohe chemische Best\u00e4ndigkeit,<\/li>\n<li>ein breites Produktionsprogramm,<\/li>\n<li>industrielle Herstellung,<\/li>\n<li>einfache Wartung.<\/li>\n<\/ul>\n<p><span style=\"color: #008dff;\"><strong>Funktion:<\/strong><\/span><\/p>\n<p>Sandf\u00e4nge erm\u00f6glichen durch Gitter oder Schlitze an Bordsteinr\u00e4ndern das problemlose Ablaufen von Wasser von festen Fl\u00e4chen. Sandf\u00e4nge sind weiter zu Sammelbeh\u00e4lter verl\u00e4ngert , die den Sand aufhalten und dadurch die Verstopfung von Abwasserrohren verhindern.<\/p>\n<p><span style=\"color: #008dff;\"><strong>Montage:<\/strong><\/span><\/p>\n<p>Sandf\u00e4nge werden auf die Stra\u00dfen, unter Bordsteinen und Gleisen eingebaut.<\/p>\n","protected":false},"excerpt":{"rendered":"<p>Verwendung: Stra\u00dfensandf\u00e4nge werden f\u00fcr die Entw\u00e4sserung sowie zur Bindung von schweren Feststoffen (Sand), welche durch Wasser von Festfl\u00e4chen gesp\u00fclt werden, verwendet. Eigenschaften: Bosnisch-herzegowinisches Produkt, lange Lebensdauer, unempfindlich gegen\u00fcber niedrigen und hohen Temperaturen, hohe statische Tragkraft, Best\u00e4ndigkeit und geringf\u00fcgige Abnutzung, au\u00dferordentlich<\/p>\n","protected":false},"author":1,"featured_media":1559,"parent":0,"menu_order":0,"comment_status":"closed","ping_status":"closed","template":"","meta":{"footnotes":""},"translation":{"provider":"WPGlobus","version":"2.12.2","language":"de","enabled_languages":["bs","en","de"],"languages":{"bs":{"title":true,"content":true,"excerpt":false},"en":{"title":true,"content":true,"excerpt":false},"de":{"title":true,"content":true,"excerpt":false}}},"acf":[],"_links":{"self":[{"href":"https:\/\/regeneracija.ba\/de\/wp-json\/wp\/v2\/pages\/1875"}],"collection":[{"href":"https:\/\/regeneracija.ba\/de\/wp-json\/wp\/v2\/pages"}],"about":[{"href":"https:\/\/regeneracija.ba\/de\/wp-json\/wp\/v2\/types\/page"}],"author":[{"embeddable":true,"href":"https:\/\/regeneracija.ba\/de\/wp-json\/wp\/v2\/users\/1"}],"replies":[{"embeddable":true,"href":"https:\/\/regeneracija.ba\/de\/wp-json\/wp\/v2\/comments?post=1875"}],"version-history":[{"count":12,"href":"https:\/\/regeneracija.ba\/de\/wp-json\/wp\/v2\/pages\/1875\/revisions"}],"predecessor-version":[{"id":3802,"href":"https:\/\/regeneracija.ba\/de\/wp-json\/wp\/v2\/pages\/1875\/revisions\/3802"}],"wp:featuredmedia":[{"embeddable":true,"href":"https:\/\/regeneracija.ba\/de\/wp-json\/wp\/v2\/media\/1559"}],"wp:attachment":[{"href":"https:\/\/regeneracija.ba\/de\/wp-json\/wp\/v2\/media?parent=1875"}],"curies":[{"name":"wp","href":"https:\/\/api.w.org\/{rel}","templated":true}]}}