{"id":1853,"date":"2016-12-06T15:12:06","date_gmt":"2016-12-06T15:12:06","guid":{"rendered":"http:\/\/localhost\/regeneracija\/?page_id=1853"},"modified":"2018-03-20T13:05:25","modified_gmt":"2018-03-20T13:05:25","slug":"hvatac-masti","status":"publish","type":"page","link":"https:\/\/regeneracija.ba\/de\/hvatac-masti\/","title":{"rendered":"\u00d6lf\u00e4nger"},"content":{"rendered":"<p><strong><span style=\"color: #0088ff;\">\u00d6lf\u00e4nger aus Polyester<\/span> <\/strong>wird in Industrie- und Gastroobjekten benutzt aus denen in die Umgebung Tier- und Pflanz\u00f6le asutreten k\u00f6nnen. Ihre Anwendung ist Vorschrift in gro\u00dfen K\u00fcchen, Hotels, Krankenh\u00e4usern, Restaurants, \u00f6ffentlichen K\u00fcchen, Schlachth\u00f6fen, Betrieben f\u00fcr Fleischverarbeitung usw.<\/p>\n<p>Der \u00d6lf\u00e4nger entspircht den Ma\u00dfst\u00e4ben der Normen: <span style=\"color: #0088ff;\">EN &#8211; 1825-1<\/span> und <span style=\"color: #0088ff;\">DIN 404-1<\/span>.<\/p>\n<p>Das Abwasser aus dem \u00d6lf\u00e4nger enth\u00e4lt nicht mehr als 20mg\/l \u00d6l.<\/p>\n<p>Die Abw\u00e4sser, die aus K\u00fcchen und anderen Gastroobjekten in die Kanalisation austreten, werden von dem \u00d6lf\u00e4nger, in denen der Strom des Wassers reduziert wird, abgefangen.<\/p>\n<p>Auf dem Grund des Ablagerungsfasses wird Schlamm abgetrennt und auf der Oberfl\u00e4che des \u00d6lf\u00e4ngers werden \u00d6le gesammelt. Die gr\u00f6\u00dfe des \u00d6lf\u00e4ngers wird anhand des gr\u00f6\u00dften m\u00f6glichen Abflusses des ungereinigten Wassers, Art der Verschmutzung, Temperatur, Bennutzung der Waschmittel und anderen Faktoren der Normen <span style=\"color: #0088ff;\">EN &#8211; 1825-1<\/span> und <span style=\"color: #0088ff;\">DIN 404-1<\/span>, bestimmt.<\/p>\n<p><strong><span style=\"color: #0088ff;\">Die Ausgangsparamter aus dem \u00d6lf\u00e4nger entsprechen:<\/span><\/strong><\/p>\n<p>Der Verordnung \u00fcber die Bedingungen der Auslassung von Abw\u00e4ssern in Oberfl\u00e4chenwasser\u00a0 und das System der \u00f6ffentlichen Kanalisation. (\u201eAmtsblatt der FBuH\u201c, Nr. 04\/12)<\/p>\n<p>Der Verordnung \u00fcber die Bedingungen der Auslassung von Abw\u00e4ssern in Oberfl\u00e4chenwasser (\u201eAmtsblatt der RS\u201c Nr. 44\/01)<\/p>\n<p><strong><span style=\"color: #0088ff;\">Charakteristiken des \u00d6lf\u00e4ngers sind:<\/span><\/strong><\/p>\n<ul>\n<li>Ein bosnisch-herzegovinisches Produkt,<\/li>\n<li>Hergestellt aus armiertem Polyester,<\/li>\n<li>Das leichte Gewicht erleichtert den Einbau,<\/li>\n<li>Lange Haltbarkeit,<\/li>\n<li>M\u00f6glicher Einbau in \u00dcberschwemmungsgebieten,<\/li>\n<li>Homog\u00e4ne Struktur der Wand,<\/li>\n<li>Wasserundurchl\u00e4ssig,<\/li>\n<li>Ausgezeichnetes Preis-Leistungs Verh\u00e4ltniss,<\/li>\n<li>Ausgezeichnete chemische Best\u00e4ndigkeit,<\/li>\n<li>Hohe statische Tragf\u00e4higkeit.<\/li>\n<\/ul>\n<p>Geeignet f\u00fcr den Einbau in transportbare und untransportbare Oberfl\u00e4chen ohne zus\u00e4tzliches einbetonieren. Das ger\u00e4t wird eingegraben sodass die \u00e4u\u00dfere Temperatur (Sommer \u2013 Winter) keinen Einfluss hat.<\/p>\n","protected":false},"excerpt":{"rendered":"<p>\u00d6lf\u00e4nger aus Polyester wird in Industrie- und Gastroobjekten benutzt aus denen in die Umgebung Tier- und Pflanz\u00f6le asutreten k\u00f6nnen. Ihre Anwendung ist Vorschrift in gro\u00dfen K\u00fcchen, Hotels, Krankenh\u00e4usern, Restaurants, \u00f6ffentlichen K\u00fcchen, Schlachth\u00f6fen, Betrieben f\u00fcr Fleischverarbeitung usw. Der \u00d6lf\u00e4nger entspircht den<\/p>\n","protected":false},"author":1,"featured_media":1559,"parent":0,"menu_order":0,"comment_status":"closed","ping_status":"closed","template":"","meta":{"footnotes":""},"translation":{"provider":"WPGlobus","version":"2.12.2","language":"de","enabled_languages":["bs","en","de"],"languages":{"bs":{"title":true,"content":true,"excerpt":false},"en":{"title":true,"content":true,"excerpt":false},"de":{"title":true,"content":true,"excerpt":false}}},"acf":[],"_links":{"self":[{"href":"https:\/\/regeneracija.ba\/de\/wp-json\/wp\/v2\/pages\/1853"}],"collection":[{"href":"https:\/\/regeneracija.ba\/de\/wp-json\/wp\/v2\/pages"}],"about":[{"href":"https:\/\/regeneracija.ba\/de\/wp-json\/wp\/v2\/types\/page"}],"author":[{"embeddable":true,"href":"https:\/\/regeneracija.ba\/de\/wp-json\/wp\/v2\/users\/1"}],"replies":[{"embeddable":true,"href":"https:\/\/regeneracija.ba\/de\/wp-json\/wp\/v2\/comments?post=1853"}],"version-history":[{"count":20,"href":"https:\/\/regeneracija.ba\/de\/wp-json\/wp\/v2\/pages\/1853\/revisions"}],"predecessor-version":[{"id":4095,"href":"https:\/\/regeneracija.ba\/de\/wp-json\/wp\/v2\/pages\/1853\/revisions\/4095"}],"wp:featuredmedia":[{"embeddable":true,"href":"https:\/\/regeneracija.ba\/de\/wp-json\/wp\/v2\/media\/1559"}],"wp:attachment":[{"href":"https:\/\/regeneracija.ba\/de\/wp-json\/wp\/v2\/media?parent=1853"}],"curies":[{"name":"wp","href":"https:\/\/api.w.org\/{rel}","templated":true}]}}