{"id":1851,"date":"2016-12-06T15:11:46","date_gmt":"2016-12-06T15:11:46","guid":{"rendered":"http:\/\/localhost\/regeneracija\/?page_id=1851"},"modified":"2018-05-30T18:27:50","modified_gmt":"2018-05-30T18:27:50","slug":"bioloski-uredaj-za-preciscavanje-biorock","status":"publish","type":"page","link":"https:\/\/regeneracija.ba\/de\/bioloski-uredaj-za-preciscavanje-biorock\/","title":{"rendered":"BIOLOGISCHE KL\u00c4RANLAGE &#8211; BIOROCK"},"content":{"rendered":"<p><span style=\"color: #008dff;\"><strong>Verwendung:<\/strong><\/span><\/p>\n<p>Biorock ist eine biologische Kl\u00e4ranlage zur Reinigung von geringeren Mengen von Abw\u00e4ssern aus sanit\u00e4ren Anlagen, K\u00fcchen und \u00e4nlichen Verschmutzungsquellen. Diese Anlage funktioniert ganz nat\u00fcrlich und enth\u00e4lt keine elektrischen Komponenten. Im Vergleich mit herk\u00f6mmlichen Kl\u00e4ranlagen erf\u00fcllt diese Kl\u00e4ranlage ihre Funktion deutlich besser, da diese 90% der Feststoffe aus dem Abwasser entfernt. Daraus resultiert gereinigtes und von unangenehmen Ger\u00fcchen befreites Wasser.<\/p>\n<p><span style=\"color: #008dff;\"><strong>Eigenschaften:<\/strong><\/span><\/p>\n<ul>\n<li>Bosnisch-herzegowinisches Produkt,<\/li>\n<li>lange Lebensdauer,<\/li>\n<li>unempfindlich gegen\u00fcber niedrigen und hohen Temperaturen,<\/li>\n<li>hohe statische Tragkraft,<\/li>\n<li>Best\u00e4ndigkeit und geringf\u00fcgige Abnutzung,<\/li>\n<li>au\u00dferordentlich hohe chemische Best\u00e4ndigkeit,<\/li>\n<li>ein breites Produktionsprogramm,<\/li>\n<li>industrielle Herstellung,<\/li>\n<li>einfache Wartung,<\/li>\n<li>hervorragendes Preis-\/ Qualit\u00e4ts- Verh\u00e4ltnis.<\/li>\n<\/ul>\n<p><span style=\"color: #008dff;\"><strong>Funktion:<\/strong><\/span><\/p>\n<p>Der Werkstoff Biorock der sich in der Kl\u00e4ranlage befindet wirkt wie die nat\u00fcrliche Bodenstruktur. Das Abwasser, dass durch Biorock flie\u00dft wird auf nat\u00fcrliche Weise gereinigt. Biorock wird von Mikroorganismen bewohnt. Daher ist f\u00fcr eine erfolgreiche Reinigung notwendig, dass das Wasser w\u00e4hrend es durch Biorock flie\u00dft mit Sauerstoff angereichert wird. Dies wird wiederum durch eine nat\u00fcrliche Bel\u00fcftung mit Hilfe von Luftkan\u00e4len sichergestellt.<\/p>\n<p><span style=\"color: #008dff;\"><strong>Montage:<\/strong><\/span><\/p>\n<p>Biologische Kl\u00e4ranlagen werden auf nicht befahrbaren Fl\u00e4chen im Boden vergraben. Die Deckel d\u00fcrfen nicht unter der Erde sein, damit diese f\u00fcr die Wartung zug\u00e4nglich sind. Die Kl\u00e4ranlage muss mit einem Bel\u00fcftungssystem ausgestattet sein. Gereinigtes Wasser kann in Oberfl\u00e4chengew\u00e4sser hineingeleitet oder gefiltert werden.<\/p>\n","protected":false},"excerpt":{"rendered":"<p>Verwendung: Biorock ist eine biologische Kl\u00e4ranlage zur Reinigung von geringeren Mengen von Abw\u00e4ssern aus sanit\u00e4ren Anlagen, K\u00fcchen und \u00e4nlichen Verschmutzungsquellen. Diese Anlage funktioniert ganz nat\u00fcrlich und enth\u00e4lt keine elektrischen Komponenten. Im Vergleich mit herk\u00f6mmlichen Kl\u00e4ranlagen erf\u00fcllt diese Kl\u00e4ranlage ihre Funktion<\/p>\n","protected":false},"author":1,"featured_media":1559,"parent":0,"menu_order":0,"comment_status":"closed","ping_status":"closed","template":"","meta":{"footnotes":""},"translation":{"provider":"WPGlobus","version":"2.12.2","language":"de","enabled_languages":["bs","en","de"],"languages":{"bs":{"title":true,"content":true,"excerpt":false},"en":{"title":true,"content":true,"excerpt":false},"de":{"title":true,"content":true,"excerpt":false}}},"acf":[],"_links":{"self":[{"href":"https:\/\/regeneracija.ba\/de\/wp-json\/wp\/v2\/pages\/1851"}],"collection":[{"href":"https:\/\/regeneracija.ba\/de\/wp-json\/wp\/v2\/pages"}],"about":[{"href":"https:\/\/regeneracija.ba\/de\/wp-json\/wp\/v2\/types\/page"}],"author":[{"embeddable":true,"href":"https:\/\/regeneracija.ba\/de\/wp-json\/wp\/v2\/users\/1"}],"replies":[{"embeddable":true,"href":"https:\/\/regeneracija.ba\/de\/wp-json\/wp\/v2\/comments?post=1851"}],"version-history":[{"count":14,"href":"https:\/\/regeneracija.ba\/de\/wp-json\/wp\/v2\/pages\/1851\/revisions"}],"predecessor-version":[{"id":3661,"href":"https:\/\/regeneracija.ba\/de\/wp-json\/wp\/v2\/pages\/1851\/revisions\/3661"}],"wp:featuredmedia":[{"embeddable":true,"href":"https:\/\/regeneracija.ba\/de\/wp-json\/wp\/v2\/media\/1559"}],"wp:attachment":[{"href":"https:\/\/regeneracija.ba\/de\/wp-json\/wp\/v2\/media?parent=1851"}],"curies":[{"name":"wp","href":"https:\/\/api.w.org\/{rel}","templated":true}]}}