{"id":1849,"date":"2016-12-06T15:11:13","date_gmt":"2016-12-06T15:11:13","guid":{"rendered":"http:\/\/localhost\/regeneracija\/?page_id=1849"},"modified":"2017-01-30T21:23:42","modified_gmt":"2017-01-30T21:23:42","slug":"septicka-jama","status":"publish","type":"page","link":"https:\/\/regeneracija.ba\/de\/septicka-jama\/","title":{"rendered":"Senkgrube"},"content":{"rendered":"<p>Die Senkgrube wird f\u00fcr das Sammeln und die Abwasseraufarbeitung benutzt.<\/p>\n<p><strong><span style=\"color: #0088ff;\">Arten der Senkgruben:<\/span><\/strong><\/p>\n<ul>\n<li>Undurchflie\u00dfende Senkgruben f\u00fcr Abw\u00e4sser aus Haushalten<\/li>\n<li>Durchflie\u00dfende Senkgruben f\u00fcr Abw\u00e4sser aus Haushalten<\/li>\n<\/ul>\n<p><span style=\"color: #0088ff;\"><strong>Senkgruben Typen:<\/strong><\/span><\/p>\n<ul>\n<li>Einkammer,<\/li>\n<li>Zweikammer,<\/li>\n<li>Dreikammer.<\/li>\n<\/ul>\n<p>Die Kapazit\u00e4t der undruchflie\u00dfenden Senkgrube f\u00fcr trockene Toiletten ist 500 Liter pro Person, und f\u00fcr Abw\u00e4sser aus Haushalten 3000 Liter pro Person. Die durchflie\u00dfende Senkgrube hat die Kapazit\u00e4t von 2000 Liter pro Person. Die durchflie\u00dfenden Senkgrube f\u00fcr 10 Personen hat zwei Kammern, und f\u00fcr mehr als 10 Personen drei Kammern. In der durchflie\u00dfenden Senkgrube werden Abw\u00e4sser teilweise gereinigt und flie\u00dfen in die Sickerung ab (falls dadurch Wasserquellen nicht gef\u00e4hrdet sind).<\/p>\n<p>&nbsp;<\/p>\n<p>In den Senkgruben kommt es zu der anaeroben biologischen Abbaubarkeit, die aber nicht abgeschlossen ist. Der Auslauf aus der Dreikammer ist sauberer und riecht weniger. Die Senkgrube soll mindestens dreimal j\u00e4hrlich ges\u00e4ubert werden.<\/p>\n<p>&nbsp;<\/p>\n<p>Senkgruben k\u00f6nnen f\u00fcr maximal 50 Personen benutzt werden. Der Abfluss der Abwasser aus den Senkgruben darf nicht in die Oberfl\u00e4chenwasser abflie\u00dfen, weil die Auslaufparamater nicht nach den Ma\u00dfgaben der:<\/p>\n<p>&nbsp;<\/p>\n<p>Der Verordnung \u00fcber die Bedingungen der Auslassung von Abw\u00e4ssern in Oberfl\u00e4chenwasser\u00a0 und das System der \u00f6ffentlichen Kanalisation. (\u201eAmtsblatt der FBuH\u201c, Nr. 04\/12)<\/p>\n<p>Der Verordnung \u00fcber die Bedingungen der Auslassung von Abw\u00e4ssern in Oberfl\u00e4chenwasser (\u201eAmtsblatt der RS\u201c Nr. 44\/01)<\/p>\n<p>&nbsp;<\/p>\n<p>Senkgruben werden als eine vor\u00fcbergehende L\u00f6sung f\u00fcr die Abwasser benutzt, dort wo der Bau einer Kanalisation geplant ist.<\/p>\n<p>&nbsp;<\/p>\n<p><span style=\"color: #0088ff;\"><strong>Charakteristiken der Senkgruben sind:<\/strong><\/span><\/p>\n<p>&nbsp;<\/p>\n<ul>\n<li>Bosnisch-herzegowinisches Produkt<\/li>\n<li>Pr\u00fcfung der Mechanikcharakteristiken nach den EN 976-1 Normen,<\/li>\n<li>hergestellt aus armiertem Polyester,<\/li>\n<li>das niedrige Gewicht erleichtert den Einbau,<\/li>\n<li>lange Haltbarkeit,<\/li>\n<li>M\u00f6glicher Einbau in \u00dcberschwemmungsgebieten,<\/li>\n<li>Ausgezeichnetes Preis-Leistungs Verh\u00e4ltnis,<\/li>\n<li>Ausgezeichnete chemische Best\u00e4ndigkeit,<\/li>\n<li>Hohe statische Tragf\u00e4higkeit,<\/li>\n<li>Biologischer Effekt,<\/li>\n<li>Die Snekgrube wird eingegraben, was bedeutet dass sie nicht empfindlich auf \u00e4u\u00dferliche Temperaturen ist (Sommer \u2013 Winter),<\/li>\n<li>Geeignet f\u00fcr den Einbau in transportbare und untransportbare Oberfl\u00e4chen ohne zus\u00e4tzliches einbetonieren.<\/li>\n<\/ul>\n<p>&nbsp;<\/p>\n<p><strong><span style=\"color: #0088ff;\">GASGEFAHR:<\/span><\/strong><\/p>\n<p><strong>Vor dem Eintreten in die Senkgrube ist es n\u00f6tig f\u00fcr mindestens eine Stunde die Senkgrube zu Luften, es sollen unbedingt zwei Personen beim eintreten dabei sein, bei Kontakt mit Abwasser Gummihandschuhe guter Qualit\u00e4t benutzen.<\/strong><\/p>\n<p>&nbsp;<\/p>\n<p>&nbsp;<\/p>\n<p>&nbsp;<\/p>\n<p>&nbsp;<\/p>\n<p>&nbsp;<\/p>\n<p>&nbsp;<\/p>\n<p>&nbsp;<\/p>\n<p>&nbsp;<\/p>\n<p>&nbsp;<\/p>\n<p>&nbsp;<\/p>\n","protected":false},"excerpt":{"rendered":"<p>Die Senkgrube wird f\u00fcr das Sammeln und die Abwasseraufarbeitung benutzt. Arten der Senkgruben: Undurchflie\u00dfende Senkgruben f\u00fcr Abw\u00e4sser aus Haushalten Durchflie\u00dfende Senkgruben f\u00fcr Abw\u00e4sser aus Haushalten Senkgruben Typen: Einkammer, Zweikammer, Dreikammer. Die Kapazit\u00e4t der undruchflie\u00dfenden Senkgrube f\u00fcr trockene Toiletten ist 500<\/p>\n","protected":false},"author":1,"featured_media":1559,"parent":0,"menu_order":0,"comment_status":"closed","ping_status":"closed","template":"","meta":{"footnotes":""},"translation":{"provider":"WPGlobus","version":"2.12.2","language":"de","enabled_languages":["bs","en","de"],"languages":{"bs":{"title":true,"content":true,"excerpt":false},"en":{"title":true,"content":true,"excerpt":false},"de":{"title":true,"content":true,"excerpt":false}}},"acf":[],"_links":{"self":[{"href":"https:\/\/regeneracija.ba\/de\/wp-json\/wp\/v2\/pages\/1849"}],"collection":[{"href":"https:\/\/regeneracija.ba\/de\/wp-json\/wp\/v2\/pages"}],"about":[{"href":"https:\/\/regeneracija.ba\/de\/wp-json\/wp\/v2\/types\/page"}],"author":[{"embeddable":true,"href":"https:\/\/regeneracija.ba\/de\/wp-json\/wp\/v2\/users\/1"}],"replies":[{"embeddable":true,"href":"https:\/\/regeneracija.ba\/de\/wp-json\/wp\/v2\/comments?post=1849"}],"version-history":[{"count":13,"href":"https:\/\/regeneracija.ba\/de\/wp-json\/wp\/v2\/pages\/1849\/revisions"}],"predecessor-version":[{"id":3371,"href":"https:\/\/regeneracija.ba\/de\/wp-json\/wp\/v2\/pages\/1849\/revisions\/3371"}],"wp:featuredmedia":[{"embeddable":true,"href":"https:\/\/regeneracija.ba\/de\/wp-json\/wp\/v2\/media\/1559"}],"wp:attachment":[{"href":"https:\/\/regeneracija.ba\/de\/wp-json\/wp\/v2\/media?parent=1849"}],"curies":[{"name":"wp","href":"https:\/\/api.w.org\/{rel}","templated":true}]}}