{"id":1847,"date":"2016-12-06T15:10:54","date_gmt":"2016-12-06T15:10:54","guid":{"rendered":"http:\/\/localhost\/regeneracija\/?page_id=1847"},"modified":"2018-05-30T18:28:25","modified_gmt":"2018-05-30T18:28:25","slug":"bioloski-uredaj-za-preciscavanje-sbr","status":"publish","type":"page","link":"https:\/\/regeneracija.ba\/de\/bioloski-uredaj-za-preciscavanje-sbr\/","title":{"rendered":"BIOLOGISCHE KL\u00c4RANLAGE (SBR)"},"content":{"rendered":"<!-- meta slider -->\n<div style=\"max-width: falsepx;\" class=\"metaslider metaslider-flex metaslider-1931 ml-slider slider-proizvodi nav-hidden\">\n    \n    <div id=\"metaslider_container_1931\">\n        <div id=\"metaslider_1931\">\n            <ul class=\"slides\">\n                <li style=\"display: block; width: 100%;\" class=\"slide-1932 ms-image\"><img src=\"https:\/\/regeneracija.ba\/wp-content\/uploads\/2016\/12\/bioloski-uredjaj-sbr-0x0.jpg\" alt=\"\" class=\"slider-1931 slide-1932\" \/><\/li>\n            <\/ul>\n        <\/div>\n        \n    <\/div>\n    <script type=\"text\/javascript\">\n        var metaslider_1931 = function($) {\n            $('#metaslider_1931').addClass('flexslider'); \/\/ theme\/plugin conflict avoidance\n            $('#metaslider_1931').flexslider({ \n                slideshowSpeed:3000,\n                animation:\"fade\",\n                controlNav:false,\n                directionNav:true,\n                pauseOnHover:true,\n                direction:\"horizontal\",\n                reverse:false,\n                animationSpeed:600,\n                prevText:\"&lt;\",\n                nextText:\"&gt;\",\n                slideshow:true\n            });\n        };\n        var timer_metaslider_1931 = function() {\n            var slider = !window.jQuery ? window.setTimeout(timer_metaslider_1931, 100) : !jQuery.isReady ? window.setTimeout(timer_metaslider_1931, 1) : metaslider_1931(window.jQuery);\n        };\n        timer_metaslider_1931();\n    <\/script>\n<\/div>\n<!--\/\/ meta slider-->\n<p><span style=\"color: #008dff;\"><strong>Verwendung:<\/strong><\/span><\/p>\n<p>SBR_REG ist eine biologische Kl\u00e4ranlage zur Reinigung der Abw\u00e4sser aus sanit\u00e4ren Anlagen, K\u00fcchen und \u00e4hnlichen Verschmutzungsquellen im Haushalt, B\u00fcroh\u00e4usern und Gastst\u00e4tten. Gereinigtes Wasser kann sicher gefiltert oder dem Oberfl\u00e4chenwasser zugef\u00fchrt werden. Bei der Herstellung der Anlage wurde ein t\u00e4glicher Wasserverbrauch von 150 Litern pro Person ber\u00fccksichtigt. (Der Durchschnittsverbrauch in einem Einfamilienhaus in der EU betr\u00e4gt 120 bis 150 Liter pro Person).<\/p>\n<p><span style=\"color: #008dff;\"><strong>Eigenschaften:<\/strong><\/span><\/p>\n<ul>\n<li>Bosnisch-herzegowinisches Produkt,<\/li>\n<li>lange Lebensdauer,<\/li>\n<li>unempfindlich gegen\u00fcber niedrigen und hohen Temperaturen,<\/li>\n<li>hohe statische Tragkraft,<\/li>\n<li>Best\u00e4ndigkeit und geringf\u00fcgige Abnutzung,<\/li>\n<li>au\u00dferordentlich hohe chemische Best\u00e4ndigkeit,<\/li>\n<li>ein breites Produktionsprogramm,<\/li>\n<li>industrielle Herstellung,<\/li>\n<li>einfache Wartung,<\/li>\n<li>hervorragendes Preis-\/Qualit\u00e4ts- Verh\u00e4ltnis.<\/li>\n<\/ul>\n<p><span style=\"color: #008dff;\"><strong>Funktion:<\/strong><\/span><\/p>\n<p>Zun\u00e4chst gelangt das Abwasser in den mechanischen Teil der biologischen Anlage, wo sich die gr\u00f6\u00dferen Partikel akkumulieren. Anschlie\u00dfend flie\u00dft das Wasser in die biologische Kammer, aus der das gereinigte Wasser gefiltert oder zum Oberfl\u00e4chenwasser geleitet wird.<\/p>\n<p>Biologische Anlagen arbeiten nach folgendem Prinzip: in der biologischen Kammer wird der aktive Schlamm durch repetitives Mischen und Bel\u00fcftung in Bewegung gehalten. Dadurch wird eine erfolgreiche und nat\u00fcrliche Selbstreinigung erm\u00f6glicht, so dass zersetzte und nicht sedimentierte Substanzen in sedimentierte Substanzen umgewandelt werden. Dies wird durch Mikroorganismen erm\u00f6glicht, welche die zerstreute Biomasse produzieren. Damit sich die Mikroorganismen entwickeln k\u00f6nnen, muss das Abwasser N\u00e4hrstoffe und Sauerstoff enthalten und eine geeignete Temperatur halten. Diese Bedingungen erm\u00f6glichen die Entwicklung der verschiedenen Gruppen von Mikroorganismen, die vom Abwasser organische Stoffe, teilweise auch Mineralstoffe \u00fcbernehmen und diese in neue Mikroorganismen umwandeln. Dadurch entstehen verschiedene Teilchen des aktiven Schlamms, die sich im Ruhezustand sedimentieren. Dieser Prozess wird auch biologische Flockung genannt. Die biologische Flockung kann erst bei nachlassender Intensit\u00e4t des Bakterien- und Mikroorganismenwachstums sowie nach Absonderung der nat\u00fcrlichen Polymere, welche f\u00fcr die \u00dcberbr\u00fcckung des Abstandes zwischen den Mikroorganismen zust\u00e4ndig sind, beginnen. W\u00e4hrend der Sedimentierung des Schlammes wird das Wasser in dem Ma\u00dfe gereinigt, so dass eine Zuf\u00fchrung in die Gew\u00e4sser oder in den Boden in \u00dcbereinstimmung mit den Vorschriften erfolgen kann.<\/p>\n<p>Die biologische Anlage muss mit einem Bel\u00fcftungssystem ausgestattet sein damit die Gase, welche durch den Fermentationsprozess entstehen, abgeleitet werden k\u00f6nnen. Ein Ventilationskanal mit einem Durchmesser von 110 mm muss am Ausgangsrohr montiert werden. Dieser muss an die Dachoberfl\u00e4che montiert oder so weit wie m\u00f6glich von Wohngebieten geleitet werden.<\/p>\n<p><span style=\"color: #008dff;\"><strong>Montage:<\/strong><\/span><\/p>\n<p>Biologische Kl\u00e4ranlagen m\u00fcssen von Frost und direkter Sonneneinstrahlung gesch\u00fctzt werden. Der Luftfluss im Bel\u00fcftungsraum darf nicht gest\u00f6rt werden. Biologische Kl\u00e4ranlagen werden in den Erdboden eingebaut. Auf der Erdoberfl\u00e4che bleibt nur die Einlass\u00f6ffnung. Die Abdeckung von Einlass\u00f6ffnungen kann sowohl f\u00fcr befahrbare als auch nicht befahrbare Fl\u00e4chen genutzt werden.<\/p>\n","protected":false},"excerpt":{"rendered":"<p>Verwendung: SBR_REG ist eine biologische Kl\u00e4ranlage zur Reinigung der Abw\u00e4sser aus sanit\u00e4ren Anlagen, K\u00fcchen und \u00e4hnlichen Verschmutzungsquellen im Haushalt, B\u00fcroh\u00e4usern und Gastst\u00e4tten. Gereinigtes Wasser kann sicher gefiltert oder dem Oberfl\u00e4chenwasser zugef\u00fchrt werden. Bei der Herstellung der Anlage wurde ein t\u00e4glicher<\/p>\n","protected":false},"author":1,"featured_media":1559,"parent":0,"menu_order":0,"comment_status":"closed","ping_status":"closed","template":"","meta":{"footnotes":""},"translation":{"provider":"WPGlobus","version":"2.12.2","language":"de","enabled_languages":["bs","en","de"],"languages":{"bs":{"title":true,"content":true,"excerpt":false},"en":{"title":true,"content":true,"excerpt":false},"de":{"title":true,"content":true,"excerpt":false}}},"acf":[],"_links":{"self":[{"href":"https:\/\/regeneracija.ba\/de\/wp-json\/wp\/v2\/pages\/1847"}],"collection":[{"href":"https:\/\/regeneracija.ba\/de\/wp-json\/wp\/v2\/pages"}],"about":[{"href":"https:\/\/regeneracija.ba\/de\/wp-json\/wp\/v2\/types\/page"}],"author":[{"embeddable":true,"href":"https:\/\/regeneracija.ba\/de\/wp-json\/wp\/v2\/users\/1"}],"replies":[{"embeddable":true,"href":"https:\/\/regeneracija.ba\/de\/wp-json\/wp\/v2\/comments?post=1847"}],"version-history":[{"count":10,"href":"https:\/\/regeneracija.ba\/de\/wp-json\/wp\/v2\/pages\/1847\/revisions"}],"predecessor-version":[{"id":4120,"href":"https:\/\/regeneracija.ba\/de\/wp-json\/wp\/v2\/pages\/1847\/revisions\/4120"}],"wp:featuredmedia":[{"embeddable":true,"href":"https:\/\/regeneracija.ba\/de\/wp-json\/wp\/v2\/media\/1559"}],"wp:attachment":[{"href":"https:\/\/regeneracija.ba\/de\/wp-json\/wp\/v2\/media?parent=1847"}],"curies":[{"name":"wp","href":"https:\/\/api.w.org\/{rel}","templated":true}]}}