{"id":1839,"date":"2016-12-06T15:04:53","date_gmt":"2016-12-06T15:04:53","guid":{"rendered":"http:\/\/localhost\/regeneracija\/?page_id=1839"},"modified":"2017-01-30T15:57:26","modified_gmt":"2017-01-30T15:57:26","slug":"mostovska-odvodnja","status":"publish","type":"page","link":"https:\/\/regeneracija.ba\/de\/mostovska-odvodnja\/","title":{"rendered":"Br\u00fcckenentw\u00e4sserung"},"content":{"rendered":"<p><strong><span style=\"color: #0088ff;\">Br\u00fcckenabw\u00e4sserung<\/span><\/strong><\/p>\n<p>Im Rahmen unserer T\u00e4tigkeit stellen wir Abw\u00e4sserungsger\u00e4te f\u00fcr Objekte auf Stra\u00dfen und Autobahnen her. Das bedeutet, wir stellen das ganze Abw\u00e4sserungssytem f\u00fcr die Abw\u00e4sserung von Tageswassern auf Br\u00fcckenfl\u00e4chen, Weg- und Stra\u00dfen\u00fcberf\u00fchrungen und Vijadukte her und bauen es ein. Wir stellen auch Aufh\u00e4ngungen, Fittings aus verschiedenen Materialien und Dimensionen, dabei wird alles nach den Anforderungen der Projekte eingebaut.<\/p>\n<p>F\u00fcr die Ausf\u00fchrung der Arbeiten der Abw\u00e4sserung von Stra\u00dfenobjekten haben wir eine Zulassung des f\u00f6derativen Ministeriums f\u00fcr Raumordnung.<\/p>\n","protected":false},"excerpt":{"rendered":"<p>Br\u00fcckenabw\u00e4sserung Im Rahmen unserer T\u00e4tigkeit stellen wir Abw\u00e4sserungsger\u00e4te f\u00fcr Objekte auf Stra\u00dfen und Autobahnen her. Das bedeutet, wir stellen das ganze Abw\u00e4sserungssytem f\u00fcr die Abw\u00e4sserung von Tageswassern auf Br\u00fcckenfl\u00e4chen, Weg- und Stra\u00dfen\u00fcberf\u00fchrungen und Vijadukte her und bauen es ein. Wir<\/p>\n","protected":false},"author":1,"featured_media":1559,"parent":0,"menu_order":0,"comment_status":"closed","ping_status":"closed","template":"","meta":{"footnotes":""},"translation":{"provider":"WPGlobus","version":"2.12.2","language":"de","enabled_languages":["bs","en","de"],"languages":{"bs":{"title":true,"content":true,"excerpt":false},"en":{"title":true,"content":true,"excerpt":false},"de":{"title":true,"content":true,"excerpt":false}}},"acf":[],"_links":{"self":[{"href":"https:\/\/regeneracija.ba\/de\/wp-json\/wp\/v2\/pages\/1839"}],"collection":[{"href":"https:\/\/regeneracija.ba\/de\/wp-json\/wp\/v2\/pages"}],"about":[{"href":"https:\/\/regeneracija.ba\/de\/wp-json\/wp\/v2\/types\/page"}],"author":[{"embeddable":true,"href":"https:\/\/regeneracija.ba\/de\/wp-json\/wp\/v2\/users\/1"}],"replies":[{"embeddable":true,"href":"https:\/\/regeneracija.ba\/de\/wp-json\/wp\/v2\/comments?post=1839"}],"version-history":[{"count":15,"href":"https:\/\/regeneracija.ba\/de\/wp-json\/wp\/v2\/pages\/1839\/revisions"}],"predecessor-version":[{"id":3672,"href":"https:\/\/regeneracija.ba\/de\/wp-json\/wp\/v2\/pages\/1839\/revisions\/3672"}],"wp:featuredmedia":[{"embeddable":true,"href":"https:\/\/regeneracija.ba\/de\/wp-json\/wp\/v2\/media\/1559"}],"wp:attachment":[{"href":"https:\/\/regeneracija.ba\/de\/wp-json\/wp\/v2\/media?parent=1839"}],"curies":[{"name":"wp","href":"https:\/\/api.w.org\/{rel}","templated":true}]}}