{"id":1833,"date":"2016-12-06T15:03:10","date_gmt":"2016-12-06T15:03:10","guid":{"rendered":"http:\/\/localhost\/regeneracija\/?page_id=1833"},"modified":"2017-01-25T21:36:53","modified_gmt":"2017-01-25T21:36:53","slug":"industrijske-otpadne-vode","status":"publish","type":"page","link":"https:\/\/regeneracija.ba\/de\/industrijske-otpadne-vode\/","title":{"rendered":"Industrielle Abw\u00e4sser"},"content":{"rendered":"<p>Industrielle Abw\u00e4sser entstehen in Fabriken und Industrieanlagen nach der Verwendung des Wassers in Produktionsprozessen sowie beim Reinigen von Werkzeugen, Maschinen, Anlagen etc.<\/p>\n<p>Derzeit gibt es eine gro\u00dfe Anzahl von industriellen Abw\u00e4ssern, die von der Produktionstechnologie abh\u00e4ngig sind.<\/p>\n<p>W\u00e4hrend es sich bei chemischen Prozessen und der Produktionen in der Metallverarbeitung um Verschmutzungen handelt die mineralischen Ursprungs sind, findet man in der Textil-, Leder- und Lebensmittelindustrie Verschmutzungen vor, die meistens einen organischen Ursprung haben.<\/p>\n<p>Den industriellen Abw\u00e4ssern muss mehr Beachtung als den Sanit\u00e4rabw\u00e4ssern geschenkt werden, da die Qualit\u00e4t von industriellen Abw\u00e4ssern, wie bereits erw\u00e4hnt, von der Produktionstechnologie abh\u00e4ngig ist.<\/p>\n","protected":false},"excerpt":{"rendered":"<p>Industrielle Abw\u00e4sser entstehen in Fabriken und Industrieanlagen nach der Verwendung des Wassers in Produktionsprozessen sowie beim Reinigen von Werkzeugen, Maschinen, Anlagen etc. Derzeit gibt es eine gro\u00dfe Anzahl von industriellen Abw\u00e4ssern, die von der Produktionstechnologie abh\u00e4ngig sind. W\u00e4hrend es sich<\/p>\n","protected":false},"author":1,"featured_media":1559,"parent":0,"menu_order":0,"comment_status":"closed","ping_status":"closed","template":"","meta":{"footnotes":""},"translation":{"provider":"WPGlobus","version":"2.12.2","language":"de","enabled_languages":["bs","en","de"],"languages":{"bs":{"title":true,"content":true,"excerpt":false},"en":{"title":true,"content":true,"excerpt":false},"de":{"title":true,"content":true,"excerpt":false}}},"acf":[],"_links":{"self":[{"href":"https:\/\/regeneracija.ba\/de\/wp-json\/wp\/v2\/pages\/1833"}],"collection":[{"href":"https:\/\/regeneracija.ba\/de\/wp-json\/wp\/v2\/pages"}],"about":[{"href":"https:\/\/regeneracija.ba\/de\/wp-json\/wp\/v2\/types\/page"}],"author":[{"embeddable":true,"href":"https:\/\/regeneracija.ba\/de\/wp-json\/wp\/v2\/users\/1"}],"replies":[{"embeddable":true,"href":"https:\/\/regeneracija.ba\/de\/wp-json\/wp\/v2\/comments?post=1833"}],"version-history":[{"count":5,"href":"https:\/\/regeneracija.ba\/de\/wp-json\/wp\/v2\/pages\/1833\/revisions"}],"predecessor-version":[{"id":3729,"href":"https:\/\/regeneracija.ba\/de\/wp-json\/wp\/v2\/pages\/1833\/revisions\/3729"}],"wp:featuredmedia":[{"embeddable":true,"href":"https:\/\/regeneracija.ba\/de\/wp-json\/wp\/v2\/media\/1559"}],"wp:attachment":[{"href":"https:\/\/regeneracija.ba\/de\/wp-json\/wp\/v2\/media?parent=1833"}],"curies":[{"name":"wp","href":"https:\/\/api.w.org\/{rel}","templated":true}]}}