{"id":1826,"date":"2016-12-06T14:57:45","date_gmt":"2016-12-06T14:57:45","guid":{"rendered":"http:\/\/localhost\/regeneracija\/?page_id=1826"},"modified":"2017-02-24T10:17:41","modified_gmt":"2017-02-24T10:17:41","slug":"preciscavanje-zraka","status":"publish","type":"page","link":"https:\/\/regeneracija.ba\/de\/preciscavanje-zraka\/","title":{"rendered":"Luftreinigung"},"content":{"rendered":"<h2>AIRREG &#8211; BIOFILTER ZUR REINIGUNG DER LUFT<\/h2>\n<!-- meta slider -->\n<div style=\"max-width: 0px; margin: 0 auto;\" class=\"metaslider metaslider-flex metaslider-1940 ml-slider slider-proizvodi nav-hidden\">\n    \n    <div id=\"metaslider_container_1940\">\n        <div id=\"metaslider_1940\">\n            <ul class=\"slides\">\n                <li style=\"display: block; width: 100%;\" class=\"slide-1941 ms-image\"><img src=\"https:\/\/regeneracija.ba\/wp-content\/uploads\/2016\/12\/biofilter_1-0x0.jpg\" height=\"0\" width=\"0\" alt=\"\" class=\"slider-1940 slide-1941\" \/><\/li>\n                <li style=\"display: none; width: 100%;\" class=\"slide-1942 ms-image\"><img src=\"https:\/\/regeneracija.ba\/wp-content\/uploads\/2016\/12\/biofilter_2-0x0.jpg\" height=\"0\" width=\"0\" alt=\"\" class=\"slider-1940 slide-1942\" \/><\/li>\n                <li style=\"display: none; width: 100%;\" class=\"slide-1943 ms-image\"><img src=\"https:\/\/regeneracija.ba\/wp-content\/uploads\/2016\/12\/teh_podaci-0x0.jpg\" height=\"0\" width=\"0\" alt=\"\" class=\"slider-1940 slide-1943\" \/><\/li>\n            <\/ul>\n        <\/div>\n        \n    <\/div>\n    <script type=\"text\/javascript\">\n        var metaslider_1940 = function($) {\n            $('#metaslider_1940').addClass('flexslider'); \/\/ theme\/plugin conflict avoidance\n            $('#metaslider_1940').flexslider({ \n                slideshowSpeed:3000,\n                animation:\"fade\",\n                controlNav:false,\n                directionNav:true,\n                pauseOnHover:true,\n                direction:\"horizontal\",\n                reverse:false,\n                animationSpeed:600,\n                prevText:\"&lt;\",\n                nextText:\"&gt;\",\n                slideshow:true\n            });\n        };\n        var timer_metaslider_1940 = function() {\n            var slider = !window.jQuery ? window.setTimeout(timer_metaslider_1940, 100) : !jQuery.isReady ? window.setTimeout(timer_metaslider_1940, 1) : metaslider_1940(window.jQuery);\n        };\n        timer_metaslider_1940();\n    <\/script>\n<\/div>\n<!--\/\/ meta slider-->\n<p>Luftreinigungsfilter werden als Standardzusatz von biologischen Anlagen zur Abwasserkl\u00e4rung eingesetzt. Biologische Anlagen funktionieren in folgenden F\u00e4llen optimal: wenn sich in den Anlagen die aeroben Prozesse abspielen (wo sich im Wasser genug Sauerstoff befindet), wenn das Wasser N\u00e4hrstoffereich ist und das Wasser nicht mit toxischen Substanzen, welche die Mikroorganismen zerst\u00f6ren, verunreinigt ist. Sollte die Reinigunsanlage nicht optimal funktionieren, setzen die anaeroben Prozesse ein, wodurch Schwefelwasserstoff (H2S) entsteht. Schwefelwasserstoff riecht auch bei geringen Konzentrationen unangenehm. Sofern die Anlage mit einem Luftreinigungsfilter ausgestattet ist, wird die Ausbreitung von unangenehmen Ger\u00fcchen in die Umgebung verhindert.<br \/>\nAufgrund der sich zunehmend versch\u00e4rfenden gesetzlichen Vorschriften \u00fcber die Freisetzung industrieller Abluft wird die Montage von Filteranlagen immer wichtiger. Mit dem Filter wird die Emission von sch\u00e4dlichen Chemikalien wie beispielsweise fl\u00fcchtige organische Substanzen in die Umwelt verhindert. Die Grenzwerte f\u00fcr die zul\u00e4ssige Schadstoffkonzentration in der Abluft werden durch EU \u2013 Richtlinien festgelegt. Mit einem Luftreinigungsfilter wird die maximale Konzentration von sch\u00e4dlichen Chemikalien in der Abluft nicht \u00fcberschritten.<\/p>\n<p><span style=\"color: #0088ff;\"><strong>Eigenschaften:<\/strong><\/span><\/p>\n<ul>\n<li>Entfernung der schadstoffbelasteten Luft oder der darin enthaltenen sch\u00e4dlichen Chemikalien,<\/li>\n<li>hervorragendes Preis-\/ Qualit\u00e4tsverh\u00e4ltnis,<\/li>\n<li>niedriger Stromverbrauch,<\/li>\n<li>schnelle und einfache Montage,<\/li>\n<li>einfache Wartung,<\/li>\n<li>lange Lebensdauer.<\/li>\n<\/ul>\n<p><span style=\"color: #0088ff;\"><strong>Funktion:<\/strong><\/span><\/p>\n<p>Um eine qualitativ hochwertige L\u00f6sung, welche an die Bed\u00fcrfnisse des Kunden angepasst sind bieten zu k\u00f6nnen, ist es notwendig, sich noch vor der Herstellung des Filters \u00fcber die geforderte Luftqualit\u00e4t zu informieren.<\/p>\n<p>Das aus verst\u00e4rktem Polyester, Edelstahl oder Thermoplast hergestellte Geh\u00e4use hat eine zylindrische Form. Mit Hilfe von Ventilatoren und eines Kunststoffringes wird der mit Ger\u00fcchen und sch\u00e4dlichen Chemikalien belastete Luftstrom zun\u00e4chst gerichtet und mittels einer hervorgerufenen Kondensation entfeuchtet. Bei Bedarf kann es durch das Ablassventil welches sich am Boden des Beh\u00e4lter befindet, abgelassen werden.<\/p>\n<p>Wir differenzieren zwischen zwei Arten aktiver F\u00fcllungen, aktive Kohle und impr\u00e4gnierte aktive Kohle. Die aktive Kohle verf\u00fcgt \u00fcber eine spezifische Oberfl\u00e4che, von welcher die sch\u00e4dlichen Chemikalien absorbiert werden. Bei der impr\u00e4gnierten Kohle werden die sch\u00e4dlichen Chemikalien neutralisiert. Ein Luftbef\u00fcller entfernt den Schwefelwasserstoff, merckaptale Thiole sowie sonstige Substanzen, die w\u00e4hrend der Zersetzung kommunaler Wasserabf\u00e4lle entstehen und den unangenehmen Geruch verursachen. Die Geschwindigkeit der Abnutzung der F\u00fcllung h\u00e4ngt von der eintretenden Konzentration der sch\u00e4dlichen Chemikalien sowie des Luftdurchflusses ab, welcher sich nur geringf\u00fcgig reguliert. Nach der Abnutzung der F\u00fcllung, wird diese durch eine neue ersetzt und gesondert entsorgt.<\/p>\n<p>Daraus resultiert eine ges\u00e4uberte Luft ohne Geruchsbelastung.<\/p>\n<p><span style=\"color: #0088ff;\"><strong>Montage:<\/strong><\/span><\/p>\n<p>Die Filter sind freistehend und m\u00fcssen auf eine Betonplatte mit ausreichender Gr\u00f6\u00dfe platziert werden. Aufgrund der Wartung und des notwendigen ist es erforderlich, den Filter an einem zug\u00e4nglichen Ort zu montieren.<\/p>\n<p>&nbsp;<\/p>\n<p><span style=\"color: #0088ff;\"><strong>Tehnische Daten:<\/strong><\/span><\/p>\n<p>1. Geh\u00e4use<br \/>\n2. Gitter<br \/>\n3. Plastikringe<br \/>\n4. Textilfilter<br \/>\n5. F\u00fcller 1<br \/>\n6. F\u00fcller 2<br \/>\n7. Ventilator<\/p>\n<table id=\"tabela\">\n<tbody>\n<tr>\n<th>model<\/th>\n<th>maksimalni protok (m3\/h)<\/th>\n<th>promjer D(mm)<\/th>\n<th>visina filtra H(mm)<\/th>\n<th>koli\u010dina punila (kg)<\/th>\n<\/tr>\n<tr>\n<td>AIRREG 20<\/td>\n<td>20<\/td>\n<td>300<\/td>\n<td>450<\/td>\n<td>10<\/td>\n<\/tr>\n<tr class=\"alt\">\n<td>AIRREG 50<\/td>\n<td>50<\/td>\n<td>400<\/td>\n<td>500<\/td>\n<td>25<\/td>\n<\/tr>\n<tr>\n<td>AIRREG 100<\/td>\n<td>100<\/td>\n<td>500<\/td>\n<td>800<\/td>\n<td>50<\/td>\n<\/tr>\n<tr class=\"alt\">\n<td>AIRREG 200<\/td>\n<td>200<\/td>\n<td>600<\/td>\n<td>1100<\/td>\n<td>100<\/td>\n<\/tr>\n<tr>\n<td>AIRREG 400<\/td>\n<td>400<\/td>\n<td>800<\/td>\n<td>1200<\/td>\n<td>200<\/td>\n<\/tr>\n<tr class=\"alt\">\n<td>AIRREG 800<\/td>\n<td>800<\/td>\n<td>1000<\/td>\n<td>1400<\/td>\n<td>380<\/td>\n<\/tr>\n<tr>\n<td>AIRREG 1000<\/td>\n<td>1000<\/td>\n<td>1000<\/td>\n<td>1800<\/td>\n<td>480<\/td>\n<\/tr>\n<\/tbody>\n<\/table>\n","protected":false},"excerpt":{"rendered":"<p>AIRREG &#8211; BIOFILTER ZUR REINIGUNG DER LUFT Luftreinigungsfilter werden als Standardzusatz von biologischen Anlagen zur Abwasserkl\u00e4rung eingesetzt. Biologische Anlagen funktionieren in folgenden F\u00e4llen optimal: wenn sich in den Anlagen die aeroben Prozesse abspielen (wo sich im Wasser genug Sauerstoff befindet),<\/p>\n","protected":false},"author":1,"featured_media":1559,"parent":0,"menu_order":0,"comment_status":"closed","ping_status":"closed","template":"","meta":{"footnotes":""},"translation":{"provider":"WPGlobus","version":"2.12.2","language":"de","enabled_languages":["bs","en","de"],"languages":{"bs":{"title":true,"content":true,"excerpt":false},"en":{"title":true,"content":false,"excerpt":false},"de":{"title":true,"content":true,"excerpt":false}}},"acf":[],"_links":{"self":[{"href":"https:\/\/regeneracija.ba\/de\/wp-json\/wp\/v2\/pages\/1826"}],"collection":[{"href":"https:\/\/regeneracija.ba\/de\/wp-json\/wp\/v2\/pages"}],"about":[{"href":"https:\/\/regeneracija.ba\/de\/wp-json\/wp\/v2\/types\/page"}],"author":[{"embeddable":true,"href":"https:\/\/regeneracija.ba\/de\/wp-json\/wp\/v2\/users\/1"}],"replies":[{"embeddable":true,"href":"https:\/\/regeneracija.ba\/de\/wp-json\/wp\/v2\/comments?post=1826"}],"version-history":[{"count":13,"href":"https:\/\/regeneracija.ba\/de\/wp-json\/wp\/v2\/pages\/1826\/revisions"}],"predecessor-version":[{"id":2993,"href":"https:\/\/regeneracija.ba\/de\/wp-json\/wp\/v2\/pages\/1826\/revisions\/2993"}],"wp:featuredmedia":[{"embeddable":true,"href":"https:\/\/regeneracija.ba\/de\/wp-json\/wp\/v2\/media\/1559"}],"wp:attachment":[{"href":"https:\/\/regeneracija.ba\/de\/wp-json\/wp\/v2\/media?parent=1826"}],"curies":[{"name":"wp","href":"https:\/\/api.w.org\/{rel}","templated":true}]}}