{"id":1819,"date":"2016-12-06T14:55:37","date_gmt":"2016-12-06T14:55:37","guid":{"rendered":"http:\/\/localhost\/regeneracija\/?page_id=1819"},"modified":"2018-05-30T18:33:05","modified_gmt":"2018-05-30T18:33:05","slug":"smirujuce-okno","status":"publish","type":"page","link":"https:\/\/regeneracija.ba\/de\/smirujuce-okno\/","title":{"rendered":"Mildernder Schacht"},"content":{"rendered":"<!-- meta slider -->\n<div style=\"max-width: falsepx;\" class=\"metaslider metaslider-flex metaslider-1927 ml-slider slider-proizvodi nav-hidden\">\n    \n    <div id=\"metaslider_container_1927\">\n        <div id=\"metaslider_1927\">\n            <ul class=\"slides\">\n                <li style=\"display: block; width: 100%;\" class=\"slide-1928 ms-image\"><img src=\"https:\/\/regeneracija.ba\/wp-content\/uploads\/2016\/12\/smirujuce-okno-0x0.jpg\" alt=\"\" class=\"slider-1927 slide-1928\" \/><\/li>\n            <\/ul>\n        <\/div>\n        \n    <\/div>\n    <script type=\"text\/javascript\">\n        var metaslider_1927 = function($) {\n            $('#metaslider_1927').addClass('flexslider'); \/\/ theme\/plugin conflict avoidance\n            $('#metaslider_1927').flexslider({ \n                slideshowSpeed:3000,\n                animation:\"fade\",\n                controlNav:false,\n                directionNav:true,\n                pauseOnHover:true,\n                direction:\"horizontal\",\n                reverse:false,\n                animationSpeed:600,\n                prevText:\"&lt;\",\n                nextText:\"&gt;\",\n                slideshow:true\n            });\n        };\n        var timer_metaslider_1927 = function() {\n            var slider = !window.jQuery ? window.setTimeout(timer_metaslider_1927, 100) : !jQuery.isReady ? window.setTimeout(timer_metaslider_1927, 1) : metaslider_1927(window.jQuery);\n        };\n        timer_metaslider_1927();\n    <\/script>\n<\/div>\n<!--\/\/ meta slider-->\n<p><span style=\"color: #008dff;\"><strong>Verwendung:<\/strong><\/span><\/p>\n<p>Mildernde Sch\u00e4chte werden in Abwasser-Systemen verwendet, um die Flie\u00dfgeschwindigkeit des Abwassers durch die Rohrleitung zu reduzieren. Die Verringerung der Flie\u00dfgeschwindigkeit des Abwassers wird durch eine seitliche Einleitung und einem dadurch verbundenen, kreisf\u00f6rmigen Abwasserfluss hervorgerufen. Anschlie\u00dfend flie\u00dft das Abwasser durch das Ausgangsrohr.<\/p>\n<p>Diese Sch\u00e4chte werden f\u00fcr die Schwerkraftableitung von Wasser aus Wohnh\u00e4usern, f\u00fcr Niederschlagwasser und Abwasser aus Industriewerken verwendet. Mildernde Sch\u00e4chte erm\u00f6glichen Bel\u00fcftung, Reinigung, Wartung und Zugang zu den Kanalisationsrohren.<\/p>\n<p>Am h\u00e4ufigsten handelt es sich um teilweise montierte runde Sch\u00e4chte, die sich, neben ausgezeichneter Wasserdichte, einem geringem Gewicht, leichter Montage, auch durch g\u00fcnstigen Preis auszeichnen.<\/p>\n<p><span style=\"color: #008dff;\"><strong>Eigenschaften:<\/strong><\/span><\/p>\n<ul>\n<li>Bosnisch-herzegowinisches Produkt<\/li>\n<li>lange Lebensdauer<\/li>\n<li>unempfindlich gegen\u00fcber niedrigen und hohen Temperaturen<\/li>\n<li>hohe statische Tragkraft<\/li>\n<li>Best\u00e4ndigkeit und geringf\u00fcgige Abnutzung<\/li>\n<li>au\u00dferordentlich hohe chemische Best\u00e4ndigkeit<\/li>\n<li>ein breites Produktionsprogramm<\/li>\n<li>industrielle Herstellung<\/li>\n<li>einfache Wartung<\/li>\n<\/ul>\n<p><span style=\"color: #008dff;\"><strong>Funktion:<\/strong><\/span><\/p>\n<p>Die Sch\u00e4chte sind aufrecht eingebaute Rohre, welche an der Unterseite mit der Kanalisation verbunden sind und an dessen Oberseite sich Eintritts\u00f6ffnung inklusive Deckel befindet. Die Rohranschl\u00fcsse am Boden f\u00fchren in den Kanal, der den Wasserstrom leitet und eine Schlammablagerung am Boden des Schachtes verhindert.<\/p>\n<p><span style=\"color: #008dff;\"><strong>Montage:<\/strong><\/span><\/p>\n<p>Mildernde Sch\u00e4chte k\u00f6nnen als befahrbare und nicht befahrbare Sch\u00e4chte eingebaut werden. Beim Einbau von Sch\u00e4chten aus Polymer-Werkstoff gibt es keine Begrenzungen. Auf Gr\u00fcnanlagen und Fl\u00e4chen, die f\u00fcr Fu\u00dfg\u00e4nger und Radfahrer bestimmt sind, werden nicht befahrbare Sch\u00e4chte eingebaut. Das sind Sch\u00e4chte mit geringerer Traglast und einem Deckel mit Betonring.<\/p>\n<p>Sch\u00e4chte f\u00fcr befahrbare Fl\u00e4chen halten eine Achsenbelastung von 600 KN aus (befahrbare Fl\u00e4chen mit Personenkraftwagen und den schwersten Lastkraftwagen), bzw. Sch\u00e4chte f\u00fcr Flugh\u00e4fen bis zu 900 KN. Der Deckel und der Entlastungsring an der Spitze der befahrbaren Sch\u00e4chte \u00fcbertragen die Fahrzeuglast auf das Sch\u00fcttgut, welches sich rund um den Schacht befindet.<\/p>\n","protected":false},"excerpt":{"rendered":"<p>Verwendung: Mildernde Sch\u00e4chte werden in Abwasser-Systemen verwendet, um die Flie\u00dfgeschwindigkeit des Abwassers durch die Rohrleitung zu reduzieren. Die Verringerung der Flie\u00dfgeschwindigkeit des Abwassers wird durch eine seitliche Einleitung und einem dadurch verbundenen, kreisf\u00f6rmigen Abwasserfluss hervorgerufen. Anschlie\u00dfend flie\u00dft das Abwasser durch<\/p>\n","protected":false},"author":1,"featured_media":1559,"parent":0,"menu_order":0,"comment_status":"closed","ping_status":"closed","template":"","meta":{"footnotes":""},"translation":{"provider":"WPGlobus","version":"2.12.2","language":"de","enabled_languages":["bs","en","de"],"languages":{"bs":{"title":true,"content":true,"excerpt":false},"en":{"title":true,"content":true,"excerpt":false},"de":{"title":true,"content":true,"excerpt":false}}},"acf":[],"_links":{"self":[{"href":"https:\/\/regeneracija.ba\/de\/wp-json\/wp\/v2\/pages\/1819"}],"collection":[{"href":"https:\/\/regeneracija.ba\/de\/wp-json\/wp\/v2\/pages"}],"about":[{"href":"https:\/\/regeneracija.ba\/de\/wp-json\/wp\/v2\/types\/page"}],"author":[{"embeddable":true,"href":"https:\/\/regeneracija.ba\/de\/wp-json\/wp\/v2\/users\/1"}],"replies":[{"embeddable":true,"href":"https:\/\/regeneracija.ba\/de\/wp-json\/wp\/v2\/comments?post=1819"}],"version-history":[{"count":12,"href":"https:\/\/regeneracija.ba\/de\/wp-json\/wp\/v2\/pages\/1819\/revisions"}],"predecessor-version":[{"id":3638,"href":"https:\/\/regeneracija.ba\/de\/wp-json\/wp\/v2\/pages\/1819\/revisions\/3638"}],"wp:featuredmedia":[{"embeddable":true,"href":"https:\/\/regeneracija.ba\/de\/wp-json\/wp\/v2\/media\/1559"}],"wp:attachment":[{"href":"https:\/\/regeneracija.ba\/de\/wp-json\/wp\/v2\/media?parent=1819"}],"curies":[{"name":"wp","href":"https:\/\/api.w.org\/{rel}","templated":true}]}}