{"id":1766,"date":"2016-12-04T10:48:31","date_gmt":"2016-12-04T10:48:31","guid":{"rendered":"http:\/\/localhost\/regeneracija\/?page_id=1766"},"modified":"2017-01-30T16:07:43","modified_gmt":"2017-01-30T16:07:43","slug":"odrzavanje-cesta-2","status":"publish","type":"page","link":"https:\/\/regeneracija.ba\/de\/odrzavanje-cesta-2\/","title":{"rendered":"Strassenwartung"},"content":{"rendered":"<p>U novije vrijeme se pojavio novi na\u010din zimskog odr\u017eavanja cesta. Pored dosada\u0161njeg na\u010dina odr\u017eavanja cesta u zimskim uslovima u kombinaciji: Pijesak + so, pojavljuje se i sve je vi\u0161e u upotrebi na\u010din u kombinaciji: Voda + so Za ovu priliku bilo je potrebno osmisliti i dizajnirati ure\u0111aje. U tu svrhu Regeneracija d.o.o. u svom programu ima sljede\u0107e:<\/p>\n<ul>\n<li>Posude za otapanje soli sa vodom,<\/li>\n<li>Posude za skladi\u0161tenje otopine.<\/li>\n<\/ul>\n<p><strong><span style=\"color: #0088ff;\">Odlike ure\u0111aja:<\/span><\/strong><\/p>\n<ul>\n<li>lagan za monta\u017eu,<\/li>\n<li>dug \u017eivotni vijek jer je materijal vrlo izdr\u017eljiv,<\/li>\n<li>neosjetljiv na temperaturne promjene,<\/li>\n<li>visoka stati\u010dka nosivost,<\/li>\n<li>otporan na kemikalije,<\/li>\n<li>vodonepropusan,<\/li>\n<li>svestrano i jednostavno rukovanje.<\/li>\n<\/ul>\n<p><strong><span style=\"color: #0088ff;\">Posude za otapanje soli sa vodom<\/span><\/strong><\/p>\n<p>Spremnik je dizajniran za pripravljanje otopine soli (CaCl2, MgCl2, NaCl), koji se koristi za posipanje po cesti prilikom poledice. Pripremljena otopina se prepumpa u spremnik za otopine ili u kamion za posipanje soli po cesti. So iz spremnika nije za ishranu. Spremnik je izgra\u0111en od poliestera, otpornog na kemikalije i ima mnoge prednosti.<\/p>\n<div class=\"page\" title=\"Page 1\">\n<div class=\"section\">\n<div class=\"layoutArea\">\n<div class=\"column\">\n<p>Tako\u0111er, spremnik za otopinu soli mo\u017ee se koristiti za:<\/p>\n<ul>\n<li>pripremanje slane otopine za posipanje ceste,<\/li>\n<li>pretakanje u kamione za posipanje,<\/li>\n<li>punjenje kamiona za posipanje ceste,<\/li>\n<li>rastapanje slane otopine, \u010dime je omogu\u0107eno kru\u017eno pretakanje otopine.<\/li>\n<\/ul>\n<p><strong><span style=\"color: #0088ff;\">Posude za skladi\u0161tenje otopine<\/span><\/strong><\/p>\n<p>Posuda za skladi\u0161tenje otopine je opremljena s cijevnim sistemom za punjenje, pra\u017enjenje i mije\u0161anje otopine. Otopina se predhodno pripremi u posudi za rastapanje soli a zatim se prepumpa u kamonske cisterne predvi\u0111ene za posipanje ceste. Punjenje i pra\u017enjenje vr\u0161i posebna pumpa, otporna na hemijske utjecaje.<\/p>\n<\/div>\n<\/div>\n<\/div>\n<\/div>\n","protected":false},"excerpt":{"rendered":"<p>U novije vrijeme se pojavio novi na\u010din zimskog odr\u017eavanja cesta. Pored dosada\u0161njeg na\u010dina odr\u017eavanja cesta u zimskim uslovima u kombinaciji: Pijesak + so, pojavljuje se i sve je vi\u0161e u upotrebi na\u010din u kombinaciji: Voda + so Za ovu priliku<\/p>\n","protected":false},"author":1,"featured_media":1559,"parent":0,"menu_order":0,"comment_status":"closed","ping_status":"closed","template":"","meta":{"footnotes":""},"translation":{"provider":"WPGlobus","version":"2.12.2","language":"de","enabled_languages":["bs","en","de"],"languages":{"bs":{"title":true,"content":true,"excerpt":false},"en":{"title":true,"content":true,"excerpt":false},"de":{"title":true,"content":false,"excerpt":false}}},"acf":[],"_links":{"self":[{"href":"https:\/\/regeneracija.ba\/de\/wp-json\/wp\/v2\/pages\/1766"}],"collection":[{"href":"https:\/\/regeneracija.ba\/de\/wp-json\/wp\/v2\/pages"}],"about":[{"href":"https:\/\/regeneracija.ba\/de\/wp-json\/wp\/v2\/types\/page"}],"author":[{"embeddable":true,"href":"https:\/\/regeneracija.ba\/de\/wp-json\/wp\/v2\/users\/1"}],"replies":[{"embeddable":true,"href":"https:\/\/regeneracija.ba\/de\/wp-json\/wp\/v2\/comments?post=1766"}],"version-history":[{"count":14,"href":"https:\/\/regeneracija.ba\/de\/wp-json\/wp\/v2\/pages\/1766\/revisions"}],"predecessor-version":[{"id":2775,"href":"https:\/\/regeneracija.ba\/de\/wp-json\/wp\/v2\/pages\/1766\/revisions\/2775"}],"wp:featuredmedia":[{"embeddable":true,"href":"https:\/\/regeneracija.ba\/de\/wp-json\/wp\/v2\/media\/1559"}],"wp:attachment":[{"href":"https:\/\/regeneracija.ba\/de\/wp-json\/wp\/v2\/media?parent=1766"}],"curies":[{"name":"wp","href":"https:\/\/api.w.org\/{rel}","templated":true}]}}