{"id":1764,"date":"2016-12-04T10:47:49","date_gmt":"2016-12-04T10:47:49","guid":{"rendered":"http:\/\/localhost\/regeneracija\/?page_id=1764"},"modified":"2017-01-26T08:44:18","modified_gmt":"2017-01-26T08:44:18","slug":"tretman-zraka","status":"publish","type":"page","link":"https:\/\/regeneracija.ba\/de\/tretman-zraka\/","title":{"rendered":"LUFTAUFBEREITUNG"},"content":{"rendered":"<p>Aufgrund der sich zunehmend versch\u00e4rfenden gesetzlichen Vorschriften \u00fcber die Freisetzung industrieller Abluft wird die Montage von Filteranlagen immer wichtiger.<\/p>\n<p>Mit dem Filter wird die Emission von sch\u00e4dlichen Chemikalien wie beispielsweise fl\u00fcchtige organische Substanzen in die Umwelt verhindert. Die Grenzwerte f\u00fcr die zul\u00e4ssige Schadstoffkonzentration in der Abluft werden durch EU \u2013 Richtlinien festgelegt.<\/p>\n<p>Mit einem Luftreinigungsfilter wird die maximale Konzentration von sch\u00e4dlichen Chemikalien in der Abluft nicht \u00fcberschritten.<\/p>\n","protected":false},"excerpt":{"rendered":"<p>Aufgrund der sich zunehmend versch\u00e4rfenden gesetzlichen Vorschriften \u00fcber die Freisetzung industrieller Abluft wird die Montage von Filteranlagen immer wichtiger. Mit dem Filter wird die Emission von sch\u00e4dlichen Chemikalien wie beispielsweise fl\u00fcchtige organische Substanzen in die Umwelt verhindert. Die Grenzwerte f\u00fcr<\/p>\n","protected":false},"author":1,"featured_media":1559,"parent":0,"menu_order":0,"comment_status":"closed","ping_status":"closed","template":"page-templates\/tretman-zraka.php","meta":{"footnotes":""},"translation":{"provider":"WPGlobus","version":"2.12.2","language":"de","enabled_languages":["bs","en","de"],"languages":{"bs":{"title":true,"content":true,"excerpt":false},"en":{"title":true,"content":true,"excerpt":false},"de":{"title":true,"content":true,"excerpt":false}}},"acf":[],"_links":{"self":[{"href":"https:\/\/regeneracija.ba\/de\/wp-json\/wp\/v2\/pages\/1764"}],"collection":[{"href":"https:\/\/regeneracija.ba\/de\/wp-json\/wp\/v2\/pages"}],"about":[{"href":"https:\/\/regeneracija.ba\/de\/wp-json\/wp\/v2\/types\/page"}],"author":[{"embeddable":true,"href":"https:\/\/regeneracija.ba\/de\/wp-json\/wp\/v2\/users\/1"}],"replies":[{"embeddable":true,"href":"https:\/\/regeneracija.ba\/de\/wp-json\/wp\/v2\/comments?post=1764"}],"version-history":[{"count":7,"href":"https:\/\/regeneracija.ba\/de\/wp-json\/wp\/v2\/pages\/1764\/revisions"}],"predecessor-version":[{"id":4138,"href":"https:\/\/regeneracija.ba\/de\/wp-json\/wp\/v2\/pages\/1764\/revisions\/4138"}],"wp:featuredmedia":[{"embeddable":true,"href":"https:\/\/regeneracija.ba\/de\/wp-json\/wp\/v2\/media\/1559"}],"wp:attachment":[{"href":"https:\/\/regeneracija.ba\/de\/wp-json\/wp\/v2\/media?parent=1764"}],"curies":[{"name":"wp","href":"https:\/\/api.w.org\/{rel}","templated":true}]}}