{"id":1664,"date":"2016-12-02T17:52:44","date_gmt":"2016-12-02T17:52:44","guid":{"rendered":"http:\/\/localhost\/regeneracija\/?page_id=1664"},"modified":"2019-07-23T14:15:55","modified_gmt":"2019-07-23T14:15:55","slug":"generalne-informacije","status":"publish","type":"page","link":"https:\/\/regeneracija.ba\/de\/o-nama\/generalne-informacije\/","title":{"rendered":"Allgemeine Informationen"},"content":{"rendered":"<div class='content-column one_half'><img decoding=\"async\" loading=\"lazy\" class=\"aligncenter size-large wp-image-1699\" src=\"http:\/\/localhost\/regeneracija\/wp-content\/uploads\/2016\/11\/o-nama-tim-1024x655.png\" alt=\"o-nama-tim\" width=\"750\" height=\"480\" srcset=\"https:\/\/regeneracija.ba\/wp-content\/uploads\/2016\/11\/o-nama-tim-1024x655.png 1024w, https:\/\/regeneracija.ba\/wp-content\/uploads\/2016\/11\/o-nama-tim-300x192.png 300w, https:\/\/regeneracija.ba\/wp-content\/uploads\/2016\/11\/o-nama-tim-768x491.png 768w, https:\/\/regeneracija.ba\/wp-content\/uploads\/2016\/11\/o-nama-tim.png 1146w\" sizes=\"(max-width: 750px) 100vw, 750px\" \/><\/p>\n<p><img decoding=\"async\" loading=\"lazy\" class=\"aligncenter size-full wp-image-2286\" src=\"http:\/\/regeneracija.ba\/wp-content\/uploads\/2016\/12\/onama.png\" alt=\"\" width=\"749\" height=\"500\" srcset=\"https:\/\/regeneracija.ba\/wp-content\/uploads\/2016\/12\/onama.png 749w, https:\/\/regeneracija.ba\/wp-content\/uploads\/2016\/12\/onama-300x200.png 300w\" sizes=\"(max-width: 749px) 100vw, 749px\" \/><\/p><\/div>\n<div class='content-column one_half last_column'><div style=\"padding-left:20px;\"><h3>\u00dcBER UNS<\/h3>\n<p>Das Unternehmen &#8220;Regeneration d.o.o.&#8221; Velika Kladu\u0161a wurde im Jahre 2005 gegr\u00fcndet. Die Hauptt\u00e4tigkeit ist die Herstellung und Montage von Reinigungsanlagen f\u00fcr Ab- und Niederschlagswasser sowie die Entwicklung von Wasserleitungssystemen. Aktuell hat das Unternehmen seine Aktivit\u00e4ten auf die Entw\u00e4sserung von Stra\u00dfen und Br\u00fccken erweitert.<\/p>\n<p>Wir besch\u00e4ftigen ein junges und motiviertes 60-k\u00f6pfiges Team, welches die technologischen Verfahren im diesem Bereich beherrscht und Innovationen anwendet. Damit wird eine respektable Produktivit\u00e4t und eine hohe Qualit\u00e4t der angebotenen Produkte und Dienstleistungen erreicht.<\/p>\n<p>Alle Arbeitsprozesse werden nach EN ISO 9001 durchgef\u00fchrt. Dieses System wurde 2008 eingef\u00fchrt und 2012 ratifiziert. Der Schutz und die Verbesserung der Umwelt und der nat\u00fcrlichen Ressourcen wird durch die Anwendung der Qualit\u00e4tsnorm EN ISO 14 001 gew\u00e4hrleistet. Diese wurde als integriertes System f\u00fcr Qualit\u00e4tsmanagement und Umweltschutz 2012 eingef\u00fchrt.<\/p>\n<p>Alle Produkte besitzen bei der Auslieferung und dem Einbau vorgesehene Atteste, Gebrauchs- und Wartungsanweisungen.<\/p>\n<p><span style=\"color: #0088ff;\"><strong>Unsere Referenzen beinalten:<\/strong><\/span><\/p>\n<ul>\n<li><span style=\"color: #0088ff;\">Revisionssch\u00e4chte f\u00fcr Gemeinden<\/span> (Biha\u0107, Gra\u010danica, Te\u0161anj, Jajce, Konjic, Velika Kladu\u0161a, Bosanski Petrovac)<\/li>\n<li><span style=\"color: #0088ff;\">Autobahnen<\/span> (Koridor Vc, Autobahn Doboj-Banja Luka)<\/li>\n<li><span style=\"color: #0088ff;\">Heizkraftwerke<\/span> (Kakanj, Stanari)<\/li>\n<li><span style=\"color: #0088ff;\">Wasserkraftwerke<\/span> (Jablanica, Bo\u010dac)<\/li>\n<li><span style=\"color: #0088ff;\">Bergwerke<\/span> (Banovi\u0107i, Kreka)<\/li>\n<\/ul>\n<p><a href=\"http:\/\/regeneracija.ba\/de\/reference-2\/\">Kilicken Sie hier f\u00fcr weitere Referenzen.<\/a><\/p><\/div><\/div><div class='clear_column'><\/div>\n","protected":false},"excerpt":{"rendered":"","protected":false},"author":1,"featured_media":1558,"parent":1476,"menu_order":0,"comment_status":"closed","ping_status":"closed","template":"page-templates\/o-nama.php","meta":{"footnotes":""},"translation":{"provider":"WPGlobus","version":"2.12.2","language":"de","enabled_languages":["bs","en","de"],"languages":{"bs":{"title":true,"content":true,"excerpt":false},"en":{"title":true,"content":true,"excerpt":false},"de":{"title":true,"content":true,"excerpt":false}}},"acf":[],"_links":{"self":[{"href":"https:\/\/regeneracija.ba\/de\/wp-json\/wp\/v2\/pages\/1664"}],"collection":[{"href":"https:\/\/regeneracija.ba\/de\/wp-json\/wp\/v2\/pages"}],"about":[{"href":"https:\/\/regeneracija.ba\/de\/wp-json\/wp\/v2\/types\/page"}],"author":[{"embeddable":true,"href":"https:\/\/regeneracija.ba\/de\/wp-json\/wp\/v2\/users\/1"}],"replies":[{"embeddable":true,"href":"https:\/\/regeneracija.ba\/de\/wp-json\/wp\/v2\/comments?post=1664"}],"version-history":[{"count":23,"href":"https:\/\/regeneracija.ba\/de\/wp-json\/wp\/v2\/pages\/1664\/revisions"}],"predecessor-version":[{"id":3954,"href":"https:\/\/regeneracija.ba\/de\/wp-json\/wp\/v2\/pages\/1664\/revisions\/3954"}],"up":[{"embeddable":true,"href":"https:\/\/regeneracija.ba\/de\/wp-json\/wp\/v2\/pages\/1476"}],"wp:featuredmedia":[{"embeddable":true,"href":"https:\/\/regeneracija.ba\/de\/wp-json\/wp\/v2\/media\/1558"}],"wp:attachment":[{"href":"https:\/\/regeneracija.ba\/de\/wp-json\/wp\/v2\/media?parent=1664"}],"curies":[{"name":"wp","href":"https:\/\/api.w.org\/{rel}","templated":true}]}}