{"id":1644,"date":"2016-12-02T12:39:27","date_gmt":"2016-12-02T12:39:27","guid":{"rendered":"http:\/\/localhost\/regeneracija\/?page_id=1644"},"modified":"2018-05-30T18:38:26","modified_gmt":"2018-05-30T18:38:26","slug":"kaskadno-okno","status":"publish","type":"page","link":"https:\/\/regeneracija.ba\/de\/proizvodi\/tretman-voda\/okna-i-sahtovi\/kaskadno-okno\/","title":{"rendered":"Kaskadenschacht"},"content":{"rendered":"<p><!-- meta slider -->\n<div style=\"max-width: falsepx;\" class=\"metaslider metaslider-flex metaslider-1790 ml-slider slider-proizvodi nav-hidden\">\n    \n    <div id=\"metaslider_container_1790\">\n        <div id=\"metaslider_1790\">\n            <ul class=\"slides\">\n                <li style=\"display: block; width: 100%;\" class=\"slide-1795 ms-image\"><img src=\"https:\/\/regeneracija.ba\/wp-content\/uploads\/2016\/12\/kaskadno-okno-0x0.jpg\" alt=\"\" class=\"slider-1790 slide-1795\" \/><\/li>\n            <\/ul>\n        <\/div>\n        \n    <\/div>\n    <script type=\"text\/javascript\">\n        var metaslider_1790 = function($) {\n            $('#metaslider_1790').addClass('flexslider'); \/\/ theme\/plugin conflict avoidance\n            $('#metaslider_1790').flexslider({ \n                slideshowSpeed:3000,\n                animation:\"fade\",\n                controlNav:false,\n                directionNav:true,\n                pauseOnHover:true,\n                direction:\"horizontal\",\n                reverse:false,\n                animationSpeed:600,\n                prevText:\"&lt;\",\n                nextText:\"&gt;\",\n                slideshow:true\n            });\n        };\n        var timer_metaslider_1790 = function() {\n            var slider = !window.jQuery ? window.setTimeout(timer_metaslider_1790, 100) : !jQuery.isReady ? window.setTimeout(timer_metaslider_1790, 1) : metaslider_1790(window.jQuery);\n        };\n        timer_metaslider_1790();\n    <\/script>\n<\/div>\n<!--\/\/ meta slider--><br \/>\n<span style=\"color: #008dff;\"><strong>Verwendung:<\/strong><\/span><br \/>\nKaskadensch\u00e4chte werden in Kanalisationssystemen zur Reduktion der Steigung der Rohrleitungen, zur Schwerkraftsableitung von Wasser aus Wohnh\u00e4usern, f\u00fcr Niederschlagwasser und Abw\u00e4ssern aus Industriewerken, verwendet. Die Kaskadensch\u00e4chte erm\u00f6glichen die Bel\u00fcftung, Reinigung und Wartung der Kanalisationsrohre sowie einen Zugang zu diesen. Am h\u00e4ufigsten handelt es sich um teilweise montierte runde Sch\u00e4chte, die sich neben ausgezeichneter Wasserdichte, einem geringem Gewicht, leichter Montage, auch durch einen g\u00fcnstigen Preis auszeichnen.<\/p>\n<p><span style=\"color: #008dff;\"><strong>Eigenschaften:<\/strong><\/span><\/p>\n<ul>\n<li>Bosnisch-herzegowinisches Produkt<\/li>\n<li>unempfindlich gegen\u00fcber niedrigen und hohen Temperaturen<\/li>\n<li>hohe statische Tragkraft<\/li>\n<li>Best\u00e4ndigkeit und geringf\u00fcgige Abnutzung<\/li>\n<li>au\u00dferordentlich hohe chemische Best\u00e4ndigkeit<\/li>\n<li>ein breites Produktionsprogramm<\/li>\n<li>industrielle Herstellung<\/li>\n<li>einfache Wartung<\/li>\n<\/ul>\n<p><span style=\"color: #008dff;\"><strong>Funktion:<\/strong><\/span><\/p>\n<p>Die Sch\u00e4chte sind aufrecht eingebaute Rohre, welche an der Unterseite mit der Kanalisation verbunden sind und an dessen Oberseite sich Eintritts\u00f6ffnung inklusive Deckel befindet. Die Rohranschl\u00fcsse am Boden f\u00fchren in den Kanal, der den Wasserstrom leitet und eine Schlammablagerung am Boden des Schachtes verhindert.<\/p>\n<p><span style=\"color: #008dff;\"><strong>Montage:<\/strong><\/span><\/p>\n<p>Die Kaskadensch\u00e4chte k\u00f6nnen als befahrbare und nicht befahrbare Sch\u00e4chte eingebaut werden. Beim Einbau von Sch\u00e4chten aus Polymer-Werkstoff gibt es keine Begrenzungen. Auf Gr\u00fcnanlagen und Fl\u00e4chen, die f\u00fcr Fu\u00dfg\u00e4nger und Radfahrer bestimmt sind, werden nicht befahrbare Sch\u00e4chte eingebaut. Das sind Sch\u00e4chte mit geringerer Traglast und einem Deckel mit Betonring.<\/p>\n<p>Sch\u00e4chte f\u00fcr befahrbare Fl\u00e4chen halten eine Achsenbelastung von 600 KN aus (befahrbare Fl\u00e4chen mit Personenkraftwagen und den schwersten Lastkraftwagen), bzw. Sch\u00e4chte f\u00fcr Flugh\u00e4fen bis zu 900 KN. Der Deckel und der Entlastungsring an der Spitze der befahrbaren Sch\u00e4chte \u00fcbertragen die Fahrzeuglast auf das Sch\u00fcttgut, welches sich rund um den Schacht befindet.<\/p>\n<p><a href=\"http:\/\/localhost\/regeneracija\/wp-content\/uploads\/2016\/12\/kaskadno-okno.pdf\">Review project<\/a><\/p>\n","protected":false},"excerpt":{"rendered":"<p>Verwendung: Kaskadensch\u00e4chte werden in Kanalisationssystemen zur Reduktion der Steigung der Rohrleitungen, zur Schwerkraftsableitung von Wasser aus Wohnh\u00e4usern, f\u00fcr Niederschlagwasser und Abw\u00e4ssern aus Industriewerken, verwendet. Die Kaskadensch\u00e4chte erm\u00f6glichen die Bel\u00fcftung, Reinigung und Wartung der Kanalisationsrohre sowie einen Zugang zu diesen. Am<\/p>\n","protected":false},"author":1,"featured_media":1559,"parent":1659,"menu_order":0,"comment_status":"closed","ping_status":"closed","template":"","meta":{"footnotes":""},"translation":{"provider":"WPGlobus","version":"2.12.2","language":"de","enabled_languages":["bs","en","de"],"languages":{"bs":{"title":true,"content":true,"excerpt":false},"en":{"title":true,"content":true,"excerpt":false},"de":{"title":true,"content":true,"excerpt":false}}},"acf":[],"_links":{"self":[{"href":"https:\/\/regeneracija.ba\/de\/wp-json\/wp\/v2\/pages\/1644"}],"collection":[{"href":"https:\/\/regeneracija.ba\/de\/wp-json\/wp\/v2\/pages"}],"about":[{"href":"https:\/\/regeneracija.ba\/de\/wp-json\/wp\/v2\/types\/page"}],"author":[{"embeddable":true,"href":"https:\/\/regeneracija.ba\/de\/wp-json\/wp\/v2\/users\/1"}],"replies":[{"embeddable":true,"href":"https:\/\/regeneracija.ba\/de\/wp-json\/wp\/v2\/comments?post=1644"}],"version-history":[{"count":17,"href":"https:\/\/regeneracija.ba\/de\/wp-json\/wp\/v2\/pages\/1644\/revisions"}],"predecessor-version":[{"id":3736,"href":"https:\/\/regeneracija.ba\/de\/wp-json\/wp\/v2\/pages\/1644\/revisions\/3736"}],"up":[{"embeddable":true,"href":"https:\/\/regeneracija.ba\/de\/wp-json\/wp\/v2\/pages\/1659"}],"wp:featuredmedia":[{"embeddable":true,"href":"https:\/\/regeneracija.ba\/de\/wp-json\/wp\/v2\/media\/1559"}],"wp:attachment":[{"href":"https:\/\/regeneracija.ba\/de\/wp-json\/wp\/v2\/media?parent=1644"}],"curies":[{"name":"wp","href":"https:\/\/api.w.org\/{rel}","templated":true}]}}