{"id":1640,"date":"2016-12-02T12:29:15","date_gmt":"2016-12-02T12:29:15","guid":{"rendered":"http:\/\/localhost\/regeneracija\/?page_id=1640"},"modified":"2018-03-20T11:06:30","modified_gmt":"2018-03-20T11:06:30","slug":"bazeni-za-kupanje","status":"publish","type":"page","link":"https:\/\/regeneracija.ba\/de\/bazeni-za-kupanje\/","title":{"rendered":"SCHWIMMBAD"},"content":{"rendered":"<p><span style=\"color: #0088ff;\"><strong>Eingeschaften des Beckens:<\/strong><\/span><\/p>\n<ul>\n<li>Das Schwimmbad wird in einem St\u00fcck aus Polyester\/Vinylester angefertigt.<\/li>\n<li>In der Fertigung wird eine PUR Isolierung 20 mm eingesetzt<\/li>\n<li>Das Becken ist in den Farben blau, wei\u00df und mit Keramikeffekten erh\u00e4ltlich<\/li>\n<li>Die Schwimmb\u00e4der k\u00f6nnen mit oder ohne Rolladenk\u00e4sten geliefert werden<\/li>\n<\/ul>\n<p><span style=\"color: #0088ff;\"><strong>Lieferbare Gr\u00f6\u00dfen:<\/strong><\/span><\/p>\n<ul>\n<li>8,5 x 4 x 1,5 m<\/li>\n<li>9 x 4 x 1,5 m<\/li>\n<li>10 x 4 x 1,5 m<\/li>\n<\/ul>\n<p><span style=\"color: #0088ff;\"><strong>Die Schwimmb\u00e4der werden auf der Eckseite oder in der Lage wie sie eingebaut werden transportiert.<\/strong><\/span><\/p>\n<ul>\n<li>Wenn der Transport auf der Eckseite stattfindet, k\u00f6nnen zwei Schwimmb\u00e4der gleichzeitig transportiert werden.<\/li>\n<li>Wenn die Schwimmb\u00e4der in der Lage wie sie eingebaut werden transportiert werden, k\u00f6nnen mit Hilfe eines speziellen Transportes bis zu sechs Schwimmb\u00e4der transportiert werden.<\/li>\n<\/ul>\n<p><span style=\"color: #0088ff;\"><strong>Wir sind in der Lage, eine vollst\u00e4ndige Ausr\u00fcstung und Montage anzubieten<\/strong><\/span><\/p>\n<p>Bei der Schwimmbadmontage muss ein besonderes Augenmerk auf den Boden gerichtet werden. Es ist notwendig, dass die zu montierenden AB Betonplatten \u00fcber ein doppeltes Q 385 Netz inklusive Armaturen (7mm, positiv und negativ, Betontyp MB830) verf\u00fcgen.<\/p>\n<p>Nachdem das Becken in die Grube gelegt wird, muss die entsprechende Ausstattung angebracht werden (Rohrleitung, Schwimmbadscheinwerfer, Skimmer, D\u00fcsen, Bodenablauf, etc.). Anschlie\u00dfend werden die Seiten des Beckens abwechselnd mit Trockenbeton begossen und Wasser in das Schwimmbecken eingelassen.<\/p>\n","protected":false},"excerpt":{"rendered":"<p>Eingeschaften des Beckens: Das Schwimmbad wird in einem St\u00fcck aus Polyester\/Vinylester angefertigt. In der Fertigung wird eine PUR Isolierung 20 mm eingesetzt Das Becken ist in den Farben blau, wei\u00df und mit Keramikeffekten erh\u00e4ltlich Die Schwimmb\u00e4der k\u00f6nnen mit oder ohne<\/p>\n","protected":false},"author":1,"featured_media":1559,"parent":0,"menu_order":0,"comment_status":"closed","ping_status":"closed","template":"","meta":{"footnotes":""},"translation":{"provider":"WPGlobus","version":"2.12.2","language":"de","enabled_languages":["bs","en","de"],"languages":{"bs":{"title":true,"content":true,"excerpt":false},"en":{"title":true,"content":true,"excerpt":false},"de":{"title":true,"content":true,"excerpt":false}}},"acf":[],"_links":{"self":[{"href":"https:\/\/regeneracija.ba\/de\/wp-json\/wp\/v2\/pages\/1640"}],"collection":[{"href":"https:\/\/regeneracija.ba\/de\/wp-json\/wp\/v2\/pages"}],"about":[{"href":"https:\/\/regeneracija.ba\/de\/wp-json\/wp\/v2\/types\/page"}],"author":[{"embeddable":true,"href":"https:\/\/regeneracija.ba\/de\/wp-json\/wp\/v2\/users\/1"}],"replies":[{"embeddable":true,"href":"https:\/\/regeneracija.ba\/de\/wp-json\/wp\/v2\/comments?post=1640"}],"version-history":[{"count":17,"href":"https:\/\/regeneracija.ba\/de\/wp-json\/wp\/v2\/pages\/1640\/revisions"}],"predecessor-version":[{"id":4129,"href":"https:\/\/regeneracija.ba\/de\/wp-json\/wp\/v2\/pages\/1640\/revisions\/4129"}],"wp:featuredmedia":[{"embeddable":true,"href":"https:\/\/regeneracija.ba\/de\/wp-json\/wp\/v2\/media\/1559"}],"wp:attachment":[{"href":"https:\/\/regeneracija.ba\/de\/wp-json\/wp\/v2\/media?parent=1640"}],"curies":[{"name":"wp","href":"https:\/\/api.w.org\/{rel}","templated":true}]}}