{"id":1638,"date":"2016-12-02T12:29:00","date_gmt":"2016-12-02T12:29:00","guid":{"rendered":"http:\/\/localhost\/regeneracija\/?page_id=1638"},"modified":"2017-01-30T20:00:22","modified_gmt":"2017-01-30T20:00:22","slug":"svjetlosni-otvori","status":"publish","type":"page","link":"https:\/\/regeneracija.ba\/de\/svjetlosni-otvori\/","title":{"rendered":"LICHT\u00d6FFNUNGEN"},"content":{"rendered":"<p><span style=\"color: #0088ff;\"><strong>Unterkonstruktion f\u00fcr Lichtsch\u00e4chte<\/strong><\/span><\/p>\n<p>Naturlicht hat einen positiven Einfluss auf die Gesundheit und die Produktivit\u00e4t der Menschen, deswegen soll sie mehr bei der Beleuchtung geschlossener R\u00e4ume benutzt werden.<\/p>\n<p>F\u00fcr die Raumbeleuchtung durch das Naturlicht stellen wir armierte Unterkonstruktionen aus Polyester\u00a0 f\u00fcr Lichtkuppeln verschiedener Farben und Dimensionen her. Sie sind tauglich f\u00fcr Industriehallen, wo wegen der gr\u00f6\u00dferen Fl\u00e4che mehr Licht gebraucht wird, und auf diese Weise mehr Energie gespart wird.<\/p>\n<p><span style=\"color: #0088ff;\">Charakteristiken:<\/span><\/p>\n<ul>\n<li>Atmosph\u00e4rilien resistent,<\/li>\n<li>UV-Licht resistent,<\/li>\n<li>stabile Struktur des Elementes,<\/li>\n<li>Temperaturschwankungen resistent.<\/li>\n<\/ul>\n","protected":false},"excerpt":{"rendered":"<p>Unterkonstruktion f\u00fcr Lichtsch\u00e4chte Naturlicht hat einen positiven Einfluss auf die Gesundheit und die Produktivit\u00e4t der Menschen, deswegen soll sie mehr bei der Beleuchtung geschlossener R\u00e4ume benutzt werden. F\u00fcr die Raumbeleuchtung durch das Naturlicht stellen wir armierte Unterkonstruktionen aus Polyester\u00a0 f\u00fcr<\/p>\n","protected":false},"author":1,"featured_media":1559,"parent":0,"menu_order":0,"comment_status":"closed","ping_status":"closed","template":"","meta":{"footnotes":""},"translation":{"provider":"WPGlobus","version":"2.12.2","language":"de","enabled_languages":["bs","en","de"],"languages":{"bs":{"title":true,"content":true,"excerpt":false},"en":{"title":true,"content":true,"excerpt":false},"de":{"title":true,"content":true,"excerpt":false}}},"acf":[],"_links":{"self":[{"href":"https:\/\/regeneracija.ba\/de\/wp-json\/wp\/v2\/pages\/1638"}],"collection":[{"href":"https:\/\/regeneracija.ba\/de\/wp-json\/wp\/v2\/pages"}],"about":[{"href":"https:\/\/regeneracija.ba\/de\/wp-json\/wp\/v2\/types\/page"}],"author":[{"embeddable":true,"href":"https:\/\/regeneracija.ba\/de\/wp-json\/wp\/v2\/users\/1"}],"replies":[{"embeddable":true,"href":"https:\/\/regeneracija.ba\/de\/wp-json\/wp\/v2\/comments?post=1638"}],"version-history":[{"count":13,"href":"https:\/\/regeneracija.ba\/de\/wp-json\/wp\/v2\/pages\/1638\/revisions"}],"predecessor-version":[{"id":3640,"href":"https:\/\/regeneracija.ba\/de\/wp-json\/wp\/v2\/pages\/1638\/revisions\/3640"}],"wp:featuredmedia":[{"embeddable":true,"href":"https:\/\/regeneracija.ba\/de\/wp-json\/wp\/v2\/media\/1559"}],"wp:attachment":[{"href":"https:\/\/regeneracija.ba\/de\/wp-json\/wp\/v2\/media?parent=1638"}],"curies":[{"name":"wp","href":"https:\/\/api.w.org\/{rel}","templated":true}]}}