{"id":1636,"date":"2016-12-02T12:28:41","date_gmt":"2016-12-02T12:28:41","guid":{"rendered":"http:\/\/localhost\/regeneracija\/?page_id=1636"},"modified":"2017-01-30T19:36:41","modified_gmt":"2017-01-30T19:36:41","slug":"barke","status":"publish","type":"page","link":"https:\/\/regeneracija.ba\/de\/barke\/","title":{"rendered":"Boote"},"content":{"rendered":"<p><span style=\"color: #0088ff;\"><strong>Boot Didon 440<\/strong><\/span><\/p>\n<p>Anpassungsf\u00e4higes offenes Boot zum Angeln und f\u00fcr Freizeitaktivit\u00e4ten. Stellt eine Mischung aus Tradition und modernem Verh\u00e4ltnis Mensch \u2013 Meer dar. Aufgrund seines spezifischen Rumpfes , kann dieses Boot sowohl gleiten als auch langsam fahren.<\/p>\n<p>Dieses Boot ist eines der wenigen Boote seiner Gr\u00f6\u00dfenklasse, welches \u00fcber einen Doppelboden verf\u00fcgt und sich selbst entleeren kann. Mit Hilfe eines in der Mitte des Cockpits gesetzten Abflussrohres kann das gesamte Wasser (z.B. Regenwasser) entweichen.<\/p>\n<p>Durch seinen ausgepr\u00e4gten Kiel und sein flaches Heck verf\u00fcgt das Boot \u00fcber eine hohe Stabilit\u00e4t. Aufgrund seines geschlossenen und verst\u00e4rkten Kiels besteht weiterhin keine Bruchgefahr beim Betreten des Bootes. Dar\u00fcber hinaus wird das Verstauen von notwendiger Angelausr\u00fcstung und sonstigem Equipment erm\u00f6glicht.<\/p>\n<p><span style=\"color: #0088ff;\"><strong>Es stehen zwei Versionen zu Verf\u00fcgung:<\/strong><\/span><\/p>\n<ul>\n<li>Ausf\u00fchrung mit Handsteuerung \u2013 Au\u00dfenmotor<\/li>\n<li>Ausf\u00fchrung mit der Konsole &#8211; Fernbedienung<\/li>\n<\/ul>\n","protected":false},"excerpt":{"rendered":"<p>Boot Didon 440 Anpassungsf\u00e4higes offenes Boot zum Angeln und f\u00fcr Freizeitaktivit\u00e4ten. Stellt eine Mischung aus Tradition und modernem Verh\u00e4ltnis Mensch \u2013 Meer dar. Aufgrund seines spezifischen Rumpfes , kann dieses Boot sowohl gleiten als auch langsam fahren. Dieses Boot ist<\/p>\n","protected":false},"author":1,"featured_media":1559,"parent":0,"menu_order":0,"comment_status":"closed","ping_status":"closed","template":"","meta":{"footnotes":""},"translation":{"provider":"WPGlobus","version":"2.12.2","language":"de","enabled_languages":["bs","en","de"],"languages":{"bs":{"title":true,"content":true,"excerpt":false},"en":{"title":true,"content":true,"excerpt":false},"de":{"title":true,"content":true,"excerpt":false}}},"acf":[],"_links":{"self":[{"href":"https:\/\/regeneracija.ba\/de\/wp-json\/wp\/v2\/pages\/1636"}],"collection":[{"href":"https:\/\/regeneracija.ba\/de\/wp-json\/wp\/v2\/pages"}],"about":[{"href":"https:\/\/regeneracija.ba\/de\/wp-json\/wp\/v2\/types\/page"}],"author":[{"embeddable":true,"href":"https:\/\/regeneracija.ba\/de\/wp-json\/wp\/v2\/users\/1"}],"replies":[{"embeddable":true,"href":"https:\/\/regeneracija.ba\/de\/wp-json\/wp\/v2\/comments?post=1636"}],"version-history":[{"count":13,"href":"https:\/\/regeneracija.ba\/de\/wp-json\/wp\/v2\/pages\/1636\/revisions"}],"predecessor-version":[{"id":4125,"href":"https:\/\/regeneracija.ba\/de\/wp-json\/wp\/v2\/pages\/1636\/revisions\/4125"}],"wp:featuredmedia":[{"embeddable":true,"href":"https:\/\/regeneracija.ba\/de\/wp-json\/wp\/v2\/media\/1559"}],"wp:attachment":[{"href":"https:\/\/regeneracija.ba\/de\/wp-json\/wp\/v2\/media?parent=1636"}],"curies":[{"name":"wp","href":"https:\/\/api.w.org\/{rel}","templated":true}]}}