{"id":1134,"date":"2013-03-15T18:20:05","date_gmt":"2013-03-15T18:20:05","guid":{"rendered":"http:\/\/wptest.io\/demo\/?page_id=1083"},"modified":"2017-01-30T15:32:25","modified_gmt":"2017-01-30T15:32:25","slug":"tretman-voda","status":"publish","type":"page","link":"https:\/\/regeneracija.ba\/de\/proizvodi\/tretman-voda\/","title":{"rendered":"WASSERAUFBEREITUNG"},"content":{"rendered":"<p>Alle Abw\u00e4sser, die durch die Haushalts-, industrielle oder der landwirtschaftliche Nutzung angefallen sind, sollten so in die Kanalisation eingespeist werden, dass kein Schaden f\u00fcr die Umwelt entsteht und der nat\u00fcrliche Kreislauf nicht beeintr\u00e4chtigt wird.<\/p>\n<p>Unbehandlete Abw\u00e4sser haben im Durchschnitt eine h\u00f6here Temperatur. Diese k\u00f6nnen die Grundlage f\u00fcr diverse Umweltverschmutzungen wie bespielsweise die Emission von Chemikalien, Aerosolen, Mikroorganismen und Ger\u00fcchen sein.<\/p>\n<p><span style=\"color: #0088ff;\">Abw\u00e4sser k\u00f6nnen wie folgt unterteilt werden:<\/span><\/p>\n<ul>\n<li>Sanit\u00e4r,<\/li>\n<li>Industrie,<\/li>\n<li>Landwirtschaft,<\/li>\n<li>Atmosph\u00e4re,<\/li>\n<li>Infiltration.<\/li>\n<\/ul>\n<p><span style=\"color: #0088ff;\"><strong>Sanit\u00e4r \u2013 Abw\u00e4sser <\/strong><\/span>die in den Toiletten von Wohn-, \u00f6ffentlichen- und anderen Geb\u00e4uden, durch physiologische Prozesse in fl\u00fcssiger und fester Form entstehen. Dazu z\u00e4hlt auch das Abwasser resultierend aus der Reinigung der R\u00e4ume, der Nahrungszubereitung, dem Abwasch, der Reinigung der Kleidung sowie der K\u00f6rperhygiene.<\/p>\n<p><span style=\"color: #0088ff;\"><strong>Industrie \u2013 Abw\u00e4sser<\/strong><\/span> die in Fabriken und Anlagen nach Wassergebrauch in Produktionsprozessen entstehen, sowie beim Reinigen von anderen Vorrichtungen. Heute gibt es eine Vielzahl von Industrieabw\u00e4ssern, die in Abh\u00e4ngigkeit von der Technologie sowie der Produktion unterteilt werden k\u00f6nnen.<\/p>\n<p><span style=\"color: #0088ff;\"><strong>Landwirtschaft<\/strong> <\/span>&#8211; Zur Wasserverschmutzung durch landwirtschaftliche Aktivit\u00e4ten kommt es, wenn Regenwasser und durch Schneeschmelze verursachtes Wasser durch verunreinigtes Erdreich sickert. Hierdurch werden Chemikalien und N\u00e4hrstoffe in die n\u00e4chstliegenden Seen, Fl\u00fcsse, Feuchtgebiete, K\u00fcstengew\u00e4sser oder in das Grundwasser gesp\u00fclt.<\/p>\n<p><span style=\"color: #0088ff;\"><strong>Atmosph\u00e4re<\/strong><\/span> Dieses Abwasser entsteht durch den Oberfl\u00e4chenabfluss, resultierend aus Niederschl\u00e4gen sowie der Schneeschmelze, aus den Stadtgebieten. Hierzu z\u00e4hlen auch Abw\u00e4sser aus der Reinigung von Stra\u00dfen, B\u00fcrgersteigen etc..<\/p>\n<p>Die Bearbeitung von Abwasser dient der Reduktion von Verschmutzung oder dessen Konzentration. Hierdurch sollen ungew\u00fcnschte Umweltver\u00e4nderungen durch die Einspeisung von ungekl\u00e4rtem Wasser vermieden werden. Die Bearbeitung von Abw\u00e4ssern umfasst somit diverse Verfahren zur Absorbtion von Schwebstoffen, gel\u00f6sten Substanzen und allen Substanzen welche die Eigenschaften des Wassers ver\u00e4ndern.<\/p>\n<p><span style=\"color: #0088ff;\"><strong>Infiltration<\/strong><\/span> \u2013 Grundwasser welches im Kanalisationsnetz durch Rohrverbindungen, Entw\u00e4sserungssysteme und dergleichen zuflie\u00dft. Obgleich es die am wenigsten verunreinigten Abw\u00e4sser sind, k\u00f6nnen sie in gr\u00f6\u00dferen Mengen die biologische Filtration an den Anlagen st\u00f6ren.<\/p>\n","protected":false},"excerpt":{"rendered":"<p>Alle Abw\u00e4sser, die durch die Haushalts-, industrielle oder der landwirtschaftliche Nutzung angefallen sind, sollten so in die Kanalisation eingespeist werden, dass kein Schaden f\u00fcr die Umwelt entsteht und der nat\u00fcrliche Kreislauf nicht beeintr\u00e4chtigt wird. Unbehandlete Abw\u00e4sser haben im Durchschnitt eine<\/p>\n","protected":false},"author":1,"featured_media":1558,"parent":6,"menu_order":0,"comment_status":"closed","ping_status":"closed","template":"page-templates\/tretman-voda.php","meta":{"footnotes":""},"translation":{"provider":"WPGlobus","version":"2.12.2","language":"de","enabled_languages":["bs","en","de"],"languages":{"bs":{"title":true,"content":true,"excerpt":false},"en":{"title":true,"content":true,"excerpt":false},"de":{"title":true,"content":true,"excerpt":false}}},"acf":[],"_links":{"self":[{"href":"https:\/\/regeneracija.ba\/de\/wp-json\/wp\/v2\/pages\/1134"}],"collection":[{"href":"https:\/\/regeneracija.ba\/de\/wp-json\/wp\/v2\/pages"}],"about":[{"href":"https:\/\/regeneracija.ba\/de\/wp-json\/wp\/v2\/types\/page"}],"author":[{"embeddable":true,"href":"https:\/\/regeneracija.ba\/de\/wp-json\/wp\/v2\/users\/1"}],"replies":[{"embeddable":true,"href":"https:\/\/regeneracija.ba\/de\/wp-json\/wp\/v2\/comments?post=1134"}],"version-history":[{"count":14,"href":"https:\/\/regeneracija.ba\/de\/wp-json\/wp\/v2\/pages\/1134\/revisions"}],"predecessor-version":[{"id":4132,"href":"https:\/\/regeneracija.ba\/de\/wp-json\/wp\/v2\/pages\/1134\/revisions\/4132"}],"up":[{"embeddable":true,"href":"https:\/\/regeneracija.ba\/de\/wp-json\/wp\/v2\/pages\/6"}],"wp:featuredmedia":[{"embeddable":true,"href":"https:\/\/regeneracija.ba\/de\/wp-json\/wp\/v2\/media\/1558"}],"wp:attachment":[{"href":"https:\/\/regeneracija.ba\/de\/wp-json\/wp\/v2\/media?parent=1134"}],"curies":[{"name":"wp","href":"https:\/\/api.w.org\/{rel}","templated":true}]}}