{"id":1133,"date":"2016-10-15T18:19:23","date_gmt":"2016-10-15T18:19:23","guid":{"rendered":"http:\/\/wptest.io\/demo\/?page_id=1080"},"modified":"2018-07-19T08:24:56","modified_gmt":"2018-07-19T08:24:56","slug":"reviziono-okno","status":"publish","type":"page","link":"https:\/\/regeneracija.ba\/de\/proizvodi\/tretman-voda\/okna-i-sahtovi\/reviziono-okno\/","title":{"rendered":"Revisionsschacht"},"content":{"rendered":"<p><img decoding=\"async\" loading=\"lazy\" class=\"aligncenter wp-image-3702\" src=\"https:\/\/regeneracija.ba\/wp-content\/uploads\/2016\/10\/reviziono-okno.png\" alt=\"\" width=\"400\" height=\"400\" srcset=\"https:\/\/regeneracija.ba\/wp-content\/uploads\/2016\/10\/reviziono-okno.png 800w, https:\/\/regeneracija.ba\/wp-content\/uploads\/2016\/10\/reviziono-okno-150x150.png 150w, https:\/\/regeneracija.ba\/wp-content\/uploads\/2016\/10\/reviziono-okno-300x300.png 300w, https:\/\/regeneracija.ba\/wp-content\/uploads\/2016\/10\/reviziono-okno-768x768.png 768w, https:\/\/regeneracija.ba\/wp-content\/uploads\/2016\/10\/reviziono-okno-270x270.png 270w, https:\/\/regeneracija.ba\/wp-content\/uploads\/2016\/10\/reviziono-okno-230x230.png 230w\" sizes=\"(max-width: 400px) 100vw, 400px\" \/><\/p>\n<p><strong><span style=\"color: #008dff;\">Verwendung:<\/span><\/strong><br \/>\nDie Sch\u00e4chte werden in Kanalisationssystemen zur Schwerkraftableitung von Abw\u00e4ssern aus Wohnh\u00e4usern, Niederschl\u00e4gen und Abw\u00e4ssern aus Industriewerken verwendet. Die Revisionssch\u00e4chte erm\u00f6glichen die Bel\u00fcftung, Reinigung, Wartung und Zugang zu den Kanalisationsrohren. Am h\u00e4ufigsten handelt es sich um teilweise montierte runde Sch\u00e4chte, die sich neben einer ausgezeichneten Wasserdichte, durch ein geringes Gewicht, einer leichten Montage sowie durch einen g\u00fcnstigen Preis auszeichnen. Im vielf\u00e4ltigen Produktionsprogramm der Firma \u201eRegeneracija\u201c stehen eine gro\u00dfe Anzahl von verschiedenen und besonderen Ausf\u00fchrungen von Revisionsch\u00e4chten zur Verf\u00fcgung.<br \/>\n<strong><span style=\"color: #008dff;\">Eigenschaften:<\/span><\/strong><\/p>\n<ul>\n<li>Bosnisch-herzegowinisches Produkt,<\/li>\n<li>lange Lebensdauer,<\/li>\n<li>unempfindlich gegen\u00fcber niedrigen und hohen Temperaturen,<\/li>\n<li>hohe statische Tragkraft,<\/li>\n<li>Best\u00e4ndigkeit und geringf\u00fcgige Abnutzung,<\/li>\n<li>au\u00dferordentlich hohe chemische Best\u00e4ndigkeit,<\/li>\n<li>ein breites Produktionsprogramm,<\/li>\n<li>industrielle Herstellung,<\/li>\n<li>einfache Wartung.<\/li>\n<\/ul>\n<p><strong><span style=\"color: #008dff;\">Funktion:<\/span><\/strong><br \/>\nDie Sch\u00e4chte sind aufrecht eingebaute Rohre, welche an der Unterseite mit der Kanalisation verbunden sind und an dessen Oberseite sich Eintritts\u00f6ffnung inklusive Deckel befindet. Die Rohranschl\u00fcsse am Boden f\u00fchren in den Kanal, der den Wasserstrom leitet und eine Schlammablagerung am Boden des Schachtes verhindert.<br \/>\n<strong><span style=\"color: #008dff;\">Montage:<\/span><\/strong><br \/>\nDie Revisionssch\u00e4chte k\u00f6nnen als befahrbare und nicht befahrbare Sch\u00e4chte eingebaut werden. Beim Einbau von Sch\u00e4chten aus Polymer-Werkstoff gibt es keine Begrenzungen. Auf Gr\u00fcnanlagen und Fl\u00e4chen, die f\u00fcr Fu\u00dfg\u00e4nger und Radfahrer bestimmt sind, werden nicht befahrbare Sch\u00e4chte eingebaut. Diese Sch\u00e4chte verf\u00fcgen \u00fcber eine geringere Traglast sowie einen Deckel mit Betonring. Sch\u00e4chte f\u00fcr befahrbare Fl\u00e4chen halten eine Achsenbelastung von 600 KN aus (befahrbare Fl\u00e4chen mit Personenkraftwagen und den schwersten Lastkraftwagen), bzw. Sch\u00e4chte f\u00fcr Flugh\u00e4fen bis zu 900 KN. Der Deckel und der Entlastungsring an der Spitze der befahrbaren Sch\u00e4chte \u00fcbertragen die Fahrzeuglast auf das Sch\u00fcttgut, welches sich rund um den Schacht befindet.<br \/>\n<a href=\"http:\/\/localhost\/regeneracija\/wp-content\/uploads\/2016\/10\/revizno-okno.pdf\">Review project<\/a><\/p>\n","protected":false},"excerpt":{"rendered":"<p>Verwendung: Die Sch\u00e4chte werden in Kanalisationssystemen zur Schwerkraftableitung von Abw\u00e4ssern aus Wohnh\u00e4usern, Niederschl\u00e4gen und Abw\u00e4ssern aus Industriewerken verwendet. Die Revisionssch\u00e4chte erm\u00f6glichen die Bel\u00fcftung, Reinigung, Wartung und Zugang zu den Kanalisationsrohren. Am h\u00e4ufigsten handelt es sich um teilweise montierte runde Sch\u00e4chte,<\/p>\n","protected":false},"author":1,"featured_media":1559,"parent":1659,"menu_order":0,"comment_status":"closed","ping_status":"closed","template":"page-templates\/proizvodi.php","meta":{"footnotes":""},"translation":{"provider":"WPGlobus","version":"2.12.2","language":"de","enabled_languages":["bs","en","de"],"languages":{"bs":{"title":true,"content":true,"excerpt":false},"en":{"title":true,"content":true,"excerpt":false},"de":{"title":true,"content":true,"excerpt":false}}},"acf":[],"_links":{"self":[{"href":"https:\/\/regeneracija.ba\/de\/wp-json\/wp\/v2\/pages\/1133"}],"collection":[{"href":"https:\/\/regeneracija.ba\/de\/wp-json\/wp\/v2\/pages"}],"about":[{"href":"https:\/\/regeneracija.ba\/de\/wp-json\/wp\/v2\/types\/page"}],"author":[{"embeddable":true,"href":"https:\/\/regeneracija.ba\/de\/wp-json\/wp\/v2\/users\/1"}],"replies":[{"embeddable":true,"href":"https:\/\/regeneracija.ba\/de\/wp-json\/wp\/v2\/comments?post=1133"}],"version-history":[{"count":35,"href":"https:\/\/regeneracija.ba\/de\/wp-json\/wp\/v2\/pages\/1133\/revisions"}],"predecessor-version":[{"id":3821,"href":"https:\/\/regeneracija.ba\/de\/wp-json\/wp\/v2\/pages\/1133\/revisions\/3821"}],"up":[{"embeddable":true,"href":"https:\/\/regeneracija.ba\/de\/wp-json\/wp\/v2\/pages\/1659"}],"wp:featuredmedia":[{"embeddable":true,"href":"https:\/\/regeneracija.ba\/de\/wp-json\/wp\/v2\/media\/1559"}],"wp:attachment":[{"href":"https:\/\/regeneracija.ba\/de\/wp-json\/wp\/v2\/media?parent=1133"}],"curies":[{"name":"wp","href":"https:\/\/api.w.org\/{rel}","templated":true}]}}